{"id":10892,"date":"2022-06-28T13:33:36","date_gmt":"2022-06-28T11:33:36","guid":{"rendered":"https:\/\/www.vivasalud.be\/?page_id=10892"},"modified":"2024-10-14T15:45:11","modified_gmt":"2024-10-14T13:45:11","slug":"pour-des-conditions-de-travail-saines","status":"publish","type":"page","link":"https:\/\/www.vivasalud.be\/en\/en-action-3\/participez-a-nos-campagnes\/pour-des-conditions-de-travail-saines\/","title":{"rendered":"Pour des conditions de travail saines"},"content":{"rendered":"<div style=\"height:36px\" aria-hidden=\"true\" class=\"wp-block-spacer\"><\/div>\n\n\n\n<h1 class=\"wp-block-heading\">Pour des conditions de travail saines<\/h1>\n\n\n\n<figure class=\"wp-block-image size-full\"><a href=\"https:\/\/www.vivasalud.be\/wp-content\/uploads\/2022\/09\/bandeau-cond-trav-saines-19201080.png\"><img fetchpriority=\"high\" decoding=\"async\" width=\"1920\" height=\"1080\" src=\"https:\/\/www.vivasalud.be\/wp-content\/uploads\/2022\/09\/bandeau-cond-trav-saines-19201080.png\" alt=\"gezonde werkomstandigheden conditions de travail saines\" class=\"wp-image-11202\" srcset=\"https:\/\/www.vivasalud.be\/wp-content\/uploads\/2022\/09\/bandeau-cond-trav-saines-19201080.png 1920w, https:\/\/www.vivasalud.be\/wp-content\/uploads\/2022\/09\/bandeau-cond-trav-saines-19201080-800x450.png 800w, https:\/\/www.vivasalud.be\/wp-content\/uploads\/2022\/09\/bandeau-cond-trav-saines-19201080-768x432.png 768w, https:\/\/www.vivasalud.be\/wp-content\/uploads\/2022\/09\/bandeau-cond-trav-saines-19201080-1536x864.png 1536w, https:\/\/www.vivasalud.be\/wp-content\/uploads\/2022\/09\/bandeau-cond-trav-saines-19201080-400x225.png 400w\" sizes=\"(max-width: 1920px) 100vw, 1920px\" \/><\/a><\/figure>\n\n\n\n<p><strong><strong><strong><strong>Les gens passent une grande partie de leur vie \u00e0 travailler. Les conditions dans lesquelles ils le font ont donc un impact important sur leur sant\u00e9. Le droit \u00e0 la sant\u00e9 ne peut exister sans le droit \u00e0 des conditions de travail saines.<\/strong><\/strong><\/strong><\/strong><\/p>\n\n\n\n<p>Les chiffres de l&rsquo;Organisation internationale du travail montrent qu&rsquo;au moins 1,9 million de personnes meurent chaque ann\u00e9e \u00e0 la suite d&rsquo;accidents du travail ou de maladies professionnelles. En outre, 360 millions d&rsquo;accidents non mortels se produisent chaque ann\u00e9e. Les privatisations, expansions et rachats de grandes entreprises, ainsi que les crises sanitaires exercent une pression croissante sur les conditions de travail, dans les secteurs de la sant\u00e9, de l&rsquo;agriculture et des mines entre autre. Les femmes, la communaut\u00e9 LGBTQ+ et les travailleur\u00b7euse\u00b7s de l&rsquo;\u00e9conomie informelle sont les plus durement touch\u00e9\u00b7e\u00b7s.<\/p>\n\n\n\n<h2 class=\"wp-block-heading\"><strong>Our objectives<\/strong><\/h2>\n\n\n\n<p><strong>C&rsquo;est pourquoi, Viva Salud fait campagne depuis 2022 pour des conditions de travail saines pour toutes et tous <\/strong>: des travailleur\u00b7euse\u00b7s de la sant\u00e9 disposant d&rsquo;\u00e9quipements de protection insuffisants aux Philippines, aux agriculteur\u00b7rice\u00b7s palestinien\u00b7ne\u00b7s contraint\u00b7e\u00b7s de travailler avec des pesticides dangereux en passant par des mineur\u00b7euse\u00b7s congolais\u00b7e\u00b7s exploit\u00e9\u00b7e\u00b7s par de grandes entreprises. La Belgique et l&rsquo;Union europ\u00e9enne sont souvent impliqu\u00e9es. Nous voulons que les autres organisations et r\u00e9seaux int\u00e8grent le droit \u00e0 la sant\u00e9 dans leur lutte pour un travail d\u00e9cent. Ensemble, nous mobilisons les mouvements sociaux et le grand public, influen\u00e7ons les politiques et stimulons le changement.<\/p>\n\n\n\n<h2 class=\"wp-block-heading\"><strong>Our partnerships<\/strong><\/h2>\n\n\n\n<p>En partenariat avec des organisations en Palestine, en RD Congo et aux Philippines, ainsi qu&rsquo;avec divers groupes de travail nationaux, r\u00e9gionaux et internationaux, nous d\u00e9fendons le respect du droit \u00e0 des conditions de travail saines et s\u00fbres dans le monde entier.<\/p>\n\n\n\n<p>Nous faisons notamment campagne pour une r\u00e9glementation stricte concernant l&rsquo;exportation en dehors de l&rsquo;Union europ\u00e9enne de pesticides interdits et pour une loi sur le devoir de vigilance qui oblige les entreprises belges et europ\u00e9ennes \u00e0 respecter les droits humains tout au long de la cha\u00eene de production et \u00e0 d\u00e9dommager leurs violations. Nous associons nos forces \u00e0 celles d&rsquo;autres organisations telles que 11.11.11, <a href=\"https:\/\/www.cncd.be\/\" target=\"_blank\" rel=\"noreferrer noopener\">CNCD-11.11.11<\/a>, <a href=\"https:\/\/www.fian.be\/\" target=\"_blank\" rel=\"noreferrer noopener\">Fian<\/a>, <a href=\"https:\/\/www.sosfaim.be\/\" target=\"_blank\" rel=\"noreferrer noopener\">SOS Faim<\/a>, <a href=\"https:\/\/www.solidagro.be\/fr\/climateherofr\" target=\"_blank\" rel=\"noreferrer noopener\">Goldenrod<\/a>, <a href=\"https:\/\/www.wsm.be\/\" target=\"_blank\" rel=\"noreferrer noopener\">WSM<\/a> and <a href=\"https:\/\/fos.ngo\/fr-fos\/\" target=\"_blank\" rel=\"noreferrer noopener\">FOS<\/a>.<\/p>\n\n\n\n<div style=\"height:36px\" aria-hidden=\"true\" class=\"wp-block-spacer\"><\/div>\n\n\n\n<hr class=\"wp-block-separator has-alpha-channel-opacity\"\/>\n\n\n\n<h2 class=\"wp-block-heading\">See our related campaigns:<\/h2>\n\n\n\n<div class=\"wp-block-media-text alignwide has-media-on-the-right is-stacked-on-mobile is-vertically-aligned-center\" style=\"grid-template-columns:auto 24%\"><div class=\"wp-block-media-text__content\">\n<h3 class=\"wp-block-heading\">Pesticides: banned here, exported there. Deadly everywhere.<\/h3>\n\n\n\n<p>Des pesticides mortels et interdits d\u2019usage en Europe sont export\u00e9s dans les pays \u00e0 faible revenu, o\u00f9 ils d\u00e9truisent la sant\u00e9 des agriculteur\u00b7rice\u00b7s et l\u2019environnement. Comble de l\u2019ironie, ces m\u00eames pesticides se retrouvent dans nos assiettes au travers des aliments que nous importons.<\/p>\n\n\n\n<div class=\"wp-block-buttons is-layout-flex wp-block-buttons-is-layout-flex\">\n<div class=\"wp-block-button\"><a class=\"wp-block-button__link wp-element-button\" href=\"https:\/\/www.vivasalud.be\/fr\/luttons-contre-les-pesticides\/\"><strong>I want to volunteer !<\/strong><\/a><\/div>\n<\/div>\n<\/div><figure class=\"wp-block-media-text__media\"><a href=\"https:\/\/www.vivasalud.be\/fr\/luttons-contre-les-pesticides\/\"><img decoding=\"async\" width=\"1920\" height=\"1920\" src=\"https:\/\/www.vivasalud.be\/wp-content\/uploads\/2022\/10\/Pesticides_Post-carre\u03011-tomate-min-1920x1920.jpg\" alt=\"pesticides \" class=\"wp-image-11825 size-full\" srcset=\"https:\/\/www.vivasalud.be\/wp-content\/uploads\/2022\/10\/Pesticides_Post-carre\u03011-tomate-min.jpg 1920w, https:\/\/www.vivasalud.be\/wp-content\/uploads\/2022\/10\/Pesticides_Post-carre\u03011-tomate-min-800x800.jpg 800w, https:\/\/www.vivasalud.be\/wp-content\/uploads\/2022\/10\/Pesticides_Post-carre\u03011-tomate-min-768x768.jpg 768w, https:\/\/www.vivasalud.be\/wp-content\/uploads\/2022\/10\/Pesticides_Post-carre\u03011-tomate-min-1536x1536.jpg 1536w\" sizes=\"(max-width: 1920px) 100vw, 1920px\" \/><\/a><\/figure><\/div>\n\n\n\n<hr class=\"wp-block-separator has-alpha-channel-opacity\"\/>\n\n\n\n<h2 class=\"wp-block-heading\">Articles et analyses<\/h2>\n\n\n\n<div style=\"height:21px\" aria-hidden=\"true\" class=\"wp-block-spacer\"><\/div>\n\n\n\n\n\n<hr class=\"wp-block-separator has-css-opacity\"\/>\n\n\n\n<div style=\"height:16px\" aria-hidden=\"true\" class=\"wp-block-spacer\"><\/div>\n\n\n\n<p><\/p>","protected":false},"excerpt":{"rendered":"<p>Les gens passent une grande partie de leur vie \u00e0 travailler. Les conditions dans lesquelles ils le font ont donc un impact important sur leur sant\u00e9. Le droit \u00e0 la sant\u00e9 ne peut exister sans le droit \u00e0 des conditions de travail saines.<\/p>","protected":false},"author":15,"featured_media":11202,"parent":2007,"menu_order":2,"comment_status":"closed","ping_status":"closed","template":"","meta":{"_acf_changed":false,"_seopress_robots_primary_cat":"","_seopress_titles_title":"","_seopress_titles_desc":"Partout, des travailleur\u00b7se\u00b7s exercent dans d&#039;indignes conditions : le droit \u00e0 la sant\u00e9 s&#039;aligne \u00e0 des conditions de travail saines.","_seopress_robots_index":"","footnotes":""},"class_list":["post-10892","page","type-page","status-publish","has-post-thumbnail","hentry"],"acf":[],"_links":{"self":[{"href":"https:\/\/www.vivasalud.be\/en\/wp-json\/wp\/v2\/pages\/10892","targetHints":{"allow":["GET"]}}],"collection":[{"href":"https:\/\/www.vivasalud.be\/en\/wp-json\/wp\/v2\/pages"}],"about":[{"href":"https:\/\/www.vivasalud.be\/en\/wp-json\/wp\/v2\/types\/page"}],"author":[{"embeddable":true,"href":"https:\/\/www.vivasalud.be\/en\/wp-json\/wp\/v2\/users\/15"}],"replies":[{"embeddable":true,"href":"https:\/\/www.vivasalud.be\/en\/wp-json\/wp\/v2\/comments?post=10892"}],"version-history":[{"count":0,"href":"https:\/\/www.vivasalud.be\/en\/wp-json\/wp\/v2\/pages\/10892\/revisions"}],"up":[{"embeddable":true,"href":"https:\/\/www.vivasalud.be\/en\/wp-json\/wp\/v2\/pages\/2007"}],"wp:featuredmedia":[{"embeddable":true,"href":"https:\/\/www.vivasalud.be\/en\/wp-json\/wp\/v2\/media\/11202"}],"wp:attachment":[{"href":"https:\/\/www.vivasalud.be\/en\/wp-json\/wp\/v2\/media?parent=10892"}],"curies":[{"name":"wp","href":"https:\/\/api.w.org\/{rel}","templated":true}]}}