{"id":10900,"date":"2022-06-28T13:32:49","date_gmt":"2022-06-28T11:32:49","guid":{"rendered":"https:\/\/www.vivasalud.be\/?page_id=10900"},"modified":"2023-09-18T10:57:24","modified_gmt":"2023-09-18T08:57:24","slug":"social-movements-for-the-right-to-health","status":"publish","type":"page","link":"https:\/\/www.vivasalud.be\/en\/en-action-3\/participez-a-nos-campagnes\/les-mouvements-sociaux-pour-le-droit-a-la-sante\/","title":{"rendered":"Social movements for the right to health"},"content":{"rendered":"<p><\/p>\n\n\n\n<h1 class=\"wp-block-heading\">Social movements for the right to health<\/h1>\n\n\n\n<figure class=\"wp-block-image size-full\"><a href=\"https:\/\/www.vivasalud.be\/wp-content\/uploads\/2022\/09\/bandeau-socmov-19201080.png\"><img fetchpriority=\"high\" decoding=\"async\" width=\"1920\" height=\"1080\" src=\"https:\/\/www.vivasalud.be\/wp-content\/uploads\/2022\/09\/bandeau-socmov-19201080.png\" alt=\"sociale bewegingen social movements\" class=\"wp-image-11205\" srcset=\"https:\/\/www.vivasalud.be\/wp-content\/uploads\/2022\/09\/bandeau-socmov-19201080.png 1920w, https:\/\/www.vivasalud.be\/wp-content\/uploads\/2022\/09\/bandeau-socmov-19201080-800x450.png 800w, https:\/\/www.vivasalud.be\/wp-content\/uploads\/2022\/09\/bandeau-socmov-19201080-768x432.png 768w, https:\/\/www.vivasalud.be\/wp-content\/uploads\/2022\/09\/bandeau-socmov-19201080-1536x864.png 1536w, https:\/\/www.vivasalud.be\/wp-content\/uploads\/2022\/09\/bandeau-socmov-19201080-400x225.png 400w\" sizes=\"(max-width: 1920px) 100vw, 1920px\" \/><\/a><\/figure>\n\n\n\n<p><strong><strong><strong>Social movements are on the front line in defending and promoting the right to health. Their ability to contribute to public debate and take part in decision-making processes depends to a large extent on the openness of the democratic spaces in which they operate. That's why Viva Salud has made this one of its priorities.<\/strong><\/strong><\/strong><\/p>\n\n\n\n<p>The democratic space is under threat worldwide: criminalisation, stigmatisation, defamation, harassment, delegitimisation of social movements and the activists who work in them. According to <a href=\"https:\/\/monitor.civicus.org\/\" target=\"_blank\" rel=\"noreferrer noopener\">Civicus Monitor<\/a>, 9 out of 10 people live in countries where civil liberties are severely restricted. Just over 3% of the world's population live in a country with an open democratic space. In 2021, Belgium's situation has gone from \u201copen\u201d to \u201crestricted\u201d.<\/p>\n\n\n\n<p>Social movements are a major force for change. Everywhere in the world, they are on the front line in defending and promoting the right to health. They act as watchdogs and steer public policies towards greater social justice. Good health and the opening up of democratic spaces, both national and international, are therefore prerequisites for the development of effective and inclusive healthcare systems.<\/p>\n\n\n\n<h2 class=\"wp-block-heading\"><strong>Our objectives<\/strong><\/h2>\n\n\n\n<p>Firstly, we defend the essential role of social movements in promoting the right to health. Together with our partners, supporters and volunteers, we are campaigning to strengthen the influence of social movements in the implementation of public health policies. We are calling for measures to protect social movements so that, within open and transparent democratic spaces, they can contribute to the development of public health systems that are equitable and accessible to all.<\/p>\n\n\n\n<p>Solid networks, mass mobilisation, international solidarity and joint campaigns can make all the difference. We can secure the release of persecuted human rights defenders such as <a href=\"https:\/\/www.vivasalud.be\/fr\/decouvrez-notre-podcast-notatarget\/\">Shatha Odeh<\/a> in Palestine or Dr Naty Castro in the Philippines in 2022.<\/p>\n\n\n\n<h2 class=\"wp-block-heading\"><strong>Our partnerships<\/strong><\/h2>\n\n\n\n<p>With our Filipino, Congolese and Palestinian partners and other organisations such as <a href=\"https:\/\/phmovement.org\/\" target=\"_blank\" rel=\"noreferrer noopener\">People's health Movement<\/a>, the unions, <a href=\"https:\/\/www.intal.be\/\" target=\"_blank\" rel=\"noreferrer noopener\">Intal<\/a>, We are building a global social movement for health. Our aim is to bring together social organisations, social players and committed individuals who share the same values and a desire to work together to defend the right to health.<\/p>\n\n\n\n<p>Finally, through campaigns such as <a href=\"https:\/\/actions.vivasalud.be\/only-fighters-win\" target=\"_blank\" rel=\"noreferrer noopener\">Only Fighters Win<\/a> and our active role in the <a href=\"https:\/\/www.facebook.com\/DefendTheDefendersBelgium\" target=\"_blank\" rel=\"noreferrer noopener\">Defend the defenders<\/a>, We are highlighting the essential role of social movements in the fight for the right to health.<\/p>\n\n\n\n\n\n<div style=\"height:36px\" aria-hidden=\"true\" class=\"wp-block-spacer\"><\/div>\n\n\n\n<h2 class=\"wp-block-heading\">See our related campaigns: <\/h2>\n\n\n\n<div class=\"wp-block-media-text alignwide is-stacked-on-mobile\" style=\"grid-template-columns:24% auto\"><figure class=\"wp-block-media-text__media\"><a href=\"https:\/\/www.vivasalud.be\/fr\/notatarget\/\"><img decoding=\"async\" width=\"1748\" height=\"1358\" src=\"https:\/\/www.vivasalud.be\/wp-content\/uploads\/2022\/09\/NotATarget_2022.png\" alt=\"#NotATarget_2022\" class=\"wp-image-11232 size-full\" srcset=\"https:\/\/www.vivasalud.be\/wp-content\/uploads\/2022\/09\/NotATarget_2022.png 1748w, https:\/\/www.vivasalud.be\/wp-content\/uploads\/2022\/09\/NotATarget_2022-800x622.png 800w, https:\/\/www.vivasalud.be\/wp-content\/uploads\/2022\/09\/NotATarget_2022-768x597.png 768w, https:\/\/www.vivasalud.be\/wp-content\/uploads\/2022\/09\/NotATarget_2022-1536x1193.png 1536w\" sizes=\"(max-width: 1748px) 100vw, 1748px\" \/><\/a><\/figure><div class=\"wp-block-media-text__content\">\n<h3 class=\"wp-block-heading\" style=\"font-size:24px\">#NOTATARTGET : Defending health activists! <\/h3>\n\n\n\n<p>All over the world, health activists, workers\u2e31s, organisations and movements are victims of repression. But our health can only be safe if theirs is. Let's defend them!<\/p>\n\n\n\n<div class=\"wp-block-buttons is-layout-flex wp-block-buttons-is-layout-flex\">\n<div class=\"wp-block-button\"><a class=\"wp-block-button__link wp-element-button\" href=\"https:\/\/www.vivasalud.be\/fr\/notatarget\/\"><strong>I want to volunteer !<\/strong><\/a><\/div>\n<\/div>\n<\/div><\/div>\n\n\n\n<hr class=\"wp-block-separator has-alpha-channel-opacity\"\/>\n\n\n\n<div class=\"wp-block-media-text alignwide has-media-on-the-right is-stacked-on-mobile\" style=\"grid-template-columns:auto 24%\"><div class=\"wp-block-media-text__content\">\n<h3 class=\"wp-block-heading\" style=\"font-size:24px\"><strong>Join Viva Salud in the marathon in Palestine!<\/strong><\/h3>\n\n\n\n<p>On 1 March 2024, Viva Salud will once again be taking part in the Palestine Marathon to draw attention to the deprivation of freedom of movement in Palestine. Come and join us!<\/p>\n\n\n\n<div class=\"wp-block-buttons is-layout-flex wp-block-buttons-is-layout-flex\">\n<div class=\"wp-block-button\"><a class=\"wp-block-button__link wp-element-button\" href=\"https:\/\/www.vivasalud.be\/fr\/marathon-palestine\/\"><strong>I want to volunteer !<\/strong><\/a><\/div>\n<\/div>\n<\/div><figure class=\"wp-block-media-text__media\"><a href=\"https:\/\/www.vivasalud.be\/fr\/notatarget\/\"><img decoding=\"async\" width=\"1920\" height=\"1084\" src=\"https:\/\/www.vivasalud.be\/wp-content\/uploads\/2023\/08\/image00002-e1693490009187.jpeg\" alt=\"palestine\" class=\"wp-image-14704 size-full\" srcset=\"https:\/\/www.vivasalud.be\/wp-content\/uploads\/2023\/08\/image00002-e1693490009187.jpeg 1920w, https:\/\/www.vivasalud.be\/wp-content\/uploads\/2023\/08\/image00002-e1693490009187-800x452.jpeg 800w, https:\/\/www.vivasalud.be\/wp-content\/uploads\/2023\/08\/image00002-e1693490009187-768x434.jpeg 768w, https:\/\/www.vivasalud.be\/wp-content\/uploads\/2023\/08\/image00002-e1693490009187-1536x867.jpeg 1536w, https:\/\/www.vivasalud.be\/wp-content\/uploads\/2023\/08\/image00002-e1693490009187-400x225.jpeg 400w\" sizes=\"(max-width: 1920px) 100vw, 1920px\" \/><\/a><\/figure><\/div>\n\n\n\n<hr class=\"wp-block-separator has-alpha-channel-opacity\"\/>\n\n\n\n<h2 class=\"wp-block-heading\">Our partners<\/h2>\n\n\n\n\n\n<hr class=\"wp-block-separator has-css-opacity\"\/>\n\n\n\n<h2 class=\"wp-block-heading\">Take part<\/h2>\n\n\n\n\n\n<hr class=\"wp-block-separator has-css-opacity\"\/>\n\n\n\n<h2 class=\"wp-block-heading\">Testimonials<\/h2>","protected":false},"excerpt":{"rendered":"<p>Social movements are on the front line in defending and promoting the right to health. Their ability to contribute to public debate and take part in decision-making processes depends to a large extent on the openness of the democratic spaces in which they operate.<\/p>","protected":false},"author":15,"featured_media":11205,"parent":2007,"menu_order":3,"comment_status":"closed","ping_status":"closed","template":"","meta":{"_acf_changed":false,"_seopress_robots_primary_cat":"","_seopress_titles_title":"","_seopress_titles_desc":"La capacit\u00e9 des mouvements sociaux \u00e0 d\u00e9fendre et renforcer le droit \u00e0 la sant\u00e9 d\u00e9pend de l\u2019ouverture des espaces d\u00e9mocratiques.","_seopress_robots_index":"","footnotes":""},"class_list":["post-10900","page","type-page","status-publish","has-post-thumbnail","hentry"],"acf":[],"_links":{"self":[{"href":"https:\/\/www.vivasalud.be\/en\/wp-json\/wp\/v2\/pages\/10900","targetHints":{"allow":["GET"]}}],"collection":[{"href":"https:\/\/www.vivasalud.be\/en\/wp-json\/wp\/v2\/pages"}],"about":[{"href":"https:\/\/www.vivasalud.be\/en\/wp-json\/wp\/v2\/types\/page"}],"author":[{"embeddable":true,"href":"https:\/\/www.vivasalud.be\/en\/wp-json\/wp\/v2\/users\/15"}],"replies":[{"embeddable":true,"href":"https:\/\/www.vivasalud.be\/en\/wp-json\/wp\/v2\/comments?post=10900"}],"version-history":[{"count":0,"href":"https:\/\/www.vivasalud.be\/en\/wp-json\/wp\/v2\/pages\/10900\/revisions"}],"up":[{"embeddable":true,"href":"https:\/\/www.vivasalud.be\/en\/wp-json\/wp\/v2\/pages\/2007"}],"wp:featuredmedia":[{"embeddable":true,"href":"https:\/\/www.vivasalud.be\/en\/wp-json\/wp\/v2\/media\/11205"}],"wp:attachment":[{"href":"https:\/\/www.vivasalud.be\/en\/wp-json\/wp\/v2\/media?parent=10900"}],"curies":[{"name":"wp","href":"https:\/\/api.w.org\/{rel}","templated":true}]}}