{"id":11738,"date":"2022-09-28T16:39:34","date_gmt":"2022-09-28T14:39:34","guid":{"rendered":"https:\/\/www.vivasalud.be\/?page_id=11738"},"modified":"2025-11-26T14:54:49","modified_gmt":"2025-11-26T14:54:49","slug":"fight-against-pesticides","status":"publish","type":"page","link":"https:\/\/www.vivasalud.be\/en\/luttons-contre-les-pesticides\/","title":{"rendered":"Pesticides: banned here, exported there, deadly everywhere."},"content":{"rendered":"\n<p><strong>Campagne de 2022 &#8211; 2025<\/strong><br><br><strong><em>Update : la campagne s&rsquo;est sold\u00e9e par une victoire en mai 2025. Consulter <a href=\"https:\/\/www.cncd.be\/Pesticides-interdits-la-Belgique\">l&rsquo;article du CNCD<\/a> pour en savoir plus.<\/em><\/strong><\/p>\n\n\n\n<hr class=\"wp-block-separator has-alpha-channel-opacity\"\/>\n\n\n\n<p><strong>Des pesticides mortels et interdits d\u2019usage en Europe sont export\u00e9s dans les pays \u00e0 faible revenu, o\u00f9 ils d\u00e9truisent la sant\u00e9 des agriculteur\u00b7rices et l\u2019environnement. Comble de l\u2019ironie, ces m\u00eames pesticides se retrouvent dans nos assiettes au travers des aliments que nous importons<\/strong><\/p>\n\n\n\n<div class=\"wp-block-columns is-layout-flex wp-container-core-columns-is-layout-28f84493 wp-block-columns-is-layout-flex\">\n<div class=\"wp-block-column is-layout-flow wp-block-column-is-layout-flow\"><\/div>\n<\/div>\n\n\n\n<div class=\"wp-block-columns is-layout-flex wp-container-core-columns-is-layout-28f84493 wp-block-columns-is-layout-flex\">\n<div class=\"wp-block-column is-layout-flow wp-block-column-is-layout-flow\" style=\"flex-basis:100%\">\n<div class=\"wp-block-columns is-layout-flex wp-container-core-columns-is-layout-28f84493 wp-block-columns-is-layout-flex\">\n<div class=\"wp-block-column is-layout-flow wp-block-column-is-layout-flow\" style=\"flex-basis:25%\"><\/div>\n\n\n\n<div class=\"wp-block-column is-layout-flow wp-block-column-is-layout-flow\" style=\"flex-basis:50%\">\n<figure class=\"wp-block-embed is-type-video is-provider-youtube wp-block-embed-youtube wp-embed-aspect-16-9 wp-has-aspect-ratio\"><div class=\"wp-block-embed__wrapper\">\n<iframe title=\"Pesticides : interdits ici, export\u00e9s l\u00e0-bas. Mortels partout.\" width=\"800\" height=\"450\" src=\"https:\/\/www.youtube.com\/embed\/OHTT-ORsEUc?feature=oembed\" frameborder=\"0\" allow=\"accelerometer; autoplay; clipboard-write; encrypted-media; gyroscope; picture-in-picture; web-share\" referrerpolicy=\"strict-origin-when-cross-origin\" allowfullscreen><\/iframe>\n<\/div><\/figure>\n<\/div>\n\n\n\n<div class=\"wp-block-column is-layout-flow wp-block-column-is-layout-flow\" style=\"flex-basis:25%\"><\/div>\n<\/div>\n<\/div>\n<\/div>\n\n\n\n<h2 class=\"wp-block-heading\">Mobilisons-nous contre ces pesticides ! <\/h2>\n\n\n\n<p>Viva Salud fait partie d&rsquo;une coalition men\u00e9e par <a href=\"https:\/\/www.sosfaim.be\/\" target=\"_blank\" rel=\"noreferrer noopener\">SOS Faim<\/a> pour mettre fin \u00e0 l&rsquo;exportation de pesticides interdits.<\/p>\n\n\n\n<p>Mobilisons-nous pour appeler la Belgique \u00e0 interdire ce commerce toxique et immoral en signant et partageant notre p\u00e9tition !<\/p>\n\n\n\n<div class=\"wp-block-buttons is-content-justification-center is-layout-flex wp-container-core-buttons-is-layout-a89b3969 wp-block-buttons-is-layout-flex\">\n<div class=\"wp-block-button is-style-fill\"><a class=\"wp-block-button__link has-vivid-purple-background-color has-background wp-element-button\" href=\"https:\/\/stop-pesticides.be\/\"><strong>SIGNER LA P\u00c9TITION<\/strong><\/a><\/div>\n<\/div>\n\n\n\n<p><strong>Pour tout savoir sur la campagne, <\/strong>c&rsquo;est par <a href=\"https:\/\/stop-pesticides.be\/\" target=\"_blank\" rel=\"noreferrer noopener\">ici<\/a>.<\/p>\n\n\n\n<p><strong>Lisez aussi<\/strong> <a href=\"https:\/\/www.vivasalud.be\/fr\/des-pesticides-et-du-colonialisme\/\">ici<\/a> notre <strong>article <\/strong>sur les pesticides.<\/p>\n\n\n\n<hr class=\"wp-block-separator has-css-opacity is-style-default\"\/>\n\n\n\n<blockquote class=\"wp-block-quote has-text-align-left is-style-large is-style-plain is-layout-flow wp-block-quote-is-layout-flow\">\n<p>\u00ab\u00a0La Belgique agit dans une incoh\u00e9rence totale, car elle autorise des produits qu\u2019elle ne veut plus chez elle. Comble de l\u2019ironie, ces pesticides interdits nous reviennent sous forme de r\u00e9sidus dans l\u2019alimentation que nous importons [&#8230;] <strong>Les agriculteurs et les agricultrices restent les premi\u00e8res victimes des pesticides&nbsp;: maladie de Parkinson, cancers, troubles respiratoires ou cognitifs, perturbation du syst\u00e8me endocrinien\u2026<\/strong>\u00a0\u00bb <\/p>\n<cite>&#8211; <a href=\"https:\/\/stop-pesticides.be\/pourquoi-agir\/\" target=\"_blank\" rel=\"noreferrer noopener\">Campagne SOS Faim<\/a> &#8211;<\/cite><\/blockquote>\n\n\n\n<hr class=\"wp-block-separator has-css-opacity is-style-default\"\/>\n\n\n\n<p><\/p>\n\n\n\n<p><\/p>\n\n\n\n\n\n<hr class=\"wp-block-separator has-css-opacity\"\/>\n","protected":false},"excerpt":{"rendered":"<p>Did you know that in 2020, Belgium was Europe's leading exporter of banned neonicotinoids?<\/p>","protected":false},"author":15,"featured_media":11740,"parent":0,"menu_order":14,"comment_status":"closed","ping_status":"closed","template":"","meta":{"_acf_changed":false,"_seopress_robots_primary_cat":"","_seopress_titles_title":"%%title%% %%page%%","_seopress_titles_desc":"Saviez-vous qu&#039;en 2020, la Belgique \u00e9tait le 1er exportateur europ\u00e9en de n\u00e9onicotino\u00efdes interdits ? Ensemble, luttons contre les pesticides!","_seopress_robots_index":"","footnotes":""},"class_list":["post-11738","page","type-page","status-publish","has-post-thumbnail","hentry"],"acf":[],"_links":{"self":[{"href":"https:\/\/www.vivasalud.be\/en\/wp-json\/wp\/v2\/pages\/11738","targetHints":{"allow":["GET"]}}],"collection":[{"href":"https:\/\/www.vivasalud.be\/en\/wp-json\/wp\/v2\/pages"}],"about":[{"href":"https:\/\/www.vivasalud.be\/en\/wp-json\/wp\/v2\/types\/page"}],"author":[{"embeddable":true,"href":"https:\/\/www.vivasalud.be\/en\/wp-json\/wp\/v2\/users\/15"}],"replies":[{"embeddable":true,"href":"https:\/\/www.vivasalud.be\/en\/wp-json\/wp\/v2\/comments?post=11738"}],"version-history":[{"count":0,"href":"https:\/\/www.vivasalud.be\/en\/wp-json\/wp\/v2\/pages\/11738\/revisions"}],"wp:featuredmedia":[{"embeddable":true,"href":"https:\/\/www.vivasalud.be\/en\/wp-json\/wp\/v2\/media\/11740"}],"wp:attachment":[{"href":"https:\/\/www.vivasalud.be\/en\/wp-json\/wp\/v2\/media?parent=11738"}],"curies":[{"name":"wp","href":"https:\/\/api.w.org\/{rel}","templated":true}]}}