{"id":13449,"date":"2023-05-26T19:06:37","date_gmt":"2023-05-26T17:06:37","guid":{"rendered":"https:\/\/www.vivasalud.be\/?page_id=13449"},"modified":"2024-04-15T15:05:56","modified_gmt":"2024-04-15T13:05:56","slug":"commandez-nos-affiches-de-campagne-prenons-soin-des-soignantes","status":"publish","type":"page","link":"https:\/\/www.vivasalud.be\/en\/soutenez-nous\/commandez-nos-affiches-de-campagne-prenons-soin-des-soignantes\/","title":{"rendered":"Commandez nos affiches de campagne &#8211; Prenons soin des soignant\u00b7e\u00b7s"},"content":{"rendered":"<h2 class=\"wp-block-heading\">COMMANDEZ NOS AFFICHES ET STICKERS POUR SOUTENIR LE PERSONNEL SOIGNANT !<\/h2>\n\n\n\n<figure class=\"wp-block-image size-full\"><a href=\"https:\/\/www.vivasalud.be\/wp-content\/uploads\/2023\/11\/1.jpg\"><img alt=\"\" fetchpriority=\"high\" decoding=\"async\" width=\"1920\" height=\"1275\" src=\"https:\/\/www.vivasalud.be\/wp-content\/uploads\/2023\/11\/1.jpg\" class=\"wp-image-15578\" srcset=\"https:\/\/www.vivasalud.be\/wp-content\/uploads\/2023\/11\/1.jpg 1920w, https:\/\/www.vivasalud.be\/wp-content\/uploads\/2023\/11\/1-800x531.jpg 800w, https:\/\/www.vivasalud.be\/wp-content\/uploads\/2023\/11\/1-768x510.jpg 768w, https:\/\/www.vivasalud.be\/wp-content\/uploads\/2023\/11\/1-1536x1020.jpg 1536w\" sizes=\"(max-width: 1920px) 100vw, 1920px\" \/><\/a><\/figure>\n\n\n\n<p><strong>Tu souhaites soutenir activement le personnel soignant ? <br>Super ! On est ravi\u00b7e de te faire parvenir nos posters et stickers pour faire conna\u00eetre plus largement nos revendications !<\/strong> <em>Malheureusement, <strong>nous restreignons l&rsquo;envoi gratuit \u00e0 la Belgique<\/strong> (mais les affiches et stickers restent disponibles au t\u00e9l\u00e9chargement)<\/em><\/p>\n\n\n\n<div style=\"height:50px\" aria-hidden=\"true\" class=\"wp-block-spacer\"><\/div>\n\n\n\n<div class=\"wp-block-media-text alignwide is-stacked-on-mobile\" style=\"grid-template-columns:32% auto\"><figure class=\"wp-block-media-text__media\"><img alt=\"\" decoding=\"async\" width=\"1920\" height=\"1641\" src=\"https:\/\/www.vivasalud.be\/wp-content\/uploads\/2023\/05\/LeProfitAQuelPrix_Orange-1920x1641.png\" class=\"wp-image-13970 size-full\" srcset=\"https:\/\/www.vivasalud.be\/wp-content\/uploads\/2023\/05\/LeProfitAQuelPrix_Orange-1920x1641.png 1920w, https:\/\/www.vivasalud.be\/wp-content\/uploads\/2023\/05\/LeProfitAQuelPrix_Orange-800x684.png 800w, https:\/\/www.vivasalud.be\/wp-content\/uploads\/2023\/05\/LeProfitAQuelPrix_Orange-768x657.png 768w, https:\/\/www.vivasalud.be\/wp-content\/uploads\/2023\/05\/LeProfitAQuelPrix_Orange-1536x1313.png 1536w, https:\/\/www.vivasalud.be\/wp-content\/uploads\/2023\/05\/LeProfitAQuelPrix_Orange-2048x1751.png 2048w\" sizes=\"(max-width: 1920px) 100vw, 1920px\" \/><\/figure><div class=\"wp-block-media-text__content\">\n<p>During the Covid-19 pandemic, <strong>everyone referred to healthcare workers as heroines.<\/strong> But governments are still not doing enough to increase their salaries, improve their working conditions and strengthen public health services. The lessons of the pandemic have not been learned. Fortunately, healthcare workers are not taking this lying down. Everywhere, <a href=\"https:\/\/www.vivasalud.be\/fr\/participez-a-nos-campagnes\/campagne-prenons-soin-des-soignantes\/\">healthcare workers make their voices heard<\/a>. 2023 has triggered a wave of protests in the health sector. From New York to Kenya, via DR Congo and several European countries.<\/p>\n\n\n\n<div style=\"height:50px\" aria-hidden=\"true\" class=\"wp-block-spacer\"><\/div>\n<\/div><\/div>\n\n\n\n<p class=\"has-text-align-center has-text-color has-medium-font-size\" style=\"color:#da5d04;text-transform:uppercase\"><strong>Retrouve ci-dessous notre mat\u00e9riel de campagne ! <\/strong><br><strong>Pour soutenir la campagne, plusieurs options : <\/strong><\/p>\n\n\n\n<ul class=\"wp-block-list\">\n<li class=\"has-medium-font-size\"><strong>Commandez gratuitement notre mat\u00e9riel de campagne en remplissant le formulaire ci-dessous<\/strong><\/li>\n\n\n\n<li class=\"has-medium-font-size\"><strong><a href=\"https:\/\/issuu.com\/m3m-g3w\/docs\/fr\">T\u00e9l\u00e9chargez nos posters ici<\/a><\/strong> <\/li>\n\n\n\n<li class=\"has-medium-font-size\"><a href=\"https:\/\/issuu.com\/m3m-g3w\/docs\/stickers_bat\"><strong>T\u00e9l\u00e9chargez nos stickers ici<\/strong><\/a><\/li>\n\n\n\n<li class=\"has-medium-font-size\"><strong>Partagez les affiches de campagne chez votre m\u00e9decin, dans les h\u00f4pitaux ou encore les centres socio-culturels pr\u00e8s de chez vous<\/strong> ! <strong>Collez les stickers dans votre ville !<\/strong>*<\/li>\n\n\n\n<li class=\"has-medium-font-size\"><strong>Prenez ensuite en photo votre action et partagez-la sur vos r\u00e9seaux avec le hashtag #prenonssoindessoignants, en nous identifiant sur celle-ci !<\/strong><\/li>\n<\/ul>\n\n\n\n<div style=\"height:50px\" aria-hidden=\"true\" class=\"wp-block-spacer\"><\/div>\n\n\n\n<h2 class=\"wp-block-heading has-text-align-center has-large-font-size\" style=\"text-transform:uppercase\"><strong>les affiches : <\/strong><\/h2>\n\n\n\n<div style=\"height:33px\" aria-hidden=\"true\" class=\"wp-block-spacer\"><\/div>\n\n\n\n<div class=\"wp-block-columns is-layout-flex wp-container-core-columns-is-layout-28f84493 wp-block-columns-is-layout-flex\">\n<div class=\"wp-block-column is-layout-flow wp-block-column-is-layout-flow\">\n<figure class=\"wp-block-image aligncenter size-full is-resized\"><img alt=\"\" decoding=\"async\" src=\"https:\/\/www.vivasalud.be\/wp-content\/uploads\/2023\/11\/fr-2-1.jpg\" class=\"wp-image-15557\" width=\"409\" height=\"581\" srcset=\"https:\/\/www.vivasalud.be\/wp-content\/uploads\/2023\/11\/fr-2-1.jpg 643w, https:\/\/www.vivasalud.be\/wp-content\/uploads\/2023\/11\/fr-2-1-563x800.jpg 563w\" sizes=\"(max-width: 409px) 100vw, 409px\" \/><\/figure>\n<\/div>\n\n\n\n<div class=\"wp-block-column is-layout-flow wp-block-column-is-layout-flow\">\n<figure class=\"wp-block-image aligncenter size-full is-resized\"><img alt=\"\" loading=\"lazy\" decoding=\"async\" src=\"https:\/\/www.vivasalud.be\/wp-content\/uploads\/2023\/11\/fr-1.jpg\" class=\"wp-image-15554\" width=\"408\" height=\"579\" srcset=\"https:\/\/www.vivasalud.be\/wp-content\/uploads\/2023\/11\/fr-1.jpg 645w, https:\/\/www.vivasalud.be\/wp-content\/uploads\/2023\/11\/fr-1-563x800.jpg 563w\" sizes=\"(max-width: 408px) 100vw, 408px\" \/><\/figure>\n<\/div>\n<\/div>\n\n\n\n<div style=\"height:50px\" aria-hidden=\"true\" class=\"wp-block-spacer\"><\/div>\n\n\n\n<h2 class=\"wp-block-heading has-text-align-center has-large-font-size\" style=\"text-transform:uppercase\"><strong> les Stickers : <\/strong><\/h2>\n\n\n\n<div style=\"height:41px\" aria-hidden=\"true\" class=\"wp-block-spacer\"><\/div>\n\n\n\n<div class=\"wp-block-columns is-layout-flex wp-container-core-columns-is-layout-28f84493 wp-block-columns-is-layout-flex\">\n<div class=\"wp-block-column is-layout-flow wp-block-column-is-layout-flow\">\n<figure class=\"wp-block-image aligncenter size-full\"><a href=\"https:\/\/www.vivasalud.be\/wp-content\/uploads\/2023\/05\/2-1.png\"><img alt=\"\" loading=\"lazy\" decoding=\"async\" width=\"1181\" height=\"1181\" src=\"https:\/\/www.vivasalud.be\/wp-content\/uploads\/2023\/05\/2-1.png\" class=\"wp-image-14136\" srcset=\"https:\/\/www.vivasalud.be\/wp-content\/uploads\/2023\/05\/2-1.png 1181w, https:\/\/www.vivasalud.be\/wp-content\/uploads\/2023\/05\/2-1-800x800.png 800w, https:\/\/www.vivasalud.be\/wp-content\/uploads\/2023\/05\/2-1-768x768.png 768w\" sizes=\"(max-width: 1181px) 100vw, 1181px\" \/><\/a><\/figure>\n<\/div>\n\n\n\n<div class=\"wp-block-column is-layout-flow wp-block-column-is-layout-flow\">\n<figure class=\"wp-block-image aligncenter size-full is-resized\"><a href=\"https:\/\/www.vivasalud.be\/wp-content\/uploads\/2023\/05\/Stickers-2-FR.png\"><img alt=\"\" loading=\"lazy\" decoding=\"async\" src=\"https:\/\/www.vivasalud.be\/wp-content\/uploads\/2023\/05\/Stickers-2-FR.png\" class=\"wp-image-13922\" width=\"449\" height=\"449\" srcset=\"https:\/\/www.vivasalud.be\/wp-content\/uploads\/2023\/05\/Stickers-2-FR.png 1181w, https:\/\/www.vivasalud.be\/wp-content\/uploads\/2023\/05\/Stickers-2-FR-800x800.png 800w, https:\/\/www.vivasalud.be\/wp-content\/uploads\/2023\/05\/Stickers-2-FR-768x768.png 768w\" sizes=\"(max-width: 449px) 100vw, 449px\" \/><\/a><\/figure>\n<\/div>\n<\/div>\n\n\n\n<div style=\"height:50px\" aria-hidden=\"true\" class=\"wp-block-spacer\"><\/div>\n\n\n\n<hr class=\"wp-block-separator has-alpha-channel-opacity\"\/>\n\n\n\n<p class=\"has-text-align-right\"><em><strong>*Nos posters ne peuvent \u00eatre affich\u00e9s que dans les endroits autoris\u00e9s.<br><\/strong><\/em><\/p>\n\n\n\n<p><\/p>","protected":false},"excerpt":{"rendered":"<p>Tu souhaites soutenir activement le personnel soignant ?<br \/>\nSuper ! On est ravie de te faire parvenir nos posters et stickers pour faire conna\u00eetre plus largement nos revendications !<\/p>","protected":false},"author":15,"featured_media":13970,"parent":1767,"menu_order":1,"comment_status":"closed","ping_status":"closed","template":"views\/template-margin-top.blade.php","meta":{"_acf_changed":false,"_seopress_robots_primary_cat":"","_seopress_titles_title":"Commandez nos affiches de campagne","_seopress_titles_desc":"Retrouves ci-par ici notre mat\u00e9riel de campagne (affiches et stickers) ! Pour soutenir la campagne, on te propose plusieurs options !","_seopress_robots_index":"","footnotes":""},"class_list":["post-13449","page","type-page","status-publish","has-post-thumbnail","hentry"],"acf":[],"_links":{"self":[{"href":"https:\/\/www.vivasalud.be\/en\/wp-json\/wp\/v2\/pages\/13449","targetHints":{"allow":["GET"]}}],"collection":[{"href":"https:\/\/www.vivasalud.be\/en\/wp-json\/wp\/v2\/pages"}],"about":[{"href":"https:\/\/www.vivasalud.be\/en\/wp-json\/wp\/v2\/types\/page"}],"author":[{"embeddable":true,"href":"https:\/\/www.vivasalud.be\/en\/wp-json\/wp\/v2\/users\/15"}],"replies":[{"embeddable":true,"href":"https:\/\/www.vivasalud.be\/en\/wp-json\/wp\/v2\/comments?post=13449"}],"version-history":[{"count":0,"href":"https:\/\/www.vivasalud.be\/en\/wp-json\/wp\/v2\/pages\/13449\/revisions"}],"up":[{"embeddable":true,"href":"https:\/\/www.vivasalud.be\/en\/wp-json\/wp\/v2\/pages\/1767"}],"wp:featuredmedia":[{"embeddable":true,"href":"https:\/\/www.vivasalud.be\/en\/wp-json\/wp\/v2\/media\/13970"}],"wp:attachment":[{"href":"https:\/\/www.vivasalud.be\/en\/wp-json\/wp\/v2\/media?parent=13449"}],"curies":[{"name":"wp","href":"https:\/\/api.w.org\/{rel}","templated":true}]}}