{"id":15950,"date":"2024-01-15T13:00:35","date_gmt":"2024-01-15T12:00:35","guid":{"rendered":"https:\/\/www.vivasalud.be\/?page_id=15950"},"modified":"2024-04-15T15:07:56","modified_gmt":"2024-04-15T13:07:56","slug":"vlog-documentaire-running-for-freedom-un-marathon-en-palestine","status":"publish","type":"page","link":"https:\/\/www.vivasalud.be\/en\/soutenez-nous\/vlog-documentaire-running-for-freedom-un-marathon-en-palestine\/","title":{"rendered":"[Vlog-documentaire]: Running for Freedom, film d&rsquo;un marathon en Palestine"},"content":{"rendered":"<p><a href=\"https:\/\/www.youtube.com\/@vivasalud7659\"><\/a><\/p>\n\n\n\n<figure class=\"wp-block-gallery has-nested-images columns-default is-cropped wp-block-gallery-1 is-layout-flex wp-block-gallery-is-layout-flex\">\n<figure class=\"wp-block-image size-full\"><a href=\"https:\/\/www.vivasalud.be\/wp-content\/uploads\/2024\/01\/couv.jpeg\"><img alt=\"\" fetchpriority=\"high\" decoding=\"async\" width=\"1280\" height=\"720\" data-id=\"15953\" src=\"https:\/\/www.vivasalud.be\/wp-content\/uploads\/2024\/01\/couv.jpeg\" class=\"wp-image-15953\" srcset=\"https:\/\/www.vivasalud.be\/wp-content\/uploads\/2024\/01\/couv.jpeg 1280w, https:\/\/www.vivasalud.be\/wp-content\/uploads\/2024\/01\/couv-800x450.jpeg 800w, https:\/\/www.vivasalud.be\/wp-content\/uploads\/2024\/01\/couv-768x432.jpeg 768w, https:\/\/www.vivasalud.be\/wp-content\/uploads\/2024\/01\/couv-400x225.jpeg 400w\" sizes=\"(max-width: 1280px) 100vw, 1280px\" \/><\/a><\/figure>\n<\/figure>\n\n\n\n<div style=\"height:45px\" aria-hidden=\"true\" class=\"wp-block-spacer\"><\/div>\n\n\n\n<h2 class=\"wp-block-heading has-text-color\" style=\"color:#d95d04\"><strong>Vlog-documentaire : Running for Freedom, film d\u2019un marathon en Palestine<\/strong><\/h2>\n\n\n\n<p>Quand l&rsquo;\u00e9quipe de coureuses et coureurs de Viva Salud se rend \u00e0 Bethl\u00e9em pour participer au <a href=\"https:\/\/www.palestinemarathon.org\/\" target=\"_blank\" rel=\"noreferrer noopener\">Palestine marathon<\/a>, ils ne savent pas encore qu&rsquo;ils vont faire bien plus qu&rsquo;une course. <\/p>\n\n\n\n<p>Cette ann\u00e9e, en mars 2023,<strong> l&rsquo;une de nos coureuse, bruxelloise et vid\u00e9aste de m\u00e9tier, a eu l&rsquo;id\u00e9e de r\u00e9aliser un Vlog documentaire<\/strong> de ce voyage.<\/p>\n\n\n\n<p>Et le r\u00e9sultat est saisissant ! Nous sommes plong\u00e9\u00b7e\u00b7s au c\u0153ur de l&rsquo;oppression isra\u00e9lienne. A l&rsquo;aide de d\u00e9tours historiques et extraits d&rsquo;\u00e9mission d&rsquo;actualit\u00e9, nous en apprenons beaucoup sur<strong> l&rsquo;oppression des forces arm\u00e9es isra\u00e9liennes.<\/strong> Mais il s&rsquo;agit surtout d&rsquo;<strong>une immersion aupr\u00e8s des Palestinien.ne.s<\/strong> : de Ramallah \u00e0 H\u00e9bron, de Naplouse \u00e0 Bethl\u00e9em, nous d\u00e9couvrons les t\u00e9moignages de membres du personnel soignant en Palestine, de jeunes, de guides locaux, de directeurs\u00b7rices d&rsquo;associations et de chercheurs\u00b7euses palestiniens\u00b7nes.<\/p>\n\n\n\n<figure class=\"wp-block-embed is-type-video is-provider-youtube wp-block-embed-youtube wp-embed-aspect-16-9 wp-has-aspect-ratio\"><div class=\"wp-block-embed__wrapper\">\n<iframe title=\"Running for Freedom - A week of resistance in Palestine FR\/NL\" width=\"800\" height=\"450\" src=\"https:\/\/www.youtube.com\/embed\/szciInmy300?feature=oembed\" frameborder=\"0\" allow=\"accelerometer; autoplay; clipboard-write; encrypted-media; gyroscope; picture-in-picture; web-share\" referrerpolicy=\"strict-origin-when-cross-origin\" allowfullscreen><\/iframe>\n<\/div><\/figure>\n\n\n\n<pre class=\"wp-block-preformatted\" style=\"font-style:normal;font-weight:100\">\n<\/pre>\n\n\n\n<h2 class=\"wp-block-heading has-text-color\" style=\"color:#d95d04\">Organisez une projection avec nous<\/h2>\n\n\n\n<p>Evidemment, ce film fait grandement aux actualit\u00e9s en cours dans la bande Gaza, le documentaire favorise donc la compr\u00e9hension des trag\u00e9dies actuelles.<\/p>\n\n\n\n<p><strong>Vous \u00eates sensibles aux \u00e9v\u00e9nements en Palestine et connaissez un lieu dans lequel projeter ce film ?<\/strong> L&rsquo;\u00e9quipe de coureurs\u00b7euses et de Viva Salud est \u00e0 votre disposition pour organiser des projections partout en Belgique ! Remplissez le formulaire ci-dessous, nous vous recontacterons rapidement !<\/p>\n\n\n\n<div class=\"wp-block-buttons is-content-justification-center is-layout-flex wp-container-core-buttons-is-layout-a89b3969 wp-block-buttons-is-layout-flex\">\n<div class=\"wp-block-button is-style-fill\"><a class=\"wp-block-button__link has-background wp-element-button\" href=\"https:\/\/docs.google.com\/forms\/d\/e\/1FAIpQLSe-P6gMFzW9-BMBevYNJoyXzBqKuLL3RijCmOlCo7Xslo6gMw\/viewform\" style=\"background-color:#d95d04\" target=\"_blank\" rel=\"noreferrer noopener\"><strong>Organiser une projection<\/strong><\/a><\/div>\n<\/div>\n\n\n\n<hr class=\"wp-block-separator has-alpha-channel-opacity\"\/>\n\n\n\n<div class=\"wp-block-media-text alignwide is-stacked-on-mobile has-white-background-color has-background\" style=\"grid-template-columns:25% auto\"><figure class=\"wp-block-media-text__media\"><img alt=\"\" decoding=\"async\" width=\"1353\" height=\"1920\" src=\"https:\/\/www.vivasalud.be\/wp-content\/uploads\/2024\/01\/FR-1.jpg\" class=\"wp-image-15968 size-full\" srcset=\"https:\/\/www.vivasalud.be\/wp-content\/uploads\/2024\/01\/FR-1.jpg 1353w, https:\/\/www.vivasalud.be\/wp-content\/uploads\/2024\/01\/FR-1-564x800.jpg 564w, https:\/\/www.vivasalud.be\/wp-content\/uploads\/2024\/01\/FR-1-768x1090.jpg 768w, https:\/\/www.vivasalud.be\/wp-content\/uploads\/2024\/01\/FR-1-1082x1536.jpg 1082w\" sizes=\"(max-width: 1353px) 100vw, 1353px\" \/><\/figure><div class=\"wp-block-media-text__content\">\n<h2 class=\"wp-block-heading has-black-color has-text-color\"><br>Soutenez les h\u00f4pitaux de Gaza !<\/h2>\n\n\n\n<p>Une r\u00e9colte de fonds d&rsquo;urgence pour soutenir le syst\u00e8me de sant\u00e9 palestinien a \u00e9t\u00e9 lanc\u00e9 \u00e0 l&rsquo;occasion de la guerre \u00e0 Gaza. Vous pouvez<strong> <a href=\"https:\/\/www.facebook.com\/awdaps\" target=\"_blank\" rel=\"noreferrer noopener\">faire un don directement \u00e0 notre partenaire AWDA<\/a><\/strong>, qui g\u00e8re 2 h\u00f4pitaux et 6 centres de sant\u00e9 dans la bande Gaza.<\/p>\n\n\n\n<p class=\"has-small-font-size\"><em>*(Si vous faites un don d&rsquo;au moins 40 euros \u00e0 Viva Salud pendant l&rsquo;ann\u00e9e civile en cours, vous avez le droit \u00e0 une attestation fiscale l&rsquo;ann\u00e9e suivante. Ainsi, pour un don de 40 euros, vous b\u00e9n\u00e9ficierez d&rsquo;un avantage fiscal de 18 euros, ce qui ne vous co\u00fbtera que 22 euros au final).<\/em><\/p>\n\n\n\n<div class=\"wp-block-buttons is-layout-flex wp-block-buttons-is-layout-flex\">\n<div class=\"wp-block-button\"><a class=\"wp-block-button__link wp-element-button\" href=\"https:\/\/vivasalud.koalect.com\/fr-FR\/p\/appel-d-urgence-pour-awda-gaza\/step-1\" target=\"_blank\" rel=\"noreferrer noopener\">Je fais un don<\/a><\/div>\n<\/div>\n<\/div><\/div>\n\n\n\n<p><\/p>\n\n\n\n<hr class=\"wp-block-separator has-alpha-channel-opacity\"\/>\n\n\n\n<h2 class=\"wp-block-heading\"><br><\/h2>\n\n\n\n<p><\/p>","protected":false},"excerpt":{"rendered":"<p>Vous \u00eates sensibles aux \u00e9v\u00e9nements en Palestine et connaissez un lieu en Belgique dans lequel projeter le film Running for Freedom ? <\/p>","protected":false},"author":15,"featured_media":15956,"parent":1767,"menu_order":3,"comment_status":"open","ping_status":"closed","template":"","meta":{"_acf_changed":false,"_seopress_robots_primary_cat":"","_seopress_titles_title":"[Vlog-documentaire]: Running for Freedom","_seopress_titles_desc":"Vous \u00eates sensibles aux \u00e9v\u00e9nements en Palestine et connaissez un lieu en Belgique dans lequel projeter le film Running for Freedom ?","_seopress_robots_index":"","footnotes":""},"class_list":["post-15950","page","type-page","status-publish","has-post-thumbnail","hentry"],"acf":[],"_links":{"self":[{"href":"https:\/\/www.vivasalud.be\/en\/wp-json\/wp\/v2\/pages\/15950","targetHints":{"allow":["GET"]}}],"collection":[{"href":"https:\/\/www.vivasalud.be\/en\/wp-json\/wp\/v2\/pages"}],"about":[{"href":"https:\/\/www.vivasalud.be\/en\/wp-json\/wp\/v2\/types\/page"}],"author":[{"embeddable":true,"href":"https:\/\/www.vivasalud.be\/en\/wp-json\/wp\/v2\/users\/15"}],"replies":[{"embeddable":true,"href":"https:\/\/www.vivasalud.be\/en\/wp-json\/wp\/v2\/comments?post=15950"}],"version-history":[{"count":0,"href":"https:\/\/www.vivasalud.be\/en\/wp-json\/wp\/v2\/pages\/15950\/revisions"}],"up":[{"embeddable":true,"href":"https:\/\/www.vivasalud.be\/en\/wp-json\/wp\/v2\/pages\/1767"}],"wp:featuredmedia":[{"embeddable":true,"href":"https:\/\/www.vivasalud.be\/en\/wp-json\/wp\/v2\/media\/15956"}],"wp:attachment":[{"href":"https:\/\/www.vivasalud.be\/en\/wp-json\/wp\/v2\/media?parent=15950"}],"curies":[{"name":"wp","href":"https:\/\/api.w.org\/{rel}","templated":true}]}}