{"id":1795,"date":"2019-08-14T16:10:29","date_gmt":"2019-08-14T16:10:29","guid":{"rendered":"https:\/\/www.vivasalud.be\/steun\/start-een-inzamelactie\/"},"modified":"2025-09-23T09:00:31","modified_gmt":"2025-09-23T09:00:31","slug":"lancez-une-action-de-recolte-de-fonds","status":"publish","type":"page","link":"https:\/\/www.vivasalud.be\/en\/soutenez-nous\/lancez-une-action-de-recolte-de-fonds\/","title":{"rendered":"Launch a fundraising campaign"},"content":{"rendered":"<h2 class=\"wp-block-heading\"><strong>Transformez vos moments pr\u00e9cieux en actions solidaires&nbsp;<\/strong><\/h2>\n\n\n\n<p>Vous f\u00eatez un anniversaire ? Offrez-vous le plus beau des cadeaux : contribuer \u00e0 la sant\u00e9 pour tous. Un heureux \u00e9v\u00e9nement approche ? Naissance, mariage, d\u00e9part en retraite&#8230; Partagez votre bonheur en multipliant l&rsquo;espoir ailleurs dans le monde. Vous relevez un d\u00e9fi sportif ? Transformez chaque kilom\u00e8tre, chaque effort en geste solidaire pour le droit \u00e0 la sant\u00e9. Votre entourage souhaite vous faire plaisir ? Proposez-leur de faire un don \u00e0 Viva Salud plut\u00f4t qu&rsquo;un cadeau traditionnel.&nbsp;<\/p>\n\n\n\n<h2 class=\"wp-block-heading\"><strong>Mobilisez votre r\u00e9seau en quelques clics&nbsp;<\/strong><\/h2>\n\n\n\n<p>Cr\u00e9ez votre page d&rsquo;action personnalis\u00e9e et touchez facilement vos proches, amis, coll\u00e8gues et connaissances. Notre plateforme intuitive vous permet de :&nbsp;<\/p>\n\n\n\n<ul class=\"wp-block-list\">\n<li>Personnaliser votre message &nbsp;<br>&nbsp;<\/li>\n\n\n\n<li>Suivre l&rsquo;\u00e9volution de votre collecte en temps r\u00e9el &nbsp;<br>&nbsp;<\/li>\n\n\n\n<li>C\u00e9l\u00e9brer chaque don avec votre communaut\u00e9<\/li>\n<\/ul>\n\n\n\n<div class=\"wp-block-buttons is-layout-flex wp-block-buttons-is-layout-flex\">\n<div class=\"wp-block-button is-style-fill\"><a class=\"wp-block-button__link wp-element-button\" href=\"https:\/\/vivasalud.koalect.com\/fr-FR\/accueil\" target=\"_blank\" rel=\"noreferrer noopener\"><strong>&gt; <\/strong><strong>Lancez votre action maintenant <\/strong><\/a><\/div>\n<\/div>\n\n\n\n<h2 class=\"wp-block-heading\"><strong>Deux fa\u00e7ons simples de proc\u00e9der<\/strong>&nbsp;<\/h2>\n\n\n\n<p><em><strong>Option 1<\/strong><\/em> &#8211; Collecte centralis\u00e9e : Rassemblez tous les dons et versez le montant total sur notre compte <strong>BE17 5230 8138 7321 <\/strong>avec la communication \u00ab <em>action pour Viva Salud<\/em> \u00bb.\u00a0<\/p>\n\n\n\n<p><em><strong>Option 2<\/strong><\/em> &#8211; Dons directs : Vos soutiens versent directement sur notre compte ? Pr\u00e9venez-nous ! Nous vous fournirons un code personnalis\u00e9 qu&rsquo;ils devront mentionner. Vous pourrez ainsi suivre pr\u00e9cis\u00e9ment l&rsquo;impact de votre mobilisation.&nbsp;<\/p>\n\n\n\n<h2 class=\"wp-block-heading\"><strong>Nous sommes \u00e0 vos c\u00f4t\u00e9s&nbsp;<\/strong><\/h2>\n\n\n\n<p>Vous avez une id\u00e9e d&rsquo;action ? Partagez-la avec nous ! Notre \u00e9quipe est l\u00e0 pour vous accompagner et vous donner tous les conseils pour maximiser l&rsquo;impact de votre initiative.&nbsp;<\/p>\n\n\n\n<p>Ensemble, transformons votre g\u00e9n\u00e9rosit\u00e9 en changements concrets pour la sant\u00e9 dans le monde.&nbsp;<\/p>\n\n\n\n<p>Contactez-nous pour \u00e9changer sur votre projet &#8211; nous avons h\u00e2te de d\u00e9couvrir votre initiative !&nbsp;<\/p>","protected":false},"excerpt":{"rendered":"<p>Un anniversaire, une naissance, un anniversaire de mariage, un d\u00e9part \u00e0 a pension, la participation \u00e0 un \u00e9v\u00e9nement sportif&#8230; Autant d&rsquo;occasions de demander \u00e0 vos proches, amis, coll\u00e8gues ou connaissances de faire un don \u00e0 Viva Salud.  <\/p>","protected":false},"author":1,"featured_media":16961,"parent":1767,"menu_order":9,"comment_status":"closed","ping_status":"closed","template":"","meta":{"_acf_changed":false,"_seopress_robots_primary_cat":"","_seopress_titles_title":"","_seopress_titles_desc":"","_seopress_robots_index":"","footnotes":""},"class_list":["post-1795","page","type-page","status-publish","has-post-thumbnail","hentry"],"acf":[],"_links":{"self":[{"href":"https:\/\/www.vivasalud.be\/en\/wp-json\/wp\/v2\/pages\/1795","targetHints":{"allow":["GET"]}}],"collection":[{"href":"https:\/\/www.vivasalud.be\/en\/wp-json\/wp\/v2\/pages"}],"about":[{"href":"https:\/\/www.vivasalud.be\/en\/wp-json\/wp\/v2\/types\/page"}],"author":[{"embeddable":true,"href":"https:\/\/www.vivasalud.be\/en\/wp-json\/wp\/v2\/users\/1"}],"replies":[{"embeddable":true,"href":"https:\/\/www.vivasalud.be\/en\/wp-json\/wp\/v2\/comments?post=1795"}],"version-history":[{"count":0,"href":"https:\/\/www.vivasalud.be\/en\/wp-json\/wp\/v2\/pages\/1795\/revisions"}],"up":[{"embeddable":true,"href":"https:\/\/www.vivasalud.be\/en\/wp-json\/wp\/v2\/pages\/1767"}],"wp:featuredmedia":[{"embeddable":true,"href":"https:\/\/www.vivasalud.be\/en\/wp-json\/wp\/v2\/media\/16961"}],"wp:attachment":[{"href":"https:\/\/www.vivasalud.be\/en\/wp-json\/wp\/v2\/media?parent=1795"}],"curies":[{"name":"wp","href":"https:\/\/api.w.org\/{rel}","templated":true}]}}