{"id":1831,"date":"2019-08-14T16:11:07","date_gmt":"2019-08-14T16:11:07","guid":{"rendered":"https:\/\/www.vivasalud.be\/in-actie\/word-vrijwilliger\/"},"modified":"2023-09-20T11:10:43","modified_gmt":"2023-09-20T09:10:43","slug":"become-a-volunteer-2","status":"publish","type":"page","link":"https:\/\/www.vivasalud.be\/en\/en-action-3\/devenez-benevole\/","title":{"rendered":"Become a volunteer"},"content":{"rendered":"\n<p> Viva Salud lutte pour le droit \u00e0 la sant\u00e9 sur le plan mondial. Cette lutte, nous ne pouvons la gagner qu&rsquo;ensemble. Gr\u00e2ce \u00e0 l&rsquo;investissement, au temps et au soutien financier de nombreux sympathisant\u00b7e\u00b7s, nous pouvons soutenir le combat des mouvements sociaux pour le droit \u00e0 la sant\u00e9 et la justice sociale.<\/p>\n\n\n\n<p>\nSi\nvous aussi souhaitez nous aider en tant que b\u00e9n\u00e9vole, sachez qu&rsquo;il\ny a de nombreuses fa\u00e7ons de le faire. Vous pouvez vous investir dans\ndes t\u00e2ches sp\u00e9cifiques ou nous aider en fonction des besoins, sur\nune base r\u00e9guli\u00e8re ou pour une p\u00e9riode d\u00e9termin\u00e9e.<\/p>\n\n\n\n<div class=\"wp-block-button\"><a class=\"wp-block-button__link wp-element-button\" href=\"https:\/\/www.vivasalud.be\/fr\/qui-sommes-nous\/collaborer-avec-nous\/\" target=\"blank\" rel=\"noopener noreferrer\"><strong>&gt; D\u00e9couvrez nos offres de b\u00e9n\u00e9volat <\/strong> <\/a><\/div>\n\n\n\n<p>Si aucune de ces offres ne vous convient, mais que vous avez une proposition concr\u00e8te \u00e0 faire ou un talent \u00e0 mettre en \u0153uvre, merci de nous en informer !  <\/p>\n\n\n\n<h3 class=\"wp-block-heading\"> <strong>Questions concernant le b\u00e9n\u00e9volat aupr\u00e8s de Viva Salud<\/strong><\/h3>\n\n\n<p>[accordeon id=\u00a0\u00bb1841&Prime;]<\/p>\n\n\n\n<h3 class=\"wp-block-heading\">Restez inform\u00e9.e<\/h3>\n\n\n\n<p>Soyez inform\u00e9\u00b7e des activit\u00e9s de b\u00e9n\u00e9volat et rejoignez notre \u00e9quipe de b\u00e9n\u00e9voles sur Facebook : <a href=\"https:\/\/www.facebook.com\/groups\/vivasaludvolunteers\">https:\/\/www.facebook.com\/groups\/vivasaludvolunteers<\/a><\/p>\n","protected":false},"excerpt":{"rendered":"<p> If you would also like to help us as a volunteer, there are many ways to do so.<\/p>","protected":false},"author":1,"featured_media":485,"parent":1786,"menu_order":6,"comment_status":"closed","ping_status":"closed","template":"views\/template-two-columns.blade.php","meta":{"_acf_changed":false,"_seopress_robots_primary_cat":"","_seopress_titles_title":"","_seopress_titles_desc":"Si vous aussi souhaitez nous aider en tant que b\u00e9n\u00e9vole, sachez qu&#039;il y a de nombreuses fa\u00e7ons de le faire.","_seopress_robots_index":"","footnotes":""},"class_list":["post-1831","page","type-page","status-publish","has-post-thumbnail","hentry"],"acf":[],"_links":{"self":[{"href":"https:\/\/www.vivasalud.be\/en\/wp-json\/wp\/v2\/pages\/1831","targetHints":{"allow":["GET"]}}],"collection":[{"href":"https:\/\/www.vivasalud.be\/en\/wp-json\/wp\/v2\/pages"}],"about":[{"href":"https:\/\/www.vivasalud.be\/en\/wp-json\/wp\/v2\/types\/page"}],"author":[{"embeddable":true,"href":"https:\/\/www.vivasalud.be\/en\/wp-json\/wp\/v2\/users\/1"}],"replies":[{"embeddable":true,"href":"https:\/\/www.vivasalud.be\/en\/wp-json\/wp\/v2\/comments?post=1831"}],"version-history":[{"count":0,"href":"https:\/\/www.vivasalud.be\/en\/wp-json\/wp\/v2\/pages\/1831\/revisions"}],"up":[{"embeddable":true,"href":"https:\/\/www.vivasalud.be\/en\/wp-json\/wp\/v2\/pages\/1786"}],"wp:featuredmedia":[{"embeddable":true,"href":"https:\/\/www.vivasalud.be\/en\/wp-json\/wp\/v2\/media\/485"}],"wp:attachment":[{"href":"https:\/\/www.vivasalud.be\/en\/wp-json\/wp\/v2\/media?parent=1831"}],"curies":[{"name":"wp","href":"https:\/\/api.w.org\/{rel}","templated":true}]}}