{"id":18596,"date":"2024-11-20T12:22:19","date_gmt":"2024-11-20T11:22:19","guid":{"rendered":"https:\/\/www.vivasalud.be\/?page_id=18596"},"modified":"2026-01-05T14:51:51","modified_gmt":"2026-01-05T14:51:51","slug":"reporting-complaints","status":"publish","type":"page","link":"https:\/\/www.vivasalud.be\/en\/contact\/signalement-de-plaintes\/","title":{"rendered":"Complaints handling"},"content":{"rendered":"<div class=\"wp-block-group is-layout-constrained wp-block-group-is-layout-constrained\">\n<div style=\"height:30px\" aria-hidden=\"true\" class=\"wp-block-spacer\"><\/div>\n\n\n\n<div style=\"height:40px\" aria-hidden=\"true\" class=\"wp-block-spacer\"><\/div>\n\n\n\n<h2 class=\"wp-block-heading\">Complaints handling<\/h2>\n\n\n\n<p>Viva Salud is a signatory of the <a href=\"https:\/\/www.vivasalud.be\/wp-content\/uploads\/2025\/02\/charter_integriteit_charte_dintegrite.pdf\">NGO integrity charter <\/a><a href=\"https:\/\/www.vivasalud.be\/wp-content\/uploads\/2025\/02\/charter_integriteit_charte_dintegrite.pdf\">launched<\/a> in 2018 by Minister of Development Cooperation Alexander De Croo. By signing this charter, Viva Salud pledges to inform, train and raise the awareness about integrity, to have an integrity advisor anyone can turn to for advice, to have a mechanism for reporting complaints, as well as a <a href=\"http:\/\/chrome-extension:\/efaidnbmnnnibpcajpcglclefindmkaj\/https:\/www.vivasalud.be\/wp-content\/uploads\/2025\/02\/Politique-interne-de-gestion-integrite.pdf\">procedure<\/a> for handling complaints. As a result, Viva Salud has also developed an <a><u>ethical <\/u><\/a><a href=\"https:\/\/www.vivasalud.be\/wp-content\/uploads\/2025\/03\/2025-Ethische-code-Viva-Salud.pdf\">code<\/a>\u00a0 that promotes the integrity of anyone who, directly or indirectly, is involved in the activities of Viva Salud (staff, members of the Board of Directors and the General Assembly, volunteers, partners, etc.).<\/p>\n\n\n\n<p>Should you encounter any form of possible integrity violation, it is possible to report this.<\/p>\n\n\n\n<h2 class=\"wp-block-heading\">Procedure for reporting integrity breaches<\/h2>\n\n\n\n<p>Viva Salud has set up a confidential reporting channel for reporting complaints: <a href=\"mailto:safeguarding@vivasalud.be\">safeguarding<\/a><a href=\"mailto:safeguarding@vivasalud.be\">@<\/a><a href=\"mailto:safeguarding@vivasalud.be\">vivasalud.be<\/a>. Anyone can report any incident or suspicion of a breach of integrity, anonymously or not.<\/p>\n\n\n\n<p><em>Who can report an integrity breach?<\/em><\/p>\n\n\n\n<p>Any person (employee, volunteer, beneficiary or any other external stakeholder) who has witnessed or been subjected to behaviour that violates integrity in the context of an activity related to Viva Salud's work may report the facts or lodge a complaint.<\/p>\n\n\n\n<p><em>Which ty<\/em>pe<em> of acts or behavior mu<\/em>st<em> be reported?<\/em><\/p>\n\n\n\n<p>The reporting system allows to report incidents, actions, behaviors or suspicions that could undermine the integrity of persons or the organization itself and that do not comply with our ethical code or the NGO integrity charter signed by Viva Salud.<\/p>\n\n\n\n<p>Integrity includes aspects related to financial integrity (corruption, fraud, etc.) and aspects related to moral integrity (abuse of power, discrimination, sexual misconduct, abuse and exploitation, etc.). Here is a non-exhaustive list:<\/p>\n\n\n\n<p>Financial integrity :<\/p>\n\n\n\n<ul class=\"wp-block-list\">\n<li>Inappropriate gifts or activities (received or offered)<\/li>\n\n\n\n<li>Acts of corruption, theft, fraud, bribery<\/li>\n\n\n\n<li>Intentional errors in invoices, expenses and fees<\/li>\n<\/ul>\n\n\n\n<p>Moral integrity:<\/p>\n\n\n\n<ul class=\"wp-block-list\">\n<li>Acts of discrimination<\/li>\n\n\n\n<li>Abuse of power, harassment and intimidation<\/li>\n\n\n\n<li>Inappropriate behaviour (sexual harassment, etc.)<\/li>\n\n\n\n<li>Sexual or economic exploitation<\/li>\n\n\n\n<li>Acts of favouritism or injustice<\/li>\n\n\n\n<li>Use of force and threats<\/li>\n<\/ul>\n\n\n\n<p><em>Reporting an incident<\/em><\/p>\n\n\n\n<p>To submit a report, you can email our complaints manager, Marilyse Broers, at <a href=\"mailto:safeguarding@vivasalud.be\">safeguarding<\/a><a href=\"mailto:safeguarding@vivasalud.be\">@<\/a><a href=\"mailto:safeguarding@vivasalud.be\">vivasalud.be<\/a>. If you are still in doubt about filing a complaint, you can always contact our integrity advisor, Geraldine Malaise, at <a href=\"mailto:advice.integrity@vivasalud.be\">advice<\/a><a href=\"mailto:advice.integrity@vivasalud.be\">@<\/a><a href=\"mailto:advice.integrity@vivasalud.be\">integrity.be<\/a>.<br><br>The content of the alert must contain facts, places, dates, any information or other useful documents, whatever their form or medium, as well as contact details. There is no need to add more recipients to your email. The procedure ensures the relevant or competent persons are informed as appropriate.<\/p>\n\n\n\n<p>Any abuse or inappropriate use of the reporting system may result in prosecution.<\/p>\n\n\n\n<p><em>Confidential or anonymous handling<\/em><\/p>\n\n\n\n<p>The name of the person making the declaration is protected and the reporting procedure is carried out in complete confidentiality.<\/p>\n\n\n\n<p>Viva Salud has chosen to accept anonymous notifications. In this case, either you give your name, but ask to remain anonymous. Viva Salud will then respect the anonymity. Or you wish to remain anonymous to everyone. In this case, we invite you to use an email address that does not reveal your identity. We nevertheless ask that this e-mail address remain active for the duration of the procedure so that we can contact you again and process your report properly.<\/p>\n\n\n\n<h2 class=\"wp-block-heading\">Protection of the whistleblower<\/h2>\n\n\n\n<p>It is essential that everyone feels free to use the complaints notification procedure without restriction or fear of reprisal.<\/p>\n\n\n\n<p>When you report an integrity violation, your identity will never be disclosed. Viva Salud is committed to ensuring that you are automatically protected from possible reprisals.<\/p>\n\n\n\n<p>Protection of personal data<\/p>\n\n\n\n<p>Viva Salud aims to comply with the \u201cGeneral Data Protection Regulation\u201d approved by the European Parliament (GDPR 2016\/679) and all applicable laws.<\/p>\n\n\n\n<p>Complaint <em>handling proce<\/em>ss<\/p>\n\n\n\n<ul class=\"wp-block-list\">\n<li>Receipt of the complaint<ul><li>Qualification of the complaint<\/li><\/ul><ul><li>Course of the research<\/li><\/ul><ul><li>Follow-up and closure of the file<\/li><\/ul>\n<ul class=\"wp-block-list\">\n<li>Reporting the results<\/li>\n<\/ul>\n<\/li>\n<\/ul>\n\n\n\n<p>Read our internal integrity policy, which further describes the <a href=\"chrome-extension:\/\/efaidnbmnnnibpcajpcglclefindmkaj\/https:\/www.vivasalud.be\/wp-content\/uploads\/2025\/02\/Politique-interne-de-gestion-integrite.pdf\">procedures<\/a>\u00a0for reporting and handling of complaints.<\/p>\n\n\n\n<p><a id=\"_msocom_1\"><\/a><\/p>\n\n\n\n<p><a id=\"_msocom_1\"><\/a><\/p>\n<\/div>","protected":false},"excerpt":{"rendered":"<p>Viva Salud is a signatory to the NGO Integrity Charter launched in 2018 by the Minister for Development Cooperation, Alexander De Croo. <\/p>","protected":false},"author":15,"featured_media":0,"parent":19473,"menu_order":1,"comment_status":"closed","ping_status":"closed","template":"","meta":{"_acf_changed":false,"_seopress_robots_primary_cat":"","_seopress_titles_title":"","_seopress_titles_desc":"Viva Salud est signataire de la Charte int\u00e9grit\u00e9\u00a0des ONG lanc\u00e9e en 2018 par le Ministre de la Coop\u00e9ration au D\u00e9veloppement.","_seopress_robots_index":"","footnotes":""},"class_list":["post-18596","page","type-page","status-publish","hentry"],"acf":[],"_links":{"self":[{"href":"https:\/\/www.vivasalud.be\/en\/wp-json\/wp\/v2\/pages\/18596","targetHints":{"allow":["GET"]}}],"collection":[{"href":"https:\/\/www.vivasalud.be\/en\/wp-json\/wp\/v2\/pages"}],"about":[{"href":"https:\/\/www.vivasalud.be\/en\/wp-json\/wp\/v2\/types\/page"}],"author":[{"embeddable":true,"href":"https:\/\/www.vivasalud.be\/en\/wp-json\/wp\/v2\/users\/15"}],"replies":[{"embeddable":true,"href":"https:\/\/www.vivasalud.be\/en\/wp-json\/wp\/v2\/comments?post=18596"}],"version-history":[{"count":0,"href":"https:\/\/www.vivasalud.be\/en\/wp-json\/wp\/v2\/pages\/18596\/revisions"}],"up":[{"embeddable":true,"href":"https:\/\/www.vivasalud.be\/en\/wp-json\/wp\/v2\/pages\/19473"}],"wp:attachment":[{"href":"https:\/\/www.vivasalud.be\/en\/wp-json\/wp\/v2\/media?parent=18596"}],"curies":[{"name":"wp","href":"https:\/\/api.w.org\/{rel}","templated":true}]}}