{"id":1871,"date":"2019-08-14T16:13:48","date_gmt":"2019-08-14T16:13:48","guid":{"rendered":"https:\/\/www.vivasalud.be\/over-viva-salud\/publicaties\/"},"modified":"2024-07-16T10:18:52","modified_gmt":"2024-07-16T08:18:52","slug":"publications","status":"publish","type":"page","link":"https:\/\/www.vivasalud.be\/en\/qui-sommes-nous-3\/publications\/","title":{"rendered":"Publications"},"content":{"rendered":"<div style=\"height:25px\" aria-hidden=\"true\" class=\"wp-block-spacer\"><\/div>\n\n\n\n<h1 class=\"wp-block-heading\">Publications<\/h1>\n\n\n\n<div style=\"height:31px\" aria-hidden=\"true\" class=\"wp-block-spacer\"><\/div>\n\n\n\n<h2 class=\"wp-block-heading\">Annual Report 2023<\/h2>\n\n\n\n<div class=\"wp-block-media-text alignwide\" style=\"grid-template-columns:30% auto\"><figure class=\"wp-block-media-text__media\"><a href=\"https:\/\/www.vivasalud.be\/wp-content\/uploads\/2024\/07\/Fr-Rapport-annuel-2023.pdf\" target=\"_blank\" rel=\"noopener noreferrer\"><img alt=\"\" fetchpriority=\"high\" decoding=\"async\" width=\"646\" height=\"913\" src=\"https:\/\/www.vivasalud.be\/wp-content\/uploads\/2024\/07\/Couv-FR.jpg\" class=\"wp-image-17723 size-full\" srcset=\"https:\/\/www.vivasalud.be\/wp-content\/uploads\/2024\/07\/Couv-FR.jpg 646w, https:\/\/www.vivasalud.be\/wp-content\/uploads\/2024\/07\/Couv-FR-566x800.jpg 566w\" sizes=\"(max-width: 646px) 100vw, 646px\" \/><\/a><\/figure><div class=\"wp-block-media-text__content\">\n<p><strong>From enhanced protection against gender-based violence and harassment in the workplace in the Philippines, to first aid training for young people in Palestine, the deployment of mobile clinics in eastern DRC, and a royal decree banning the export of prohibited pesticides in Belgium, Viva Salud is very proud of its actions and victories in 2023! <\/strong><\/p>\n\n\n\n<div class=\"wp-block-button\"><a class=\"wp-block-button__link wp-element-button\" href=\"https:\/\/www.vivasalud.be\/wp-content\/uploads\/2024\/07\/Fr-Rapport-annuel-2023.pdf\"><strong>Find our annual report<\/strong> <strong>2023<\/strong><\/a><\/div>\n<\/div><\/div>\n\n\n\n<hr class=\"wp-block-separator has-alpha-channel-opacity\"\/>\n\n\n\n<h2 class=\"wp-block-heading\">Annual Report 2022<\/h2>\n\n\n\n<div class=\"wp-block-media-text alignwide\" style=\"grid-template-columns:32% auto\"><figure class=\"wp-block-media-text__media\"><a href=\"https:\/\/issuu.com\/m3m-g3w\/docs\/myname?fr=xKAE9_zU1NQ\" target=\"_blank\" rel=\"noopener noreferrer\"><img alt=\"\" decoding=\"async\" width=\"723\" height=\"423\" src=\"https:\/\/www.vivasalud.be\/wp-content\/uploads\/2023\/07\/couv-rapport-annuel-fr.jpg\" class=\"wp-image-14516 size-full\"\/><\/a><\/figure><div class=\"wp-block-media-text__content\">\n<p>2022 heralded the start of a new five-year programme, new collaborations and new challenges for the right to health!<\/p>\n\n\n\n<p>Despite ever-increasing pressure on health workers and human rights activists in their fight against injustice and for equality, our partners in the Democratic Republic of Congo, Palestine and the Philippines continue to amaze us with their resilience, fighting spirit and creativity.<\/p>\n\n\n\n<div class=\"wp-block-button\"><a class=\"wp-block-button__link wp-element-button\" href=\"https:\/\/issuu.com\/m3m-g3w\/docs\/myname?fr=xKAE9_zU1NQ\" target=\"_blank\" rel=\"noreferrer noopener\"><strong>Find our annual report<\/strong><\/a><\/div>\n<\/div><\/div>\n\n\n\n<h2 class=\"wp-block-heading\"><\/h2>\n\n\n\n<hr class=\"wp-block-separator has-alpha-channel-opacity\"\/>\n\n\n\n<h2 class=\"wp-block-heading\">Campaign dossier: Let's take care of our carers<\/h2>\n\n\n\n<div class=\"wp-block-media-text alignwide\" style=\"grid-template-columns:27% auto\"><figure class=\"wp-block-media-text__media\"><a href=\"https:\/\/approchedroits-rechtenbenadering.be\/\" target=\"_blank\" rel=\"noopener noreferrer\"><img alt=\"\" decoding=\"async\" width=\"396\" height=\"535\" src=\"https:\/\/www.vivasalud.be\/wp-content\/uploads\/2023\/07\/couv-doss-campagne.jpg\" class=\"wp-image-14528 size-full\"\/><\/a><\/figure><div class=\"wp-block-media-text__content\">\n<p>All over the world, staff in the<br>healthcare workers labour in poor conditions. <\/p>\n\n\n\n<p>But why is the healthcare sector in such a poor state?<\/p>\n\n\n\n<div class=\"wp-block-button\"><a class=\"wp-block-button__link wp-element-button\" href=\"https:\/\/www.vivasalud.be\/wp-content\/uploads\/2024\/04\/VivaSalud_DossierdeCampagne_2023_FR_PRINT.pdf\" target=\"_blank\" rel=\"noreferrer noopener\"><strong>Find the campaign file<\/strong><\/a><\/div>\n<\/div><\/div>\n\n\n\n<div style=\"height:23px\" aria-hidden=\"true\" class=\"wp-block-spacer\"><\/div>\n\n\n\n<h2 class=\"wp-block-heading\"><\/h2>\n\n\n\n<hr class=\"wp-block-separator has-css-opacity\"\/>\n\n\n\n<h2 class=\"wp-block-heading\">Annual Report 2021<\/h2>\n\n\n\n<div class=\"wp-block-media-text alignwide\" style=\"grid-template-columns:28% auto\"><figure class=\"wp-block-media-text__media\"><a href=\"https:\/\/www.vivasalud.be\/wp-content\/uploads\/2022\/09\/VS_JAARVERSLAG_2021_FR_lowres.pdf\" target=\"_blank\" rel=\"noopener noreferrer\"><img alt=\"\" loading=\"lazy\" decoding=\"async\" width=\"996\" height=\"696\" src=\"https:\/\/www.vivasalud.be\/wp-content\/uploads\/2022\/09\/RA2021FR.jpg\" class=\"wp-image-11429 size-full\" srcset=\"https:\/\/www.vivasalud.be\/wp-content\/uploads\/2022\/09\/RA2021FR.jpg 996w, https:\/\/www.vivasalud.be\/wp-content\/uploads\/2022\/09\/RA2021FR-800x559.jpg 800w, https:\/\/www.vivasalud.be\/wp-content\/uploads\/2022\/09\/RA2021FR-768x537.jpg 768w\" sizes=\"(max-width: 996px) 100vw, 996px\" \/><\/a><\/figure><div class=\"wp-block-media-text__content\">\n<p>In 2021, we campaigned for universal access to coronavirus countermeasures and for the protection of activists threatened by the shrinking of democratic spaces around the world. Together with our partners in the Philippines, DR Congo, Palestine and internationally, we continued to strengthen people's right to health.<\/p>\n\n\n\n<div class=\"wp-block-button\"><a class=\"wp-block-button__link wp-element-button\" href=\"https:\/\/issuu.com\/m3m-g3w\/docs\/vs_jaarverslag_2021_fr_lowres\" target=\"_blank\" rel=\"noreferrer noopener\"><strong>&gt; Browse the annual report here<\/strong><\/a><\/div>\n<\/div><\/div>\n\n\n\n<hr class=\"wp-block-separator has-css-opacity\"\/>\n\n\n\n<h2 class=\"wp-block-heading\">Final evaluations of the 2017\u20132021 joint programme<\/h2>\n\n\n\n<p>Viva Salud, KIYO and Solidagro have been collaborating on a joint programme co-financed by the Federal Public Service Foreign Affairs, Foreign Trade and Development Cooperation since 2017 and until the end of 2021. This programme was based on a rights-based approach and was active in 11 countries: Belgium, Bolivia, Brazil, Burkina Faso, Burundi, Mali, Morocco, Palestine, the Philippines, DR Congo and Senegal. In 2021 and 2022, we conducted external evaluations for each of the objectives we had set ourselves. Below you will find the evaluation reports for our partner countries:<\/p>\n\n\n\n<ul class=\"wp-block-list\">\n<li><a href=\"https:\/\/www.vivasalud.be\/wp-content\/uploads\/2022\/07\/EvaluationsFinales_Resume.pdf\" target=\"_blank\" rel=\"noreferrer noopener\">Summary of assessments<\/a><\/li>\n\n\n\n<li><a href=\"https:\/\/www.vivasalud.be\/wp-content\/uploads\/2022\/07\/Belgium_Report.pdf\" target=\"_blank\" rel=\"noreferrer noopener\">The report on Belgium<\/a><\/li>\n\n\n\n<li><a href=\"https:\/\/www.vivasalud.be\/wp-content\/uploads\/2022\/07\/Belgium_ManagementResponse.pdf\" target=\"_blank\" rel=\"noreferrer noopener\">Management's response to this report Belgium<\/a><\/li>\n\n\n\n<li><a href=\"https:\/\/www.vivasalud.be\/wp-content\/uploads\/2022\/07\/Palestine_Report.pdf\" target=\"_blank\" rel=\"noreferrer noopener\">The report on Palestine<\/a><\/li>\n\n\n\n<li><a href=\"https:\/\/www.vivasalud.be\/wp-content\/uploads\/2022\/07\/Palestine_ManagementResponse.pdf\" target=\"_blank\" rel=\"noreferrer noopener\">Management's response to this Palestine report<\/a><\/li>\n\n\n\n<li><a href=\"https:\/\/www.vivasalud.be\/wp-content\/uploads\/2022\/07\/Philippines_Report.pdf\" target=\"_blank\" rel=\"noreferrer noopener\">The report on the Philippines<\/a><\/li>\n\n\n\n<li><a href=\"https:\/\/www.vivasalud.be\/wp-content\/uploads\/2022\/07\/Philippines_ManagementResponse.pdf\" target=\"_blank\" rel=\"noreferrer noopener\">Management response to this report Philippines<\/a><\/li>\n\n\n\n<li><a href=\"https:\/\/www.vivasalud.be\/wp-content\/uploads\/2022\/07\/RDCongo_Report.pdf\" target=\"_blank\" rel=\"noreferrer noopener\">The report on the Democratic Republic of Congo<\/a><\/li>\n\n\n\n<li><a href=\"https:\/\/www.vivasalud.be\/wp-content\/uploads\/2022\/07\/RDCongo_ManagementResponse.pdf\" target=\"_blank\" rel=\"noreferrer noopener\">Management's response to this report DR Congo<\/a><\/li>\n<\/ul>\n\n\n\n<hr class=\"wp-block-separator has-css-opacity\"\/>\n\n\n\n<h2 class=\"wp-block-heading\">The rights-based approach<\/h2>\n\n\n\n<div class=\"wp-block-media-text alignwide\" style=\"grid-template-columns:22% auto\"><figure class=\"wp-block-media-text__media\"><a href=\"https:\/\/approchedroits-rechtenbenadering.be\/\" target=\"_blank\" rel=\"noopener noreferrer\"><img alt=\"\" loading=\"lazy\" decoding=\"async\" width=\"298\" height=\"294\" src=\"https:\/\/www.vivasalud.be\/wp-content\/uploads\/2022\/02\/semRBA-FR.png\" class=\"wp-image-10145 size-full\"\/><\/a><\/figure><div class=\"wp-block-media-text__content\">\n<p>In collaboration with KIYO and Solidagro, two other Belgian NGOs with which Viva Salud ran a joint programme from 2017 to 2021, Viva Salud has developed a website dedicated to the rights-based approach.<\/p>\n\n\n\n<p>We have also published all the information shared during the rights-based approach seminar that we organised with 13 other civil society organisations in December 2021.<\/p>\n\n\n\n<div class=\"wp-block-button\"><a class=\"wp-block-button__link wp-element-button\" href=\"https:\/\/approchedroits-rechtenbenadering.be\/\" target=\"_blank\" rel=\"noreferrer noopener\"><strong>Discover the site<\/strong><\/a><\/div>\n<\/div><\/div>\n\n\n\n<div style=\"height:20px\" aria-hidden=\"true\" class=\"wp-block-spacer\"><\/div>\n\n\n\n<hr class=\"wp-block-separator has-css-opacity\"\/>\n\n\n\n<h2 class=\"wp-block-heading\">Feature: Why public healthcare is superior<\/h2>\n\n\n\n<div class=\"wp-block-media-text alignwide\" style=\"grid-template-columns:22% auto\"><figure class=\"wp-block-media-text__media\"><a href=\"https:\/\/www.vivasalud.be\/wp-content\/uploads\/2020\/02\/Pourquoi-les-soins-de-sant%C3%A9-publics-sont-meilleurs.pdf\" target=\"_blank\" rel=\"noopener noreferrer\"><img alt=\"\" loading=\"lazy\" decoding=\"async\" width=\"595\" height=\"842\" src=\"https:\/\/www.vivasalud.be\/wp-content\/uploads\/2020\/01\/Cover-Pourquoi-les-soins-de-sant\u00e9-publics-sont-meilleurs.png\" class=\"wp-image-1890 size-full\" srcset=\"https:\/\/www.vivasalud.be\/wp-content\/uploads\/2020\/01\/Cover-Pourquoi-les-soins-de-sant\u00e9-publics-sont-meilleurs.png 595w, https:\/\/www.vivasalud.be\/wp-content\/uploads\/2020\/01\/Cover-Pourquoi-les-soins-de-sant\u00e9-publics-sont-meilleurs-565x800.png 565w\" sizes=\"(max-width: 595px) 100vw, 595px\" \/><\/a><\/figure><div class=\"wp-block-media-text__content\">\n<p>At a time when the private sector is gaining ground in healthcare systems, Viva Salud believes it is essential to defend and promote public healthcare. Why is this? In our new report, \u00abWhy public healthcare is better,\u00bb you will discover:<\/p>\n\n\n\n<ul class=\"wp-block-list\">\n<li>\nWhy privatisation triggers increased inequality in access to healthcare \n\t\n\t<\/li>\n\n\n\n<li>\nwhy privatisation is often more expensive in the long term \n\t\n\t<\/li>\n\n\n\n<li>\nWhy privatisation is not more efficient \n\t\n\t<\/li>\n\n\n\n<li>\nwhy privatisation does not improve quality \n\t\n\t<\/li>\n\n\n\n<li>\nwhy privatisation leads to a decline in public control \n\t\n\t<\/li>\n\n\n\n<li>\nWhy privatisation reduces the availability of healthcare professionals and worsens their working conditions \n\t\n\t<\/li>\n\n\n\n<li>\nwhat kind of healthcare system we want \n\t\n\t<\/li>\n\n\n\n<li>\nexamples of successful civil society campaigns \n\t\n<\/li>\n<\/ul>\n\n\n\n<div class=\"wp-block-button\"><a class=\"wp-block-button__link wp-element-button\" href=\"https:\/\/www.vivasalud.be\/wp-content\/uploads\/2020\/02\/Pourquoi-les-soins-de-sant%C3%A9-publics-sont-meilleurs.pdf\" target=\"_blank\" rel=\"noreferrer noopener\"><strong>&gt; Download the file<\/strong><\/a><\/div>\n<\/div><\/div>\n\n\n\n<hr class=\"wp-block-separator has-css-opacity\"\/>\n\n\n\n<h2 class=\"wp-block-heading\">Manual: Building a Movement for Health<\/h2>\n\n\n\n<div style=\"height:20px\" aria-hidden=\"true\" class=\"wp-block-spacer\"><\/div>\n\n\n\n<div class=\"wp-block-media-text alignwide is-stacked-on-mobile\" style=\"grid-template-columns:28% auto\"><figure class=\"wp-block-media-text__media\"><a href=\"https:\/\/issuu.com\/m3m-g3w\/docs\/b_tir_un_mouvement_pour_la_sant_\" target=\"_blank\" rel=\"noopener noreferrer\"><img alt=\"\" loading=\"lazy\" decoding=\"async\" width=\"1176\" height=\"835\" src=\"https:\/\/www.vivasalud.be\/wp-content\/uploads\/2020\/04\/cover-manuel-b\u00e2tir-un-mouvement-pour-la-sante.jpg\" class=\"wp-image-4164 size-full\" srcset=\"https:\/\/www.vivasalud.be\/wp-content\/uploads\/2020\/04\/cover-manuel-b\u00e2tir-un-mouvement-pour-la-sante.jpg 1176w, https:\/\/www.vivasalud.be\/wp-content\/uploads\/2020\/04\/cover-manuel-b\u00e2tir-un-mouvement-pour-la-sante-800x568.jpg 800w, https:\/\/www.vivasalud.be\/wp-content\/uploads\/2020\/04\/cover-manuel-b\u00e2tir-un-mouvement-pour-la-sante-768x545.jpg 768w\" sizes=\"(max-width: 1176px) 100vw, 1176px\" \/><\/a><\/figure><div class=\"wp-block-media-text__content\">\n<p>We developed this interactive handbook in collaboration with the People's Movement for Health (PMH). Are you a student, expert or activist looking for inspiration and best practices from around the world? Then fasten your seatbelt and dive right into this handbook! The handbook is available in <a href=\"https:\/\/issuu.com\/m3m-g3w\/docs\/b_tir_un_mouvement_pour_la_sant_\" target=\"_blank\" rel=\"noreferrer noopener\">French<\/a>, <a href=\"https:\/\/issuu.com\/m3m-g3w\/docs\/movement_building_en\" target=\"_blank\" rel=\"noreferrer noopener\">English<\/a> and <a href=\"https:\/\/issuu.com\/m3m-g3w\/docs\/c_mo_se_construye_un_movimiento_para_la_salud\" target=\"_blank\" rel=\"noreferrer noopener\">Spanish<\/a>.<\/p>\n\n\n\n<div class=\"wp-block-buttons is-layout-flex wp-block-buttons-is-layout-flex\">\n<div class=\"wp-block-button\"><a class=\"wp-block-button__link wp-element-button\" href=\"https:\/\/issuu.com\/m3m-g3w\/docs\/b_tir_un_mouvement_pour_la_sant_\" target=\"_blank\" rel=\"noreferrer noopener\"><strong>&gt; Browse the manual<\/strong><\/a><\/div>\n<\/div>\n\n\n\n<div class=\"wp-block-buttons is-layout-flex wp-block-buttons-is-layout-flex\">\n<div class=\"wp-block-button\"><a class=\"wp-block-button__link wp-element-button\" href=\"https:\/\/vivacloud.vivasalud.be\/s\/oW77EGDXGwtqNsc\" target=\"_blank\" rel=\"noreferrer noopener\"><strong>&gt; Download the manual<\/strong><\/a><\/div>\n<\/div>\n<\/div><\/div>\n\n\n\n<hr class=\"wp-block-separator has-css-opacity\"\/>\n\n\n\n<h2 class=\"wp-block-heading\">Practical guide to communicating about global justice and solidarity<\/h2>\n\n\n\n<div style=\"height:20px\" aria-hidden=\"true\" class=\"wp-block-spacer\"><\/div>\n\n\n\n<div class=\"wp-block-media-text alignwide is-stacked-on-mobile\" style=\"grid-template-columns:22% auto\"><figure class=\"wp-block-media-text__media\"><a href=\"https:\/\/www.vivasalud.be\/wp-content\/uploads\/2020\/04\/Guide-pratique.pdf\" target=\"_blank\" rel=\"noopener noreferrer\"><img alt=\"\" loading=\"lazy\" decoding=\"async\" width=\"826\" height=\"1169\" src=\"https:\/\/www.vivasalud.be\/wp-content\/uploads\/2020\/04\/Guide-pratique.jpg\" class=\"wp-image-4196 size-full\" srcset=\"https:\/\/www.vivasalud.be\/wp-content\/uploads\/2020\/04\/Guide-pratique.jpg 826w, https:\/\/www.vivasalud.be\/wp-content\/uploads\/2020\/04\/Guide-pratique-565x800.jpg 565w, https:\/\/www.vivasalud.be\/wp-content\/uploads\/2020\/04\/Guide-pratique-768x1087.jpg 768w\" sizes=\"(max-width: 826px) 100vw, 826px\" \/><\/a><\/figure><div class=\"wp-block-media-text__content\">\n<p>This essential practical guide is intended for activists and campaign organisers. The way we communicate about issues influences how people think, feel and act in relation to those issues. It is time to abandon the negative vocabulary and imagery surrounding 'aid\u00bb, \u00bbcharity\u00ab and so-called \u00bbinternational development\u00ab and replace it with a different narrative, one built on solidarity and demanding social justice. This guide provides practical advice and principles you will need to identify the root causes of poverty and build global solidarity through your communications.<\/p>\n\n\n\n<p><em>This guide is produced by Framing Matters for Health Poverty Action, in association with the Public Interest Research Centre and the following members of the Progressive Development Forum: Medact, NEON, PHM UK, PHM West and Central Africa, and Viva Salud.<\/em><\/p>\n\n\n\n<div class=\"wp-block-buttons is-layout-flex wp-block-buttons-is-layout-flex\">\n<div class=\"wp-block-button\"><a class=\"wp-block-button__link wp-element-button\" href=\"https:\/\/www.vivasalud.be\/wp-content\/uploads\/2020\/04\/Guide-pratique.pdf\" target=\"_blank\" rel=\"noreferrer noopener\">&gt; <strong>Discover the guide<\/strong><\/a><\/div>\n<\/div>\n<\/div><\/div>\n\n\n\n<hr class=\"wp-block-separator has-css-opacity\"\/>\n\n\n\n<h2 class=\"wp-block-heading\">What to do with a trillion dollars?<\/h2>\n\n\n\n<div class=\"wp-block-media-text alignwide is-stacked-on-mobile\" style=\"grid-template-columns:22% auto\"><figure class=\"wp-block-media-text__media\"><a href=\"https:\/\/www.vivasalud.be\/wp-content\/uploads\/2020\/04\/Changing-track-corporates-report-web_2.pdf\" target=\"_blank\" rel=\"noopener noreferrer\"><img alt=\"\" loading=\"lazy\" decoding=\"async\" width=\"826\" height=\"1169\" src=\"https:\/\/www.vivasalud.be\/wp-content\/uploads\/2020\/04\/Changing-track-corporates-report-cover.jpg\" class=\"wp-image-4220 size-full\" srcset=\"https:\/\/www.vivasalud.be\/wp-content\/uploads\/2020\/04\/Changing-track-corporates-report-cover.jpg 826w, https:\/\/www.vivasalud.be\/wp-content\/uploads\/2020\/04\/Changing-track-corporates-report-cover-565x800.jpg 565w, https:\/\/www.vivasalud.be\/wp-content\/uploads\/2020\/04\/Changing-track-corporates-report-cover-768x1087.jpg 768w\" sizes=\"(max-width: 826px) 100vw, 826px\" \/><\/a><\/figure><div class=\"wp-block-media-text__content\">\n<p>New research shows that governments lose more than a trillion dollars every year due to unjustified corporate benefits and massive tax fraud. This document, signed by Health Poverty Action, Mouvement Populaire pour la Sant\u00e9 and Viva Salud, will show you some alternative ways forward.<\/p>\n\n\n\n<div class=\"wp-block-buttons is-layout-flex wp-block-buttons-is-layout-flex\">\n<div class=\"wp-block-button\"><a class=\"wp-block-button__link wp-element-button\" href=\"https:\/\/www.vivasalud.be\/wp-content\/uploads\/2020\/04\/Changing-track-corporates-report-web_2.pdf\" target=\"_blank\" rel=\"noreferrer noopener\"><strong>&gt; The full survey (in English) can be read here.<\/strong><\/a><\/div>\n<\/div>\n<\/div><\/div>\n\n\n\n<hr class=\"wp-block-separator has-css-opacity\"\/>\n\n\n\n<h2 class=\"wp-block-heading\">Empowerment: all together for health<\/h2>\n\n\n\n<div class=\"wp-block-media-text alignwide is-stacked-on-mobile\" style=\"grid-template-columns:22% auto\"><figure class=\"wp-block-media-text__media\"><img alt=\"\" loading=\"lazy\" decoding=\"async\" width=\"584\" height=\"826\" src=\"https:\/\/www.vivasalud.be\/wp-content\/uploads\/2020\/10\/Empowerment-FR-2020-cover.png\" class=\"wp-image-5720 size-full\" srcset=\"https:\/\/www.vivasalud.be\/wp-content\/uploads\/2020\/10\/Empowerment-FR-2020-cover.png 584w, https:\/\/www.vivasalud.be\/wp-content\/uploads\/2020\/10\/Empowerment-FR-2020-cover-566x800.png 566w\" sizes=\"(max-width: 584px) 100vw, 584px\" \/><\/figure><div class=\"wp-block-media-text__content\">\n<p>Empowerment. You will find a wide range of definitions. Some associate it with self-confidence or autonomy, others with participation or mobilisation, and still others with liberation. But do you know what surprised us the most? These definitions very rarely mention \u00abpower\u00bb. There is plenty of material to analyse.<\/p>\n\n\n\n<div class=\"wp-block-buttons is-layout-flex wp-block-buttons-is-layout-flex\">\n<div class=\"wp-block-button\"><a class=\"wp-block-button__link wp-element-button\" href=\"https:\/\/www.vivasalud.be\/wp-content\/uploads\/2020\/10\/Brochure-Empowerment-FR.pdf\" target=\"_blank\" rel=\"noreferrer noopener\"><strong><span class=\"has-inline-color has-white-color\">&gt; Download the brochure<\/span><\/strong><\/a><\/div>\n<\/div>\n<\/div><\/div>\n\n\n\n<hr class=\"wp-block-separator has-css-opacity\"\/>\n\n\n\n<h2 class=\"wp-block-heading\">Cooperation for sustainable development<\/h2>\n\n\n\n<p>What does it mean to be entitled to something? Find out what it means according to KIYO, Solidagro and Viva Salud.<\/p>\n\n\n\n<figure class=\"wp-block-embed is-type-video is-provider-youtube wp-block-embed-youtube wp-embed-aspect-16-9 wp-has-aspect-ratio\"><div class=\"wp-block-embed__wrapper\">\nhttps:\/\/www.youtube.com\/watch?v=tWrzY4371Ww&#038;t=4s\n<\/div><\/figure>\n\n\n\n<p><\/p>","protected":false},"excerpt":{"rendered":"<p>Publications Rapport annuel 2023 Rapport annuel 2022 Dossier de campagne Prenons soin des soignant\u00b7e\u00b7s Rapport annuel 2021 Evaluations finales du programme commun 2017-2021 Viva Salud, KIYO et Solidagro ont collabor\u00e9 au sein d\u2019un programme commun cofinanc\u00e9 par le Service public f\u00e9d\u00e9ral Affaires \u00e9trang\u00e8res, Commerce Ext\u00e9rieur et Coop\u00e9ration au D\u00e9veloppement depuis 2017 et jusque fin 2021. [&hellip;]<\/p>\n","protected":false},"author":1,"featured_media":17723,"parent":1788,"menu_order":3,"comment_status":"closed","ping_status":"closed","template":"","meta":{"_acf_changed":false,"_seopress_robots_primary_cat":"","_seopress_titles_title":"","_seopress_titles_desc":"","_seopress_robots_index":"","footnotes":""},"class_list":["post-1871","page","type-page","status-publish","has-post-thumbnail","hentry"],"acf":[],"_links":{"self":[{"href":"https:\/\/www.vivasalud.be\/en\/wp-json\/wp\/v2\/pages\/1871","targetHints":{"allow":["GET"]}}],"collection":[{"href":"https:\/\/www.vivasalud.be\/en\/wp-json\/wp\/v2\/pages"}],"about":[{"href":"https:\/\/www.vivasalud.be\/en\/wp-json\/wp\/v2\/types\/page"}],"author":[{"embeddable":true,"href":"https:\/\/www.vivasalud.be\/en\/wp-json\/wp\/v2\/users\/1"}],"replies":[{"embeddable":true,"href":"https:\/\/www.vivasalud.be\/en\/wp-json\/wp\/v2\/comments?post=1871"}],"version-history":[{"count":0,"href":"https:\/\/www.vivasalud.be\/en\/wp-json\/wp\/v2\/pages\/1871\/revisions"}],"up":[{"embeddable":true,"href":"https:\/\/www.vivasalud.be\/en\/wp-json\/wp\/v2\/pages\/1788"}],"wp:featuredmedia":[{"embeddable":true,"href":"https:\/\/www.vivasalud.be\/en\/wp-json\/wp\/v2\/media\/17723"}],"wp:attachment":[{"href":"https:\/\/www.vivasalud.be\/en\/wp-json\/wp\/v2\/media?parent=1871"}],"curies":[{"name":"wp","href":"https:\/\/api.w.org\/{rel}","templated":true}]}}