{"id":1912,"date":"2019-08-14T16:14:34","date_gmt":"2019-08-14T16:14:34","guid":{"rendered":"https:\/\/www.vivasalud.be\/over-viva-salud\/samenwerking\/"},"modified":"2024-04-24T15:51:01","modified_gmt":"2024-04-24T13:51:01","slug":"collaborations","status":"publish","type":"page","link":"https:\/\/www.vivasalud.be\/en\/qui-sommes-nous-3\/collaborations\/","title":{"rendered":"Collaborations"},"content":{"rendered":"<figure class=\"wp-block-image is-resized\"><img fetchpriority=\"high\" decoding=\"async\" width=\"1686\" height=\"1125\" src=\"https:\/\/www.vivasalud.be\/wp-content\/uploads\/2019\/10\/2018-PHM-Peoples-Health-Assembly-4.jpg\" alt=\"PHM People&#039;s Health Assembly 4\" class=\"wp-image-600\" style=\"width:960px;height:640px\" srcset=\"https:\/\/www.vivasalud.be\/wp-content\/uploads\/2019\/10\/2018-PHM-Peoples-Health-Assembly-4.jpg 1686w, https:\/\/www.vivasalud.be\/wp-content\/uploads\/2019\/10\/2018-PHM-Peoples-Health-Assembly-4-800x534.jpg 800w, https:\/\/www.vivasalud.be\/wp-content\/uploads\/2019\/10\/2018-PHM-Peoples-Health-Assembly-4-768x512.jpg 768w\" sizes=\"(max-width: 1686px) 100vw, 1686px\" \/><\/figure>\n\n\n\n<h1 class=\"wp-block-heading\">Collaborations<\/h1>\n\n\n\n<p>\u2018Let us fight for health together\u201d \u2013 only by joining forces will we succeed in securing the right to health.<\/p>\n\n\n\n<p>That is why we have partners around the world and in Belgium, where we collaborate with other organisations and networks.<\/p>\n\n\n\n<p>Internationally, Viva Salud is active in the People's Movement for Health, an international network for the right to health.<\/p>\n\n\n\n<p>We work closely with NGOs <a href=\"https:\/\/www.fian.be\/?lang=fr\" target=\"_blank\" rel=\"noreferrer noopener\">FIAN Belgium<\/a>, <a href=\"https:\/\/quinoa.be\/\" target=\"_blank\" rel=\"noreferrer noopener\">Quinoa<\/a> and <a href=\"https:\/\/www.solidagro.be\/fr\/\">Goldenrod<\/a>.<\/p>\n\n\n\n<p>In Belgium, we are close to\u2019<a href=\"https:\/\/www.intal.be\/\">Intal<\/a>, a movement for international solidarity that fights for the right to health, development and peace. It has hundreds of volunteers and supporters in a dozen local groups. Through local and national activities, intal aims to mobilise as many people as possible, organise them and mobilise them in favour of a more equitable and united world.<\/p>\n\n\n\n<p>We are also close to <a href=\"https:\/\/cubanismo.be\/fr\" target=\"_blank\" rel=\"noreferrer noopener\">Cubanismo.be<\/a>, a movement of solidarity with Cuba. Despite all the obstacles, Cuba is demonstrating that good health for all is an achievable goal, even in a relatively poor country facing a US blockade.<\/p>\n\n\n\n<p>It goes without saying that we also collaborate with many other organisations: NGOs, social movements, solidarity groups, and others. These collaborations may take the form of one-off projects, campaigns, technical interventions, etc.<\/p>\n\n\n\n<h4 class=\"wp-block-heading has-medium-font-size\"><strong><em>Viva Salud is a member of:<\/em><\/strong><\/h4>\n\n\n\n<figure class=\"wp-block-gallery has-nested-images columns-default wp-block-gallery-1 is-layout-flex wp-block-gallery-is-layout-flex\">\n<figure class=\"wp-block-image size-full\"><img alt=\"\" decoding=\"async\" width=\"1920\" height=\"701\" data-id=\"17093\" src=\"https:\/\/www.vivasalud.be\/wp-content\/uploads\/2024\/04\/111111_logo_oranje_tagline_rechts_horiz_RGB.png\" class=\"wp-image-17093\" srcset=\"https:\/\/www.vivasalud.be\/wp-content\/uploads\/2024\/04\/111111_logo_oranje_tagline_rechts_horiz_RGB.png 1920w, https:\/\/www.vivasalud.be\/wp-content\/uploads\/2024\/04\/111111_logo_oranje_tagline_rechts_horiz_RGB-800x292.png 800w, https:\/\/www.vivasalud.be\/wp-content\/uploads\/2024\/04\/111111_logo_oranje_tagline_rechts_horiz_RGB-768x280.png 768w, https:\/\/www.vivasalud.be\/wp-content\/uploads\/2024\/04\/111111_logo_oranje_tagline_rechts_horiz_RGB-1536x561.png 1536w\" sizes=\"(max-width: 1920px) 100vw, 1920px\" \/><\/figure>\n\n\n\n<figure class=\"wp-block-image\"><img alt=\"\" decoding=\"async\" width=\"1000\" height=\"481\" data-id=\"1318\" src=\"https:\/\/www.vivasalud.be\/wp-content\/uploads\/2019\/11\/CNCD.png\" class=\"wp-image-1318\" srcset=\"https:\/\/www.vivasalud.be\/wp-content\/uploads\/2019\/11\/CNCD.png 1000w, https:\/\/www.vivasalud.be\/wp-content\/uploads\/2019\/11\/CNCD-800x385.png 800w, https:\/\/www.vivasalud.be\/wp-content\/uploads\/2019\/11\/CNCD-768x369.png 768w\" sizes=\"(max-width: 1000px) 100vw, 1000px\" \/><\/figure>\n\n\n\n<figure class=\"wp-block-image\"><img alt=\"\" loading=\"lazy\" decoding=\"async\" width=\"215\" height=\"84\" data-id=\"894\" src=\"https:\/\/www.vivasalud.be\/wp-content\/uploads\/2019\/10\/acodev.png\" class=\"wp-image-894\"\/><\/figure>\n\n\n\n<figure class=\"wp-block-image\"><img alt=\"\" loading=\"lazy\" decoding=\"async\" width=\"200\" height=\"200\" data-id=\"900\" src=\"https:\/\/www.vivasalud.be\/wp-content\/uploads\/2019\/10\/ngo-federatie.png\" class=\"wp-image-900\"\/><\/figure>\n\n\n\n<figure class=\"wp-block-image\"><img alt=\"\" loading=\"lazy\" decoding=\"async\" width=\"1167\" height=\"1191\" data-id=\"1750\" src=\"https:\/\/www.vivasalud.be\/wp-content\/uploads\/2020\/01\/AERF-LOGO-PMS-DEF-V.jpg\" class=\"wp-image-1750\" srcset=\"https:\/\/www.vivasalud.be\/wp-content\/uploads\/2020\/01\/AERF-LOGO-PMS-DEF-V.jpg 1167w, https:\/\/www.vivasalud.be\/wp-content\/uploads\/2020\/01\/AERF-LOGO-PMS-DEF-V-784x800.jpg 784w, https:\/\/www.vivasalud.be\/wp-content\/uploads\/2020\/01\/AERF-LOGO-PMS-DEF-V-768x784.jpg 768w\" sizes=\"(max-width: 1167px) 100vw, 1167px\" \/><\/figure>\n\n\n\n<figure class=\"wp-block-image\"><img alt=\"\" loading=\"lazy\" decoding=\"async\" width=\"170\" height=\"100\" data-id=\"909\" src=\"https:\/\/www.vivasalud.be\/wp-content\/uploads\/2019\/10\/becausehealth_def.jpg\" class=\"wp-image-909\"\/><\/figure>\n\n\n\n<figure class=\"wp-block-image\"><img alt=\"\" loading=\"lazy\" decoding=\"async\" width=\"112\" height=\"120\" data-id=\"912\" src=\"https:\/\/www.vivasalud.be\/wp-content\/uploads\/2019\/10\/logo-plate-forme-nl.jpg\" class=\"wp-image-912\"\/><\/figure>\n\n\n\n<figure class=\"wp-block-image\"><img alt=\"\" loading=\"lazy\" decoding=\"async\" width=\"376\" height=\"377\" data-id=\"1290\" src=\"https:\/\/www.vivasalud.be\/wp-content\/uploads\/2019\/11\/logo-ECCP.jpg\" class=\"wp-image-1290\"\/><\/figure>\n\n\n\n<figure class=\"wp-block-image\"><img alt=\"\" loading=\"lazy\" decoding=\"async\" width=\"433\" height=\"107\" data-id=\"1293\" src=\"https:\/\/www.vivasalud.be\/wp-content\/uploads\/2019\/11\/logo_G2H2_2lines_with-bg_RGB.png\" class=\"wp-image-1293\"\/><\/figure>\n\n\n\n<figure class=\"wp-block-image\"><img alt=\"\" loading=\"lazy\" decoding=\"async\" width=\"370\" height=\"250\" data-id=\"1296\" src=\"https:\/\/www.vivasalud.be\/wp-content\/uploads\/2019\/11\/klimaatcoalitie-logo-square-blue-nl_0.png\" class=\"wp-image-1296\"\/><\/figure>\n\n\n\n<figure class=\"wp-block-image\"><img alt=\"\" loading=\"lazy\" decoding=\"async\" width=\"468\" height=\"110\" data-id=\"1302\" src=\"https:\/\/www.vivasalud.be\/wp-content\/uploads\/2019\/11\/PHM_logo.jpg\" class=\"wp-image-1302\"\/><\/figure>\n\n\n\n<figure class=\"wp-block-image\"><img alt=\"\" loading=\"lazy\" decoding=\"async\" width=\"840\" height=\"840\" data-id=\"1299\" src=\"https:\/\/www.vivasalud.be\/wp-content\/uploads\/2019\/11\/stop-the-killings-logo-zonder-.jpg\" class=\"wp-image-1299\" srcset=\"https:\/\/www.vivasalud.be\/wp-content\/uploads\/2019\/11\/stop-the-killings-logo-zonder-.jpg 840w, https:\/\/www.vivasalud.be\/wp-content\/uploads\/2019\/11\/stop-the-killings-logo-zonder--800x800.jpg 800w, https:\/\/www.vivasalud.be\/wp-content\/uploads\/2019\/11\/stop-the-killings-logo-zonder--768x768.jpg 768w\" sizes=\"(max-width: 840px) 100vw, 840px\" \/><\/figure>\n<\/figure>\n\n\n\n<p class=\"has-medium-font-size\"><strong><em>We also collaborate with various bodies that provide us with the financial resources to carry out our programme with our partners:<\/em><\/strong><\/p>\n\n\n\n<figure class=\"wp-block-gallery has-nested-images columns-default wp-block-gallery-2 is-layout-flex wp-block-gallery-is-layout-flex\">\n<figure class=\"wp-block-image\"><img alt=\"\" loading=\"lazy\" decoding=\"async\" width=\"1348\" height=\"317\" data-id=\"1306\" src=\"https:\/\/www.vivasalud.be\/wp-content\/uploads\/2019\/11\/CBD_logo_NL_RGB.jpg\" class=\"wp-image-1306\" srcset=\"https:\/\/www.vivasalud.be\/wp-content\/uploads\/2019\/11\/CBD_logo_NL_RGB.jpg 1348w, https:\/\/www.vivasalud.be\/wp-content\/uploads\/2019\/11\/CBD_logo_NL_RGB-800x188.jpg 800w, https:\/\/www.vivasalud.be\/wp-content\/uploads\/2019\/11\/CBD_logo_NL_RGB-768x181.jpg 768w\" sizes=\"(max-width: 1348px) 100vw, 1348px\" \/><\/figure>\n\n\n\n<figure class=\"wp-block-image size-full\"><img alt=\"\" decoding=\"async\" width=\"1920\" height=\"701\" data-id=\"17093\" src=\"https:\/\/www.vivasalud.be\/wp-content\/uploads\/2024\/04\/111111_logo_oranje_tagline_rechts_horiz_RGB.png\" class=\"wp-image-17093\" srcset=\"https:\/\/www.vivasalud.be\/wp-content\/uploads\/2024\/04\/111111_logo_oranje_tagline_rechts_horiz_RGB.png 1920w, https:\/\/www.vivasalud.be\/wp-content\/uploads\/2024\/04\/111111_logo_oranje_tagline_rechts_horiz_RGB-800x292.png 800w, https:\/\/www.vivasalud.be\/wp-content\/uploads\/2024\/04\/111111_logo_oranje_tagline_rechts_horiz_RGB-768x280.png 768w, https:\/\/www.vivasalud.be\/wp-content\/uploads\/2024\/04\/111111_logo_oranje_tagline_rechts_horiz_RGB-1536x561.png 1536w\" sizes=\"(max-width: 1920px) 100vw, 1920px\" \/><\/figure>\n\n\n\n<figure class=\"wp-block-image\"><img alt=\"\" decoding=\"async\" width=\"1000\" height=\"481\" data-id=\"1318\" src=\"https:\/\/www.vivasalud.be\/wp-content\/uploads\/2019\/11\/CNCD.png\" class=\"wp-image-1318\" srcset=\"https:\/\/www.vivasalud.be\/wp-content\/uploads\/2019\/11\/CNCD.png 1000w, https:\/\/www.vivasalud.be\/wp-content\/uploads\/2019\/11\/CNCD-800x385.png 800w, https:\/\/www.vivasalud.be\/wp-content\/uploads\/2019\/11\/CNCD-768x369.png 768w\" sizes=\"(max-width: 1000px) 100vw, 1000px\" \/><\/figure>\n\n\n\n<figure class=\"wp-block-image\"><img alt=\"\" loading=\"lazy\" decoding=\"async\" width=\"395\" height=\"131\" data-id=\"1312\" src=\"https:\/\/www.vivasalud.be\/wp-content\/uploads\/2019\/11\/brussels-international-NL.png\" class=\"wp-image-1312\"\/><\/figure>\n\n\n\n<figure class=\"wp-block-image\"><img alt=\"\" loading=\"lazy\" decoding=\"async\" width=\"512\" height=\"512\" data-id=\"1321\" src=\"https:\/\/www.vivasalud.be\/wp-content\/uploads\/2019\/11\/wbi.jpeg\" class=\"wp-image-1321\"\/><\/figure>\n\n\n\n<figure class=\"wp-block-image\"><img alt=\"\" loading=\"lazy\" decoding=\"async\" width=\"200\" height=\"200\" data-id=\"1349\" src=\"https:\/\/www.vivasalud.be\/wp-content\/uploads\/2019\/11\/Antwerpen-stad.png\" class=\"wp-image-1349\"\/><\/figure>\n\n\n\n<figure class=\"wp-block-image\"><img alt=\"\" loading=\"lazy\" decoding=\"async\" width=\"181\" height=\"278\" data-id=\"1337\" src=\"https:\/\/www.vivasalud.be\/wp-content\/uploads\/2019\/11\/Genk.png\" class=\"wp-image-1337\"\/><\/figure>\n\n\n\n<figure class=\"wp-block-image\"><img alt=\"\" loading=\"lazy\" decoding=\"async\" width=\"827\" height=\"585\" data-id=\"1346\" src=\"https:\/\/www.vivasalud.be\/wp-content\/uploads\/2019\/11\/Gent.png\" class=\"wp-image-1346\" srcset=\"https:\/\/www.vivasalud.be\/wp-content\/uploads\/2019\/11\/Gent.png 827w, https:\/\/www.vivasalud.be\/wp-content\/uploads\/2019\/11\/Gent-800x566.png 800w, https:\/\/www.vivasalud.be\/wp-content\/uploads\/2019\/11\/Gent-768x543.png 768w\" sizes=\"(max-width: 827px) 100vw, 827px\" \/><\/figure>\n\n\n\n<figure class=\"wp-block-image\"><img alt=\"\" loading=\"lazy\" decoding=\"async\" width=\"286\" height=\"176\" data-id=\"1334\" src=\"https:\/\/www.vivasalud.be\/wp-content\/uploads\/2019\/11\/hoeilaart.png\" class=\"wp-image-1334\"\/><\/figure>\n\n\n\n<figure class=\"wp-block-image size-thumbnail\"><img alt=\"\" loading=\"lazy\" decoding=\"async\" width=\"400\" height=\"300\" data-id=\"1315\" src=\"https:\/\/www.vivasalud.be\/wp-content\/uploads\/2019\/11\/LOGO-IEPER-400x300.jpg\" class=\"wp-image-1315\"\/><\/figure>\n\n\n\n<figure class=\"wp-block-image\"><img alt=\"\" loading=\"lazy\" decoding=\"async\" width=\"208\" height=\"133\" data-id=\"1309\" src=\"https:\/\/www.vivasalud.be\/wp-content\/uploads\/2019\/11\/Lille.jpg\" class=\"wp-image-1309\"\/><\/figure>\n\n\n\n<figure class=\"wp-block-image\"><img alt=\"\" loading=\"lazy\" decoding=\"async\" width=\"1280\" height=\"720\" data-id=\"1328\" src=\"https:\/\/www.vivasalud.be\/wp-content\/uploads\/2019\/11\/lommel.jpg\" class=\"wp-image-1328\" srcset=\"https:\/\/www.vivasalud.be\/wp-content\/uploads\/2019\/11\/lommel.jpg 1280w, https:\/\/www.vivasalud.be\/wp-content\/uploads\/2019\/11\/lommel-800x450.jpg 800w, https:\/\/www.vivasalud.be\/wp-content\/uploads\/2019\/11\/lommel-768x432.jpg 768w, https:\/\/www.vivasalud.be\/wp-content\/uploads\/2019\/11\/lommel-400x225.jpg 400w\" sizes=\"(max-width: 1280px) 100vw, 1280px\" \/><\/figure>\n\n\n\n<figure class=\"wp-block-image\"><img alt=\"\" loading=\"lazy\" decoding=\"async\" width=\"1024\" height=\"867\" data-id=\"1340\" src=\"https:\/\/www.vivasalud.be\/wp-content\/uploads\/2019\/11\/OSF.jpg\" class=\"wp-image-1340\" srcset=\"https:\/\/www.vivasalud.be\/wp-content\/uploads\/2019\/11\/OSF.jpg 1024w, https:\/\/www.vivasalud.be\/wp-content\/uploads\/2019\/11\/OSF-800x677.jpg 800w, https:\/\/www.vivasalud.be\/wp-content\/uploads\/2019\/11\/OSF-768x650.jpg 768w\" sizes=\"(max-width: 1024px) 100vw, 1024px\" \/><\/figure>\n<\/figure>","protected":false},"excerpt":{"rendered":"<p>Collaborations &lsquo;Ensemble, luttons pour la sant\u00e9\u201d \u2013 ce n&rsquo;est qu&rsquo;en unissant nos forces que nous arriverons \u00e0 arracher le droit \u00e0 la sant\u00e9. C&rsquo;est pourquoi nous avons des partenaires dans le monde et en Belgique, o\u00f9 nous collaborons avec d&rsquo;autres organisations et r\u00e9seaux. Sur le plan international, Viva Salud est actif au sein du Mouvement [&hellip;]<\/p>\n","protected":false},"author":1,"featured_media":600,"parent":1788,"menu_order":5,"comment_status":"closed","ping_status":"closed","template":"","meta":{"_acf_changed":false,"_seopress_robots_primary_cat":"","_seopress_titles_title":"","_seopress_titles_desc":"","_seopress_robots_index":"","footnotes":""},"class_list":["post-1912","page","type-page","status-publish","has-post-thumbnail","hentry"],"acf":[],"_links":{"self":[{"href":"https:\/\/www.vivasalud.be\/en\/wp-json\/wp\/v2\/pages\/1912","targetHints":{"allow":["GET"]}}],"collection":[{"href":"https:\/\/www.vivasalud.be\/en\/wp-json\/wp\/v2\/pages"}],"about":[{"href":"https:\/\/www.vivasalud.be\/en\/wp-json\/wp\/v2\/types\/page"}],"author":[{"embeddable":true,"href":"https:\/\/www.vivasalud.be\/en\/wp-json\/wp\/v2\/users\/1"}],"replies":[{"embeddable":true,"href":"https:\/\/www.vivasalud.be\/en\/wp-json\/wp\/v2\/comments?post=1912"}],"version-history":[{"count":0,"href":"https:\/\/www.vivasalud.be\/en\/wp-json\/wp\/v2\/pages\/1912\/revisions"}],"up":[{"embeddable":true,"href":"https:\/\/www.vivasalud.be\/en\/wp-json\/wp\/v2\/pages\/1788"}],"wp:featuredmedia":[{"embeddable":true,"href":"https:\/\/www.vivasalud.be\/en\/wp-json\/wp\/v2\/media\/600"}],"wp:attachment":[{"href":"https:\/\/www.vivasalud.be\/en\/wp-json\/wp\/v2\/media?parent=1912"}],"curies":[{"name":"wp","href":"https:\/\/api.w.org\/{rel}","templated":true}]}}