{"id":2080,"date":"2020-01-28T12:23:08","date_gmt":"2020-01-28T12:23:08","guid":{"rendered":"https:\/\/www.vivasalud.be\/ik-stel-me-kandidaat-voor-vrijwilligerswerk-of-een-stage\/"},"modified":"2025-12-15T09:25:43","modified_gmt":"2025-12-15T09:25:43","slug":"become-a-volunteer","status":"publish","type":"page","link":"https:\/\/www.vivasalud.be\/en\/devenir-benevole\/","title":{"rendered":"Become a volunteer"},"content":{"rendered":"\t\t<div data-elementor-type=\"wp-page\" data-elementor-id=\"2080\" class=\"elementor elementor-2080\" data-elementor-post-type=\"page\">\n\t\t\t\t<div class=\"elementor-element elementor-element-b6d2504 e-flex e-con-boxed e-con e-parent\" data-id=\"b6d2504\" data-element_type=\"container\" data-e-type=\"container\">\n\t\t\t\t\t<div class=\"e-con-inner\">\n\t\t\t\t<div class=\"elementor-element elementor-element-46f91ca elementor-widget elementor-widget-heading\" data-id=\"46f91ca\" data-element_type=\"widget\" data-e-type=\"widget\" data-widget_type=\"heading.default\">\n\t\t\t\t\t<h2 class=\"elementor-heading-title elementor-size-default\">Je deviens b\u00e9n\u00e9vole<\/h2>\t\t\t\t<\/div>\n\t\t<div class=\"elementor-element elementor-element-88f6ac9 e-con-full e-flex e-con e-child\" data-id=\"88f6ac9\" data-element_type=\"container\" data-e-type=\"container\">\n\t\t\t\t<div class=\"elementor-element elementor-element-750b957 elementor-button-align-stretch elementor-widget elementor-widget-form\" data-id=\"750b957\" data-element_type=\"widget\" data-e-type=\"widget\" data-settings=\"{&quot;step_next_label&quot;:&quot;Suivant&quot;,&quot;step_previous_label&quot;:&quot;Pr\\u00e9c\\u00e9dent&quot;,&quot;button_width&quot;:&quot;100&quot;,&quot;step_type&quot;:&quot;number_text&quot;,&quot;step_icon_shape&quot;:&quot;circle&quot;}\" data-widget_type=\"form.default\">\n\t\t\t\t\t\t\t<form class=\"elementor-form\" method=\"post\" name=\"Nouveau formulaire\" aria-label=\"Nouveau formulaire\">\n\t\t\t<input type=\"hidden\" name=\"post_id\" value=\"2080\"\/>\n\t\t\t<input type=\"hidden\" name=\"form_id\" value=\"750b957\"\/>\n\t\t\t<input type=\"hidden\" name=\"referer_title\" value=\"Devenir b\u00e9n\u00e9vole\" \/>\n\n\t\t\t\t\t\t\t<input type=\"hidden\" name=\"queried_id\" value=\"2080\"\/>\n\t\t\t\n\t\t\t<div class=\"elementor-form-fields-wrapper elementor-labels-above\">\n\t\t\t\t\t\t\t\t<div class=\"elementor-field-type-text elementor-field-group elementor-column elementor-field-group-name elementor-col-100 elementor-field-required elementor-mark-required\">\n\t\t\t\t\t\t\t\t\t\t\t\t<label for=\"form-field-name\" class=\"elementor-field-label\">\n\t\t\t\t\t\t\t\tNom et pr\u00e9nom\t\t\t\t\t\t\t<\/label>\n\t\t\t\t\t\t\t\t\t\t\t\t\t\t<input size=\"1\" type=\"text\" name=\"form_fields[name]\" id=\"form-field-name\" class=\"elementor-field elementor-size-xs  elementor-field-textual\" placeholder=\"Nom\" required=\"required\">\n\t\t\t\t\t\t\t\t\t\t\t<\/div>\n\t\t\t\t\t\t\t\t<div class=\"elementor-field-type-email elementor-field-group elementor-column elementor-field-group-email elementor-col-100 elementor-field-required elementor-mark-required\">\n\t\t\t\t\t\t\t\t\t\t\t\t<label for=\"form-field-email\" class=\"elementor-field-label\">\n\t\t\t\t\t\t\t\tE-mail\t\t\t\t\t\t\t<\/label>\n\t\t\t\t\t\t\t\t\t\t\t\t\t\t<input size=\"1\" type=\"email\" name=\"form_fields[email]\" id=\"form-field-email\" class=\"elementor-field elementor-size-xs  elementor-field-textual\" placeholder=\"E-mail\" required=\"required\">\n\t\t\t\t\t\t\t\t\t\t\t<\/div>\n\t\t\t\t\t\t\t\t<div class=\"elementor-field-type-tel elementor-field-group elementor-column elementor-field-group-field_589a240 elementor-col-100 elementor-field-required elementor-mark-required\">\n\t\t\t\t\t\t\t\t\t\t\t\t<label for=\"form-field-field_589a240\" class=\"elementor-field-label\">\n\t\t\t\t\t\t\t\tNum\u00e9ro de GSM\t\t\t\t\t\t\t<\/label>\n\t\t\t\t\t\t\t\t<input size=\"1\" type=\"tel\" name=\"form_fields[field_589a240]\" id=\"form-field-field_589a240\" class=\"elementor-field elementor-size-xs  elementor-field-textual\" required=\"required\" pattern=\"[0-9()#&amp;+*-=.]+\" title=\"Only numbers and phone characters (#, -, *, etc) are accepted.\">\n\n\t\t\t\t\t\t<\/div>\n\t\t\t\t\t\t\t\t<div class=\"elementor-field-type-text elementor-field-group elementor-column elementor-field-group-field_7be0df5 elementor-col-100 elementor-field-required elementor-mark-required\">\n\t\t\t\t\t\t\t\t\t\t\t\t<label for=\"form-field-field_7be0df5\" class=\"elementor-field-label\">\n\t\t\t\t\t\t\t\tAdresse et code postal\t\t\t\t\t\t\t<\/label>\n\t\t\t\t\t\t\t\t\t\t\t\t\t\t<input size=\"1\" type=\"text\" name=\"form_fields[field_7be0df5]\" id=\"form-field-field_7be0df5\" class=\"elementor-field elementor-size-xs  elementor-field-textual\" required=\"required\">\n\t\t\t\t\t\t\t\t\t\t\t<\/div>\n\t\t\t\t\t\t\t\t<div class=\"elementor-field-type-textarea elementor-field-group elementor-column elementor-field-group-field_c62efc3 elementor-col-100 elementor-field-required elementor-mark-required\">\n\t\t\t\t\t\t\t\t\t\t\t\t<label for=\"form-field-field_c62efc3\" class=\"elementor-field-label\">\n\t\t\t\t\t\t\t\t D'o\u00f9 vient votre int\u00e9r\u00eat pour Viva Salud et pourquoi aimeriez-vous \u00eatre b\u00e9n\u00e9vole avec nous ? * \t\t\t\t\t\t\t<\/label>\n\t\t\t\t\t\t<textarea class=\"elementor-field-textual elementor-field  elementor-size-xs\" name=\"form_fields[field_c62efc3]\" id=\"form-field-field_c62efc3\" rows=\"4\" required=\"required\"><\/textarea>\t\t\t\t<\/div>\n\t\t\t\t\t\t\t\t<div class=\"elementor-field-type-checkbox elementor-field-group elementor-column elementor-field-group-field_e0f4aa4 elementor-col-100\">\n\t\t\t\t\t\t\t\t\t\t\t\t<label for=\"form-field-field_e0f4aa4\" class=\"elementor-field-label\">\n\t\t\t\t\t\t\t\t Tenez-moi au courant \t\t\t\t\t\t\t<\/label>\n\t\t\t\t\t\t<div class=\"elementor-field-subgroup  \"><span class=\"elementor-field-option\"><input type=\"checkbox\" value=\"Je souhaite recevoir des infos de Viva Salud par email (newsletter mensuelle)\" id=\"form-field-field_e0f4aa4-0\" name=\"form_fields[field_e0f4aa4][]\"> <label for=\"form-field-field_e0f4aa4-0\">Je souhaite recevoir des infos de Viva Salud par email (newsletter mensuelle)<\/label><\/span><span class=\"elementor-field-option\"><input type=\"checkbox\" value=\"Je souhaite recevoir par courrier le magazine trimestriel de Viva Salud\" id=\"form-field-field_e0f4aa4-1\" name=\"form_fields[field_e0f4aa4][]\"> <label for=\"form-field-field_e0f4aa4-1\">Je souhaite recevoir par courrier le magazine trimestriel de Viva Salud<\/label><\/span><span class=\"elementor-field-option\"><input type=\"checkbox\" value=\"Je souhaite \u00eatre inform\u00e9.e via WhatsApp (n&#039;oubliez pas d&#039;indiquer votre num\u00e9ro de GSM)\" id=\"form-field-field_e0f4aa4-2\" name=\"form_fields[field_e0f4aa4][]\"> <label for=\"form-field-field_e0f4aa4-2\">Je souhaite \u00eatre inform\u00e9.e via WhatsApp (n'oubliez pas d'indiquer votre num\u00e9ro de GSM)<\/label><\/span><\/div>\t\t\t\t<\/div>\n\t\t\t\t\t\t\t\t<div class=\"elementor-field-group elementor-column elementor-field-type-submit elementor-col-100 e-form__buttons\">\n\t\t\t\t\t<button class=\"elementor-button elementor-size-sm\" type=\"submit\">\n\t\t\t\t\t\t<span class=\"elementor-button-content-wrapper\">\n\t\t\t\t\t\t\t\t\t\t\t\t\t\t\t<span class=\"elementor-button-icon\">\n\t\t\t\t\t\t\t\t\t<i aria-hidden=\"true\" class=\"ban ban-android-send\"><\/i>\t\t\t\t\t\t\t\t\t\t\t\t\t\t\t\t\t<\/span>\n\t\t\t\t\t\t\t\t\t\t\t\t\t\t\t\t\t\t\t\t\t\t<span class=\"elementor-button-text\">Envoyer<\/span>\n\t\t\t\t\t\t\t\t\t\t\t\t\t<\/span>\n\t\t\t\t\t<\/button>\n\t\t\t\t<\/div>\n\t\t\t<\/div>\n\t\t<\/form>\n\t\t\t\t\t\t<\/div>\n\t\t\t\t<\/div>\n\t\t\t\t<div class=\"elementor-element elementor-element-4e9cd39 elementor-widget elementor-widget-text-editor\" data-id=\"4e9cd39\" data-element_type=\"widget\" data-e-type=\"widget\" data-widget_type=\"text-editor.default\">\n\t\t\t\t\t\t\t\t\t\n<div class=\"wp-block-spacer\" style=\"height: 33px;\" aria-hidden=\"true\">\u00a0<\/div>\n\n<p class=\"has-very-light-gray-background-color has-background\">En soumettant ce formulaire, vous d\u00e9clarez accepter que Viva Salud conserve vos donn\u00e9es afin de vous tenir inform\u00e9.e en fonction de vos int\u00e9r\u00eats. Vous pouvez nous demander de consulter vos donn\u00e9es, de les corriger et de les supprimer. Vous pouvez le faire par e-mail: <a href=\"mailto:info@vivasalud.be\">info@vivasalud.be<\/a> ou par courrier \u00e0 Viva Salud &#8211; Chauss\u00e9e de Haecht 53 &#8211; 1210 Bruxelles. Pour toute question ou r\u00e9clamation, veuillez contacter: <a href=\"mailto:info@vivasalud.be\">info@vivasalud.be<\/a> ou par t\u00e9l\u00e9phone: 02 209 23 65. Vous pouvez en savoir plus sur la politique de confidentialit\u00e9 de Viva Salud ici: <a href=\"https:\/\/www.vivasalud.be\/fr\/declaration-de-confidentialite\" target=\"_blank\" rel=\"noreferrer noopener\">https:\/\/www.vivasalud.be\/fr\/declaration-de-confidentialite<\/a><\/p>\n\t\t\t\t\t\t\t\t<\/div>\n\t\t\t\t\t<\/div>\n\t\t\t\t<\/div>\n\t\t\t\t<\/div>\n\t\t","protected":false},"excerpt":{"rendered":"<p>Viva Salud regularly needs volunteers to organise events, produce videos, provide translations or help with administrative tasks.<\/p>","protected":false},"author":15,"featured_media":20910,"parent":0,"menu_order":38,"comment_status":"closed","ping_status":"closed","template":"","meta":{"_acf_changed":false,"_seopress_robots_primary_cat":"","_seopress_titles_title":"","_seopress_titles_desc":"Je me porte candidat\u00b7e pour du b\u00e9n\u00e9volat ou un stage!","_seopress_robots_index":"","footnotes":""},"class_list":["post-2080","page","type-page","status-publish","has-post-thumbnail","hentry"],"acf":[],"_links":{"self":[{"href":"https:\/\/www.vivasalud.be\/en\/wp-json\/wp\/v2\/pages\/2080","targetHints":{"allow":["GET"]}}],"collection":[{"href":"https:\/\/www.vivasalud.be\/en\/wp-json\/wp\/v2\/pages"}],"about":[{"href":"https:\/\/www.vivasalud.be\/en\/wp-json\/wp\/v2\/types\/page"}],"author":[{"embeddable":true,"href":"https:\/\/www.vivasalud.be\/en\/wp-json\/wp\/v2\/users\/15"}],"replies":[{"embeddable":true,"href":"https:\/\/www.vivasalud.be\/en\/wp-json\/wp\/v2\/comments?post=2080"}],"version-history":[{"count":0,"href":"https:\/\/www.vivasalud.be\/en\/wp-json\/wp\/v2\/pages\/2080\/revisions"}],"wp:featuredmedia":[{"embeddable":true,"href":"https:\/\/www.vivasalud.be\/en\/wp-json\/wp\/v2\/media\/20910"}],"wp:attachment":[{"href":"https:\/\/www.vivasalud.be\/en\/wp-json\/wp\/v2\/media?parent=2080"}],"curies":[{"name":"wp","href":"https:\/\/api.w.org\/{rel}","templated":true}]}}