{"id":3339,"date":"2019-08-14T19:00:27","date_gmt":"2019-08-14T19:00:27","guid":{"rendered":"https:\/\/www.vivasalud.be\/disclaimer\/"},"modified":"2020-03-13T17:21:26","modified_gmt":"2020-03-13T16:21:26","slug":"disclaimer","status":"publish","type":"page","link":"https:\/\/www.vivasalud.be\/en\/disclaimer\/","title":{"rendered":"Disclaimer"},"content":{"rendered":"<div style=\"height:20px\" aria-hidden=\"true\" class=\"wp-block-spacer\"><\/div>\n\n\n\n<h1 class=\"wp-block-heading\">Disclaimer<\/h1>\n\n\n\n<p>We endeavour to ensure that all information on this website is as complete, accurate and up to date as possible.<\/p>\n\n\n\n<p>Despite our best efforts, this may not always be the case. If you notice any inaccuracies, we would be grateful if you could let us know as soon as possible. We will endeavour to deal with your query or comment immediately.<\/p>\n\n\n\n<p>This website contains links to other websites and to information sources managed by third parties. We cannot guarantee the completeness or accuracy of the content of these websites, nor the availability of the websites and information sources.<\/p>\n\n\n\n<p><\/p>","protected":false},"excerpt":{"rendered":"<p>Disclaimer Nous faisons en sorte que toutes les informations figurant sur ce site soient aussi compl\u00e8tes, exactes et \u00e0 jour que possible. Malgr\u00e9 tous nos efforts, il peut arriver que ce ne soit pas le cas. Si vous constatez des inexactitudes, nous vous serions reconnaissants de nous le faire savoir au plus vite. Nous t\u00e2cherons [&hellip;]<\/p>\n","protected":false},"author":1,"featured_media":0,"parent":0,"menu_order":27,"comment_status":"closed","ping_status":"closed","template":"","meta":{"_acf_changed":false,"_seopress_robots_primary_cat":"","_seopress_titles_title":"","_seopress_titles_desc":"","_seopress_robots_index":"","footnotes":""},"class_list":["post-3339","page","type-page","status-publish","hentry"],"acf":[],"_links":{"self":[{"href":"https:\/\/www.vivasalud.be\/en\/wp-json\/wp\/v2\/pages\/3339","targetHints":{"allow":["GET"]}}],"collection":[{"href":"https:\/\/www.vivasalud.be\/en\/wp-json\/wp\/v2\/pages"}],"about":[{"href":"https:\/\/www.vivasalud.be\/en\/wp-json\/wp\/v2\/types\/page"}],"author":[{"embeddable":true,"href":"https:\/\/www.vivasalud.be\/en\/wp-json\/wp\/v2\/users\/1"}],"replies":[{"embeddable":true,"href":"https:\/\/www.vivasalud.be\/en\/wp-json\/wp\/v2\/comments?post=3339"}],"version-history":[{"count":0,"href":"https:\/\/www.vivasalud.be\/en\/wp-json\/wp\/v2\/pages\/3339\/revisions"}],"wp:attachment":[{"href":"https:\/\/www.vivasalud.be\/en\/wp-json\/wp\/v2\/media?parent=3339"}],"curies":[{"name":"wp","href":"https:\/\/api.w.org\/{rel}","templated":true}]}}