{"id":7716,"date":"2021-05-17T17:29:44","date_gmt":"2021-05-17T15:29:44","guid":{"rendered":"https:\/\/www.vivasalud.be\/?page_id=7716"},"modified":"2024-07-30T09:55:12","modified_gmt":"2024-07-30T07:55:12","slug":"become-a-manifiesta-volunteer","status":"publish","type":"page","link":"https:\/\/www.vivasalud.be\/en\/devenez-benevole-a-manifiesta\/","title":{"rendered":"Become a ManiFiesta volunteer!"},"content":{"rendered":"<div style=\"height:37px\" aria-hidden=\"true\" class=\"wp-block-spacer\"><\/div>\n\n\n\n<h2 class=\"wp-block-heading\">Become a ManiFiesta volunteer!<\/h2>\n\n\n\n<div style=\"height:37px\" aria-hidden=\"true\" class=\"wp-block-spacer\"><\/div>\n\n\n\n<p><strong>We're looking for volunteers (for a few hours) to set up and run our stand, support our communications (social networking, video, interviews, etc.) and collect as many cups as possible throughout the site to support the work of our partners!<\/strong><\/p>","protected":false},"excerpt":{"rendered":"<p>Would you like to volunteer with Viva Salud at the ManiFiesta 2024 festival? It's possible! Join our team on 7 and 8 September 2024!<\/p>","protected":false},"author":15,"featured_media":17228,"parent":0,"menu_order":31,"comment_status":"closed","ping_status":"closed","template":"","meta":{"_acf_changed":false,"_seopress_robots_primary_cat":"","_seopress_titles_title":"","_seopress_titles_desc":"Envie d&#039;\u00eatre b\u00e9n\u00e9vole avec Viva Salud lors du festival ManiFiesta 2024 ? \u2060\u2060C&#039;est possible ! Le 7 et 8 septembre 2024, rejoins notre \u00e9quipe !","_seopress_robots_index":"","footnotes":""},"class_list":["post-7716","page","type-page","status-publish","has-post-thumbnail","hentry"],"acf":[],"_links":{"self":[{"href":"https:\/\/www.vivasalud.be\/en\/wp-json\/wp\/v2\/pages\/7716","targetHints":{"allow":["GET"]}}],"collection":[{"href":"https:\/\/www.vivasalud.be\/en\/wp-json\/wp\/v2\/pages"}],"about":[{"href":"https:\/\/www.vivasalud.be\/en\/wp-json\/wp\/v2\/types\/page"}],"author":[{"embeddable":true,"href":"https:\/\/www.vivasalud.be\/en\/wp-json\/wp\/v2\/users\/15"}],"replies":[{"embeddable":true,"href":"https:\/\/www.vivasalud.be\/en\/wp-json\/wp\/v2\/comments?post=7716"}],"version-history":[{"count":0,"href":"https:\/\/www.vivasalud.be\/en\/wp-json\/wp\/v2\/pages\/7716\/revisions"}],"wp:featuredmedia":[{"embeddable":true,"href":"https:\/\/www.vivasalud.be\/en\/wp-json\/wp\/v2\/media\/17228"}],"wp:attachment":[{"href":"https:\/\/www.vivasalud.be\/en\/wp-json\/wp\/v2\/media?parent=7716"}],"curies":[{"name":"wp","href":"https:\/\/api.w.org\/{rel}","templated":true}]}}