{"id":10892,"date":"2022-06-28T13:33:36","date_gmt":"2022-06-28T11:33:36","guid":{"rendered":"https:\/\/www.vivasalud.be\/?page_id=10892"},"modified":"2024-10-14T15:45:11","modified_gmt":"2024-10-14T13:45:11","slug":"voor-gezonde-arbeidsomstandigheden","status":"publish","type":"page","link":"https:\/\/www.vivasalud.be\/nl\/en-action-3\/participez-a-nos-campagnes\/pour-des-conditions-de-travail-saines\/","title":{"rendered":"Voor gezonde werkomstandigheden"},"content":{"rendered":"<div style=\"height:36px\" aria-hidden=\"true\" class=\"wp-block-spacer\"><\/div>\n\n\n\n<h1 class=\"wp-block-heading\">Voor gezonde werkomstandigheden<\/h1>\n\n\n\n<figure class=\"wp-block-image size-full\"><a href=\"https:\/\/www.vivasalud.be\/wp-content\/uploads\/2022\/09\/bandeau-cond-trav-saines-19201080.png\"><img fetchpriority=\"high\" decoding=\"async\" width=\"1920\" height=\"1080\" src=\"https:\/\/www.vivasalud.be\/wp-content\/uploads\/2022\/09\/bandeau-cond-trav-saines-19201080.png\" alt=\"gezonde werkomstandigheden gezonde werkomstandigheden\" class=\"wp-image-11202\" srcset=\"https:\/\/www.vivasalud.be\/wp-content\/uploads\/2022\/09\/bandeau-cond-trav-saines-19201080.png 1920w, https:\/\/www.vivasalud.be\/wp-content\/uploads\/2022\/09\/bandeau-cond-trav-saines-19201080-800x450.png 800w, https:\/\/www.vivasalud.be\/wp-content\/uploads\/2022\/09\/bandeau-cond-trav-saines-19201080-768x432.png 768w, https:\/\/www.vivasalud.be\/wp-content\/uploads\/2022\/09\/bandeau-cond-trav-saines-19201080-1536x864.png 1536w, https:\/\/www.vivasalud.be\/wp-content\/uploads\/2022\/09\/bandeau-cond-trav-saines-19201080-400x225.png 400w\" sizes=\"(max-width: 1920px) 100vw, 1920px\" \/><\/a><\/figure>\n\n\n\n<p><strong><strong><strong><strong>Mensen brengen een groot deel van hun leven werkend door. De omstandigheden waarin ze dat doen hebben een grote invloed op hun gezondheid. Het recht op gezondheid kan niet bestaan zonder het recht op gezonde werkomstandigheden.<\/strong><\/strong><\/strong><\/strong><\/p>\n\n\n\n<p>Uit cijfers van de Internationale Arbeidsorganisatie blijkt dat elk jaar minstens 1,9 miljoen mensen overlijden als gevolg van arbeidsongevallen of beroepsziekten. Daarnaast vinden er jaarlijks 360 miljoen niet-dodelijke ongevallen plaats. Privatiseringen, uitbreidingen en overnames van grote bedrijven en gezondheidscrises zetten de arbeidsomstandigheden steeds meer onder druk, onder andere in de gezondheidszorg, de landbouw en de mijnbouw. Vrouwen, de LGBTQ+ gemeenschap en werknemers in de informele economie worden het hardst getroffen.<\/p>\n\n\n\n<h2 class=\"wp-block-heading\"><strong>Onze doelen<\/strong><\/h2>\n\n\n\n<p><strong>Daarom voert Viva Salud sinds 2022 campagne voor gezonde arbeidsomstandigheden voor iedereen. <\/strong>Van gezondheidswerkers met ontoereikende beschermingsmiddelen op de Filippijnen, tot Palestijnse boeren die gedwongen worden om met gevaarlijke pesticiden te werken, tot Congolese mijnwerkers die uitgebuit worden door grote bedrijven. Belgi\u00eb en de Europese Unie zijn hier vaak bij betrokken. We willen dat andere organisaties en netwerken het recht op gezondheid opnemen in hun strijd voor fatsoenlijk werk. Samen mobiliseren we sociale bewegingen en het grote publiek, be\u00efnvloeden we het beleid en stimuleren we verandering.<\/p>\n\n\n\n<h2 class=\"wp-block-heading\"><strong>Onze partnerschappen<\/strong><\/h2>\n\n\n\n<p>In samenwerking met organisaties in Palestina, DR Congo en de Filippijnen, en met verschillende nationale, regionale en internationale werkgroepen, verdedigen we respect voor het recht op gezonde en veilige werkomstandigheden over de hele wereld.<\/p>\n\n\n\n<p>We voeren met name campagne voor strenge regels voor de export van verboden pesticiden naar landen buiten de Europese Unie en voor een \"zorgplicht\"-wet die Belgische en Europese bedrijven verplicht de mensenrechten in de hele productieketen te respecteren en eventuele schendingen te compenseren. We bundelen onze krachten met andere organisaties zoals 11.11.11, <a href=\"https:\/\/www.cncd.be\/\" target=\"_blank\" rel=\"noreferrer noopener\">CNCD-11.11.11<\/a>, <a href=\"https:\/\/www.fian.be\/\" target=\"_blank\" rel=\"noreferrer noopener\">Fian<\/a>, <a href=\"https:\/\/www.sosfaim.be\/\" target=\"_blank\" rel=\"noreferrer noopener\">SOS Faim<\/a>, <a href=\"https:\/\/www.solidagro.be\/fr\/climateherofr\" target=\"_blank\" rel=\"noreferrer noopener\">Solidago<\/a>, <a href=\"https:\/\/www.wsm.be\/\" target=\"_blank\" rel=\"noreferrer noopener\">WSM<\/a> en <a href=\"https:\/\/fos.ngo\/fr-fos\/\" target=\"_blank\" rel=\"noreferrer noopener\">FOS<\/a>.<\/p>\n\n\n\n<div style=\"height:36px\" aria-hidden=\"true\" class=\"wp-block-spacer\"><\/div>\n\n\n\n<hr class=\"wp-block-separator has-alpha-channel-opacity\"\/>\n\n\n\n<h2 class=\"wp-block-heading\">Bekijk onze gerelateerde campagnes:<\/h2>\n\n\n\n<div class=\"wp-block-media-text alignwide has-media-on-the-right is-stacked-on-mobile is-vertically-aligned-center\" style=\"grid-template-columns:auto 24%\"><div class=\"wp-block-media-text__content\">\n<h3 class=\"wp-block-heading\">Bestrijdingsmiddelen: hier verboden, daar ge\u00ebxporteerd. Overal dodelijk.<\/h3>\n\n\n\n<p>Dodelijke bestrijdingsmiddelen die in Europa verboden zijn, worden ge\u00ebxporteerd naar lage-inkomenslanden, waar ze de gezondheid van boeren en het milieu vernietigen. Ironisch genoeg komen deze zelfde pesticiden op ons bord terecht in het voedsel dat we importeren.<\/p>\n\n\n\n<div class=\"wp-block-buttons is-layout-flex wp-block-buttons-is-layout-flex\">\n<div class=\"wp-block-button\"><a class=\"wp-block-button__link wp-element-button\" href=\"https:\/\/www.vivasalud.be\/fr\/luttons-contre-les-pesticides\/\"><strong>Lees meer<\/strong><\/a><\/div>\n<\/div>\n<\/div><figure class=\"wp-block-media-text__media\"><a href=\"https:\/\/www.vivasalud.be\/fr\/luttons-contre-les-pesticides\/\"><img decoding=\"async\" width=\"1920\" height=\"1920\" src=\"https:\/\/www.vivasalud.be\/wp-content\/uploads\/2022\/10\/Pesticides_Post-carre\u03011-tomate-min-1920x1920.jpg\" alt=\"bestrijdingsmiddelen \" class=\"wp-image-11825 size-full\" srcset=\"https:\/\/www.vivasalud.be\/wp-content\/uploads\/2022\/10\/Pesticides_Post-carre\u03011-tomate-min.jpg 1920w, https:\/\/www.vivasalud.be\/wp-content\/uploads\/2022\/10\/Pesticides_Post-carre\u03011-tomate-min-800x800.jpg 800w, https:\/\/www.vivasalud.be\/wp-content\/uploads\/2022\/10\/Pesticides_Post-carre\u03011-tomate-min-768x768.jpg 768w, https:\/\/www.vivasalud.be\/wp-content\/uploads\/2022\/10\/Pesticides_Post-carre\u03011-tomate-min-1536x1536.jpg 1536w\" sizes=\"(max-width: 1920px) 100vw, 1920px\" \/><\/a><\/figure><\/div>\n\n\n\n<hr class=\"wp-block-separator has-alpha-channel-opacity\"\/>\n\n\n\n<h2 class=\"wp-block-heading\">Artikelen en analyses<\/h2>\n\n\n\n<div style=\"height:21px\" aria-hidden=\"true\" class=\"wp-block-spacer\"><\/div>\n\n\n\n\n\n<hr class=\"wp-block-separator has-css-opacity\"\/>\n\n\n\n<div style=\"height:16px\" aria-hidden=\"true\" class=\"wp-block-spacer\"><\/div>\n\n\n\n<p><\/p>","protected":false},"excerpt":{"rendered":"<p>Mensen brengen een groot deel van hun leven werkend door. De omstandigheden waarin ze dat doen hebben een grote invloed op hun gezondheid. Het recht op gezondheid kan niet bestaan zonder het recht op gezonde werkomstandigheden.<\/p>","protected":false},"author":15,"featured_media":11202,"parent":2007,"menu_order":2,"comment_status":"closed","ping_status":"closed","template":"","meta":{"_acf_changed":false,"_seopress_robots_primary_cat":"","_seopress_titles_title":"","_seopress_titles_desc":"Partout, des travailleur\u00b7se\u00b7s exercent dans d&#039;indignes conditions : le droit \u00e0 la sant\u00e9 s&#039;aligne \u00e0 des conditions de travail saines.","_seopress_robots_index":"","footnotes":""},"class_list":["post-10892","page","type-page","status-publish","has-post-thumbnail","hentry"],"acf":[],"_links":{"self":[{"href":"https:\/\/www.vivasalud.be\/nl\/wp-json\/wp\/v2\/pages\/10892","targetHints":{"allow":["GET"]}}],"collection":[{"href":"https:\/\/www.vivasalud.be\/nl\/wp-json\/wp\/v2\/pages"}],"about":[{"href":"https:\/\/www.vivasalud.be\/nl\/wp-json\/wp\/v2\/types\/page"}],"author":[{"embeddable":true,"href":"https:\/\/www.vivasalud.be\/nl\/wp-json\/wp\/v2\/users\/15"}],"replies":[{"embeddable":true,"href":"https:\/\/www.vivasalud.be\/nl\/wp-json\/wp\/v2\/comments?post=10892"}],"version-history":[{"count":0,"href":"https:\/\/www.vivasalud.be\/nl\/wp-json\/wp\/v2\/pages\/10892\/revisions"}],"up":[{"embeddable":true,"href":"https:\/\/www.vivasalud.be\/nl\/wp-json\/wp\/v2\/pages\/2007"}],"wp:featuredmedia":[{"embeddable":true,"href":"https:\/\/www.vivasalud.be\/nl\/wp-json\/wp\/v2\/media\/11202"}],"wp:attachment":[{"href":"https:\/\/www.vivasalud.be\/nl\/wp-json\/wp\/v2\/media?parent=10892"}],"curies":[{"name":"wp","href":"https:\/\/api.w.org\/{rel}","templated":true}]}}