{"id":10900,"date":"2022-06-28T13:32:49","date_gmt":"2022-06-28T11:32:49","guid":{"rendered":"https:\/\/www.vivasalud.be\/?page_id=10900"},"modified":"2023-09-18T10:57:24","modified_gmt":"2023-09-18T08:57:24","slug":"sociale-bewegingen-voor-het-recht-op-gezondheid","status":"publish","type":"page","link":"https:\/\/www.vivasalud.be\/nl\/en-action-3\/participez-a-nos-campagnes\/les-mouvements-sociaux-pour-le-droit-a-la-sante\/","title":{"rendered":"Sociale bewegingen voor het recht op gezondheid"},"content":{"rendered":"<p><\/p>\n\n\n\n<h1 class=\"wp-block-heading\">Sociale bewegingen voor het recht op gezondheid<\/h1>\n\n\n\n<figure class=\"wp-block-image size-full\"><a href=\"https:\/\/www.vivasalud.be\/wp-content\/uploads\/2022\/09\/bandeau-socmov-19201080.png\"><img fetchpriority=\"high\" decoding=\"async\" width=\"1920\" height=\"1080\" src=\"https:\/\/www.vivasalud.be\/wp-content\/uploads\/2022\/09\/bandeau-socmov-19201080.png\" alt=\"sociale bewegingen\" class=\"wp-image-11205\" srcset=\"https:\/\/www.vivasalud.be\/wp-content\/uploads\/2022\/09\/bandeau-socmov-19201080.png 1920w, https:\/\/www.vivasalud.be\/wp-content\/uploads\/2022\/09\/bandeau-socmov-19201080-800x450.png 800w, https:\/\/www.vivasalud.be\/wp-content\/uploads\/2022\/09\/bandeau-socmov-19201080-768x432.png 768w, https:\/\/www.vivasalud.be\/wp-content\/uploads\/2022\/09\/bandeau-socmov-19201080-1536x864.png 1536w, https:\/\/www.vivasalud.be\/wp-content\/uploads\/2022\/09\/bandeau-socmov-19201080-400x225.png 400w\" sizes=\"(max-width: 1920px) 100vw, 1920px\" \/><\/a><\/figure>\n\n\n\n<p><strong><strong><strong>Sociale bewegingen staan in de frontlinie bij het verdedigen en bevorderen van het recht op gezondheid. Hun vermogen om bij te dragen aan het publieke debat en deel te nemen aan besluitvormingsprocessen hangt in grote mate af van de openheid van de democratische ruimten waarin ze opereren. Daarom heeft Viva Salud dit tot een van haar prioriteiten gemaakt.<\/strong><\/strong><\/strong><\/p>\n\n\n\n<p>De democratische ruimte wordt wereldwijd bedreigd: criminalisering, stigmatisering, laster, intimidatie, delegitimering van sociale bewegingen en de activisten die daarin werken. Volgens <a href=\"https:\/\/monitor.civicus.org\/\" target=\"_blank\" rel=\"noreferrer noopener\">Civicus Monitor<\/a>, 9 van de 10 mensen leven in landen waar de burgerlijke vrijheden ernstig beperkt zijn. Iets meer dan 3% van de wereldbevolking leeft in een land met een open democratische ruimte. In 2021 is de situatie in Belgi\u00eb van \u201copen\u201d naar \u201cbeperkt\u201d gegaan.<\/p>\n\n\n\n<p>Sociale bewegingen zijn een belangrijke kracht voor verandering. Overal ter wereld staan ze in de frontlinie om het recht op gezondheid te verdedigen en te bevorderen. Ze fungeren als waakhonden en sturen overheidsbeleid in de richting van meer sociale rechtvaardigheid. Een goede gezondheid en het openen van democratische ruimten, zowel nationaal als internationaal, zijn daarom voorwaarden voor de ontwikkeling van effectieve en inclusieve gezondheidszorgstelsels.<\/p>\n\n\n\n<h2 class=\"wp-block-heading\"><strong>Onze doelen<\/strong><\/h2>\n\n\n\n<p>Ten eerste verdedigen we de essenti\u00eble rol van sociale bewegingen bij het bevorderen van het recht op gezondheid. Samen met onze partners, supporters en vrijwilligers voeren we campagne om de invloed van sociale bewegingen op de uitvoering van het volksgezondheidsbeleid te versterken. We roepen op tot maatregelen om sociale bewegingen te beschermen zodat ze, binnen open en transparante democratische ruimten, kunnen bijdragen aan de ontwikkeling van systemen van volksgezondheid die rechtvaardig en toegankelijk zijn voor iedereen.<\/p>\n\n\n\n<p>Stevige netwerken, massamobilisatie, internationale solidariteit en gezamenlijke campagnes kunnen het verschil maken. We kunnen de vrijlating bewerkstelligen van vervolgde mensenrechtenactivisten zoals <a href=\"https:\/\/www.vivasalud.be\/fr\/decouvrez-notre-podcast-notatarget\/\">Shatha Odeh<\/a> in Palestina of Dr. Naty Castro in de Filippijnen in 2022.<\/p>\n\n\n\n<h2 class=\"wp-block-heading\"><strong>Onze partnerschappen<\/strong><\/h2>\n\n\n\n<p>Met onze Filipijnse, Congolese en Palestijnse partners en andere organisaties zoals <a href=\"https:\/\/phmovement.org\/\" target=\"_blank\" rel=\"noreferrer noopener\">Volksgezondheidsbeweging<\/a>, de vakbonden, <a href=\"https:\/\/www.intal.be\/\" target=\"_blank\" rel=\"noreferrer noopener\">Intal<\/a>, Wij bouwen aan een wereldwijde sociale beweging voor gezondheid. Ons doel is om maatschappelijke organisaties, sociale spelers en toegewijde individuen samen te brengen die dezelfde waarden delen en samen willen werken om het recht op gezondheid te verdedigen.<\/p>\n\n\n\n<p>Tot slot, door campagnes zoals <a href=\"https:\/\/actions.vivasalud.be\/only-fighters-win\" target=\"_blank\" rel=\"noreferrer noopener\">Alleen vechters winnen<\/a> en onze actieve rol in de <a href=\"https:\/\/www.facebook.com\/DefendTheDefendersBelgium\" target=\"_blank\" rel=\"noreferrer noopener\">Verdedig de verdedigers<\/a>, We benadrukken de essenti\u00eble rol van sociale bewegingen in de strijd voor het recht op gezondheid.<\/p>\n\n\n\n\n\n<div style=\"height:36px\" aria-hidden=\"true\" class=\"wp-block-spacer\"><\/div>\n\n\n\n<h2 class=\"wp-block-heading\">Bekijk onze gerelateerde campagnes: <\/h2>\n\n\n\n<div class=\"wp-block-media-text alignwide is-stacked-on-mobile\" style=\"grid-template-columns:24% auto\"><figure class=\"wp-block-media-text__media\"><a href=\"https:\/\/www.vivasalud.be\/fr\/notatarget\/\"><img decoding=\"async\" width=\"1748\" height=\"1358\" src=\"https:\/\/www.vivasalud.be\/wp-content\/uploads\/2022\/09\/NotATarget_2022.png\" alt=\"#NotATarget_2022\" class=\"wp-image-11232 size-full\" srcset=\"https:\/\/www.vivasalud.be\/wp-content\/uploads\/2022\/09\/NotATarget_2022.png 1748w, https:\/\/www.vivasalud.be\/wp-content\/uploads\/2022\/09\/NotATarget_2022-800x622.png 800w, https:\/\/www.vivasalud.be\/wp-content\/uploads\/2022\/09\/NotATarget_2022-768x597.png 768w, https:\/\/www.vivasalud.be\/wp-content\/uploads\/2022\/09\/NotATarget_2022-1536x1193.png 1536w\" sizes=\"(max-width: 1748px) 100vw, 1748px\" \/><\/a><\/figure><div class=\"wp-block-media-text__content\">\n<h3 class=\"wp-block-heading\" style=\"font-size:24px\">#NOTATARTGET : Gezondheidsactivisten verdedigen! <\/h3>\n\n\n\n<p>Overal ter wereld zijn gezondheidsactivisten, werknemers, organisaties en bewegingen het slachtoffer van onderdrukking. Maar onze gezondheid kan alleen veilig zijn als die van hen dat ook is. Laten we hen verdedigen!<\/p>\n\n\n\n<div class=\"wp-block-buttons is-layout-flex wp-block-buttons-is-layout-flex\">\n<div class=\"wp-block-button\"><a class=\"wp-block-button__link wp-element-button\" href=\"https:\/\/www.vivasalud.be\/fr\/notatarget\/\"><strong>Lees meer<\/strong><\/a><\/div>\n<\/div>\n<\/div><\/div>\n\n\n\n<hr class=\"wp-block-separator has-alpha-channel-opacity\"\/>\n\n\n\n<div class=\"wp-block-media-text alignwide has-media-on-the-right is-stacked-on-mobile\" style=\"grid-template-columns:auto 24%\"><div class=\"wp-block-media-text__content\">\n<h3 class=\"wp-block-heading\" style=\"font-size:24px\"><strong>Doe mee met Viva Salud aan de marathon in Palestina!<\/strong><\/h3>\n\n\n\n<p>Op 1 maart 2024 zal Viva Salud opnieuw deelnemen aan de Palestina Marathon om aandacht te vragen voor het gebrek aan bewegingsvrijheid in Palestina. Kom en doe met ons mee!<\/p>\n\n\n\n<div class=\"wp-block-buttons is-layout-flex wp-block-buttons-is-layout-flex\">\n<div class=\"wp-block-button\"><a class=\"wp-block-button__link wp-element-button\" href=\"https:\/\/www.vivasalud.be\/fr\/marathon-palestine\/\"><strong>Lees meer<\/strong><\/a><\/div>\n<\/div>\n<\/div><figure class=\"wp-block-media-text__media\"><a href=\"https:\/\/www.vivasalud.be\/fr\/notatarget\/\"><img decoding=\"async\" width=\"1920\" height=\"1084\" src=\"https:\/\/www.vivasalud.be\/wp-content\/uploads\/2023\/08\/image00002-e1693490009187.jpeg\" alt=\"palestina\" class=\"wp-image-14704 size-full\" srcset=\"https:\/\/www.vivasalud.be\/wp-content\/uploads\/2023\/08\/image00002-e1693490009187.jpeg 1920w, https:\/\/www.vivasalud.be\/wp-content\/uploads\/2023\/08\/image00002-e1693490009187-800x452.jpeg 800w, https:\/\/www.vivasalud.be\/wp-content\/uploads\/2023\/08\/image00002-e1693490009187-768x434.jpeg 768w, https:\/\/www.vivasalud.be\/wp-content\/uploads\/2023\/08\/image00002-e1693490009187-1536x867.jpeg 1536w, https:\/\/www.vivasalud.be\/wp-content\/uploads\/2023\/08\/image00002-e1693490009187-400x225.jpeg 400w\" sizes=\"(max-width: 1920px) 100vw, 1920px\" \/><\/a><\/figure><\/div>\n\n\n\n<hr class=\"wp-block-separator has-alpha-channel-opacity\"\/>\n\n\n\n<h2 class=\"wp-block-heading\">Bij onze partners<\/h2>\n\n\n\n\n\n<hr class=\"wp-block-separator has-css-opacity\"\/>\n\n\n\n<h2 class=\"wp-block-heading\">Doe mee<\/h2>\n\n\n\n\n\n<hr class=\"wp-block-separator has-css-opacity\"\/>\n\n\n\n<h2 class=\"wp-block-heading\">Getuigenissen<\/h2>","protected":false},"excerpt":{"rendered":"<p>Sociale bewegingen staan in de frontlinie bij het verdedigen en bevorderen van het recht op gezondheid. Hun vermogen om bij te dragen aan het publieke debat en deel te nemen aan besluitvormingsprocessen hangt in grote mate af van de openheid van de democratische ruimten waarin ze actief zijn.<\/p>","protected":false},"author":15,"featured_media":11205,"parent":2007,"menu_order":3,"comment_status":"closed","ping_status":"closed","template":"","meta":{"_acf_changed":false,"_seopress_robots_primary_cat":"","_seopress_titles_title":"","_seopress_titles_desc":"La capacit\u00e9 des mouvements sociaux \u00e0 d\u00e9fendre et renforcer le droit \u00e0 la sant\u00e9 d\u00e9pend de l\u2019ouverture des espaces d\u00e9mocratiques.","_seopress_robots_index":"","footnotes":""},"class_list":["post-10900","page","type-page","status-publish","has-post-thumbnail","hentry"],"acf":[],"_links":{"self":[{"href":"https:\/\/www.vivasalud.be\/nl\/wp-json\/wp\/v2\/pages\/10900","targetHints":{"allow":["GET"]}}],"collection":[{"href":"https:\/\/www.vivasalud.be\/nl\/wp-json\/wp\/v2\/pages"}],"about":[{"href":"https:\/\/www.vivasalud.be\/nl\/wp-json\/wp\/v2\/types\/page"}],"author":[{"embeddable":true,"href":"https:\/\/www.vivasalud.be\/nl\/wp-json\/wp\/v2\/users\/15"}],"replies":[{"embeddable":true,"href":"https:\/\/www.vivasalud.be\/nl\/wp-json\/wp\/v2\/comments?post=10900"}],"version-history":[{"count":0,"href":"https:\/\/www.vivasalud.be\/nl\/wp-json\/wp\/v2\/pages\/10900\/revisions"}],"up":[{"embeddable":true,"href":"https:\/\/www.vivasalud.be\/nl\/wp-json\/wp\/v2\/pages\/2007"}],"wp:featuredmedia":[{"embeddable":true,"href":"https:\/\/www.vivasalud.be\/nl\/wp-json\/wp\/v2\/media\/11205"}],"wp:attachment":[{"href":"https:\/\/www.vivasalud.be\/nl\/wp-json\/wp\/v2\/media?parent=10900"}],"curies":[{"name":"wp","href":"https:\/\/api.w.org\/{rel}","templated":true}]}}