{"id":11230,"date":"2022-09-09T16:12:42","date_gmt":"2022-09-09T14:12:42","guid":{"rendered":"https:\/\/www.vivasalud.be\/?page_id=11230"},"modified":"2025-11-26T14:55:30","modified_gmt":"2025-11-26T14:55:30","slug":"notatarget","status":"publish","type":"page","link":"https:\/\/www.vivasalud.be\/nl\/notatarget\/","title":{"rendered":"#NotATarget"},"content":{"rendered":"<p><strong>Campagne van 2021 \u2013 2023.<\/strong><\/p>\n\n\n\n<h2 class=\"wp-block-heading\">De kracht van verandering die #NotATarget met zich meebrengt<\/h2>\n\n\n\n<p>Gezondheidswerkers en -organisaties zijn een belangrijke motor voor verandering. Ze zorgen voor essenti\u00eble gezondheidszorg voor mensen, houden een oogje in het zeil en sturen het overheidsbeleid in de richting van meer sociale rechtvaardigheid.<\/p>\n\n\n\n<h2 class=\"wp-block-heading\">#<strong><strong>NotATarget<\/strong><\/strong><\/h2>\n\n\n\n<p>Toch zien we overal ter wereld dat gezondheidswerkers en -organisaties het doelwit worden waar de democratie onder druk staat. Ze worden ge\u00efntimideerd, opgepakt en soms zelfs vermoord. Deze onderdrukking zorgt ervoor dat ze hun werk niet goed kunnen doen. Sommigen stoppen uit angst met hun werk en verlaten de sector of de organisatie waarvoor ze werken. Anderen kunnen hun werk niet voortzetten om juridische redenen of simpelweg omdat hun leven hen is ontnomen. De financi\u00eble middelen van gezondheidsorganisaties kunnen ook worden aangetast door lastercampagnes en juridische aanvallen. Daardoor wordt het moeilijker om essenti\u00eble zorg te verlenen en sociale verandering af te dwingen.<\/p>\n\n\n\n<h2 class=\"wp-block-heading\"><strong><strong><strong>Hun veiligheid, onze gezondheid<\/strong><\/strong><\/strong><\/h2>\n\n\n\n<p>Deze onderdrukking heeft een enorme impact op de toegang tot gezondheidszorg. Het be\u00efnvloedt niet alleen organisaties en gezondheidswerkers, maar ook de gezondheid van de bevolking zelf. We kunnen alleen gezond zijn als zij veilig zijn. Activisten, gezondheidswerkers, gezondheidsorganisaties en sociale bewegingen die opkomen voor het recht op gezondheid mogen nooit het doelwit worden. Doe mee aan de campagne #NotATarget en steun activisten over de hele wereld!<\/p>","protected":false},"excerpt":{"rendered":"<p>Overal ter wereld worden activisten, werknemers, organisaties en bewegingen in de gezondheidszorg onderdrukt. Maar onze gezondheid kan alleen veilig zijn als die van hen dat ook is. Laten we ze verdedigen!<\/p>","protected":false},"author":15,"featured_media":11232,"parent":0,"menu_order":16,"comment_status":"closed","ping_status":"closed","template":"","meta":{"_acf_changed":false,"_seopress_robots_primary_cat":"","_seopress_titles_title":"","_seopress_titles_desc":"Partout dans le monde des activistes et mouvements de la sant\u00e9 sont victimes de r\u00e9pression. Leur s\u00e9curit\u00e9, c&#039;est notre sant\u00e9. #NotATarget","_seopress_robots_index":"","footnotes":""},"class_list":["post-11230","page","type-page","status-publish","has-post-thumbnail","hentry"],"acf":[],"_links":{"self":[{"href":"https:\/\/www.vivasalud.be\/nl\/wp-json\/wp\/v2\/pages\/11230","targetHints":{"allow":["GET"]}}],"collection":[{"href":"https:\/\/www.vivasalud.be\/nl\/wp-json\/wp\/v2\/pages"}],"about":[{"href":"https:\/\/www.vivasalud.be\/nl\/wp-json\/wp\/v2\/types\/page"}],"author":[{"embeddable":true,"href":"https:\/\/www.vivasalud.be\/nl\/wp-json\/wp\/v2\/users\/15"}],"replies":[{"embeddable":true,"href":"https:\/\/www.vivasalud.be\/nl\/wp-json\/wp\/v2\/comments?post=11230"}],"version-history":[{"count":0,"href":"https:\/\/www.vivasalud.be\/nl\/wp-json\/wp\/v2\/pages\/11230\/revisions"}],"wp:featuredmedia":[{"embeddable":true,"href":"https:\/\/www.vivasalud.be\/nl\/wp-json\/wp\/v2\/media\/11232"}],"wp:attachment":[{"href":"https:\/\/www.vivasalud.be\/nl\/wp-json\/wp\/v2\/media?parent=11230"}],"curies":[{"name":"wp","href":"https:\/\/api.w.org\/{rel}","templated":true}]}}