{"id":13428,"date":"2023-05-03T17:25:31","date_gmt":"2023-05-03T15:25:31","guid":{"rendered":"https:\/\/www.vivasalud.be\/?page_id=13428"},"modified":"2025-11-26T13:48:10","modified_gmt":"2025-11-26T13:48:10","slug":"de-werkomstandigheden-van-het-zorgpersoneel-worden-steeds-slechter","status":"publish","type":"page","link":"https:\/\/www.vivasalud.be\/nl\/accueil-viva-salud\/en-action\/campagne-prenons-soin-des-soignantes\/les-conditions-de-travail-du-personnel-soignant-se-degradent\/","title":{"rendered":"De werkomstandigheden van het zorgpersoneel worden steeds slechter."},"content":{"rendered":"<div style=\"height:47px\" aria-hidden=\"true\" class=\"wp-block-spacer\"><\/div>\n\n\n\n<p><strong>De logica van de markt maakt het niet mogelijk om de gezondheidszorg voor iedereen te verbeteren. Als winst en besparingen voorop staan, gaan fatsoenlijke arbeidsomstandigheden en de kwaliteit van de zorg achteruit.<\/strong>.<\/p>\n\n\n\n<div style=\"height:21px\" aria-hidden=\"true\" class=\"wp-block-spacer\"><\/div>\n\n\n\n<h2 class=\"wp-block-heading\"><strong>Bezuinigingen en commercialisering: een ramp voor het personeel<\/strong><\/h2>\n\n\n\n<p>Een manier om geld te besparen in de gezondheidszorg is door minder uit te geven aan gezondheid en veiligheid op het werk. De COVID-19-pandemie heeft dat pijnlijk duidelijk gemaakt. <strong>Hoewel zorgverleners hun werk onder gevaarlijke omstandigheden doen, krijgen ze niet genoeg beschermingsspullen.<\/strong> Door het tekort aan mondkapjes, desinfecterende gel en handschoenen is het personeel extra kwetsbaar voor infecties. <strong>Volgens de WHO waren er in mei 2021, na een jaar pandemie, wereldwijd ongeveer 115.000 zorgverleners overleden aan COVID-19.<\/strong><\/p>\n\n\n\n<figure class=\"wp-block-image aligncenter size-full is-resized\"><a href=\"https:\/\/www.vivasalud.be\/wp-content\/uploads\/2023\/05\/Protest-UK-e1685114545853.jpg\"><img alt=\"\" fetchpriority=\"high\" decoding=\"async\" width=\"980\" height=\"547\" src=\"https:\/\/www.vivasalud.be\/wp-content\/uploads\/2023\/05\/Protest-UK-e1685114545853.jpg\" class=\"wp-image-13780\" style=\"width:531px;height:296px\" srcset=\"https:\/\/www.vivasalud.be\/wp-content\/uploads\/2023\/05\/Protest-UK-e1685114545853.jpg 980w, https:\/\/www.vivasalud.be\/wp-content\/uploads\/2023\/05\/Protest-UK-e1685114545853-800x447.jpg 800w, https:\/\/www.vivasalud.be\/wp-content\/uploads\/2023\/05\/Protest-UK-e1685114545853-768x429.jpg 768w\" sizes=\"(max-width: 980px) 100vw, 980px\" \/><\/a><\/figure>\n\n\n\n<div style=\"height:47px\" aria-hidden=\"true\" class=\"wp-block-spacer\"><\/div>\n\n\n\n<h2 class=\"wp-block-heading\"><strong>Hogere werkdruk<\/strong><\/h2>\n\n\n\n<p>Gezondheidswerkers over de hele wereld laten van zich horen. Ze zijn gefrustreerd over hun werkomstandigheden en hoe ze hun werk moeten doen. Door de pandemie zijn veel mensen uit de gezondheidszorg weggegaan. Daardoor moet het werk nu door veel minder mensen worden gedaan.<strong>. De werkdruk is enorm en er is steeds meer personeel nodig. Goedkoper, flexibeler, effici\u00ebnter. Tijdmanagement en papierwerk krijgen voorrang boven kwaliteitsvolle zorg. <\/strong><\/p>\n\n\n\n<p>Je ziet het ook in rusthuizen, vooral als het door priv\u00e9bedrijven wordt gerund. Geen tijd om met pati\u00ebnten te kletsen, alles is tot op de minuut gepland. De kwaliteit van de zorg gaat achteruit en het zorgpersoneel haalt geen voldoening meer uit hun werk.<strong> Stress, lichamelijke klachten en burn-out zijn de onvermijdelijke gevolgen hiervan.<\/strong>. Als iemand een tijdje wegblijft, krijgen de collega's natuurlijk meer werk.<\/p>\n\n\n\n<h2 class=\"wp-block-heading\">Minder veiligheid op het werk<\/h2>\n\n\n\n<p>Tijdens de pandemie werd het zorgpersoneel veel geprezen. Maar nu is er nog steeds geen echte steun. De werkomstandigheden van het zorgpersoneel blijven erg twijfelachtig, vooral in de priv\u00e9sector. Uit een onderzoek onder zorgpersoneel in Cataloni\u00eb blijkt dat verpleegkundigen in de priv\u00e9sector vaker tegen lagere lonen en onregelmatige werktijden werken dan hun collega's in de publieke sector. Dit heeft een grote impact op hun mentale en fysieke gezondheid. <strong>Bovendien neemt het aantal uitzendkrachten wereldwijd toe. Het wordt steeds moeilijker om een contract voor onbepaalde tijd te krijgen. In de snelgroeiende priv\u00e9sector in India zijn vaste contracten bijvoorbeeld zeldzaam. <\/strong><\/p>\n\n\n\n<div class=\"wp-block-media-text alignwide is-stacked-on-mobile\" style=\"grid-template-columns:40% auto\"><figure class=\"wp-block-media-text__media\"><img alt=\"\" decoding=\"async\" width=\"660\" height=\"455\" src=\"https:\/\/www.vivasalud.be\/wp-content\/uploads\/2023\/05\/cond-de-trav.jpg\" class=\"wp-image-13880 size-full\"\/><\/figure><div class=\"wp-block-media-text__content\">\n<p>Daarom, <strong>Het medisch personeel wordt daar vaak minder goed betaald, of net iets meer dan het minimumloon.<\/strong> Soms zijn de salarisvoorwaarden in de priv\u00e9sector aantrekkelijker dan in de publieke sector.,<strong> maar onzekere contracten betekenen dat mensen minder rechten opbouwen voor pensioen, ziekteverlof of werkloosheid<\/strong>. Bovendien worden overuren niet altijd betaald en is het risico op onterecht ontslag super groot.<\/p>\n<\/div><\/div>\n\n\n\n<div style=\"height:47px\" aria-hidden=\"true\" class=\"wp-block-spacer\"><\/div>\n\n\n\n<h2 class=\"wp-block-heading\"><strong>Zwakkere vakbonden<\/strong><\/h2>\n\n\n\n<p><strong>Samen staan we sterker! Dat is het doel van de vakbonden: ze brengen het zorgpersoneel samen en spreken met \u00e9\u00e9n stem. Ze zijn de hefboom om ongezonde werkomstandigheden gericht aan te pakken.<\/strong>. Vakbonden onderhandelen over betere loonvoorwaarden, klagen over het gebrek aan flexibiliteit en zorgen ervoor dat de rechten van het personeel worden gerespecteerd. In de priv\u00e9sector zijn er echter veel minder zorgverleners die bij een vakbond zitten. In Polen zijn dat er bijvoorbeeld maar 5 %.<\/p>\n\n\n\n<p>Overal verliezen zorgverleners zelfs hun baan omdat ze lid zijn geworden van een vakbond. En sommige particuliere zorgbedrijven doen er alles aan om te voorkomen dat er vakbonden worden opgericht.<strong>. Dit heet de <em>vakbondsbreuk <\/em>en gaat in tegen artikel 23 van de Universele Verklaring van de Rechten van de Mens (UVRM): iedereen heeft het recht om een vakbond op te richten en\/of zich daarbij aan te sluiten.<\/strong><\/p>\n\n\n\n<div style=\"height:42px\" aria-hidden=\"true\" class=\"wp-block-spacer\"><\/div>\n\n\n\n<figure class=\"wp-block-table\"><table><tbody><tr><td><strong>LATEN WE EEN VOORBEELD NEMEN AAN HET VERENIGD KONINKRIJK <\/strong><br><br><em><strong>\u00abHet tekort aan personeel kost levens!\u201d<\/strong><\/em>  Deze boodschap is sinds december 2022 meerdere keren gehoord in het Verenigd Koninkrijk. Voor het eerst hebben tienduizenden verpleegkundigen gedemonstreerd. Met deze historische staking riepen ze op tot versterking van de NHS, de Britse nationale gezondheidsdienst.<br><br>Rond dezelfde tijd, op 10 januari 2023, besloot de conservatieve regering van het Verenigd Koninkrijk om een controversieel wetsvoorstel over stakingen in te dienen bij het parlement. <strong>Dit wetsvoorstel gaf de regering en werkgevers de mogelijkheid om zorgverleners te verplichten om tijdens een staking een minimale dienstverlening te garanderen. Dit wetsvoorstel was vooral bedoeld voor de sectoren gezondheidszorg en onderwijs.<\/strong>. Maar het zijn juist deze sectoren die in de maanden voor de aankondiging van de regering massaal de straat op zijn gegaan. <br><br>Het wetsvoorstel gaf werkgevers de mogelijkheid om<strong> stakende werknemers makkelijker ontslaan en vakbonden voor de rechter slepen<\/strong>. Een klap voor de mensen die in de Britse publieke sector werken, die de staking zien als hun laatste redmiddel tegen de hoge kosten van levensonderhoud in het Verenigd Koninkrijk.<br><\/td><\/tr><\/tbody><\/table><\/figure>\n\n\n\n<div style=\"height:20px\" aria-hidden=\"true\" class=\"wp-block-spacer\"><\/div>\n\n\n\n<h2 class=\"wp-block-heading\"><strong><strong>Braindrain<\/strong><\/strong><\/h2>\n\n\n\n<p style=\"font-size:18px\">Tot slot, <strong>Het uitbesteden van gezondheidszorg aan commerci\u00eble investeerders is slecht voor de publieke sector, omdat het zeldzame middelen zoals gekwalificeerde professionals wegneemt.<\/strong> Een voorbeeld hiervan is hoe de aanwezigheid van de particuliere winstgevende sector in een land, of de medische toerisme-industrie in buurlanden, gezondheidswerkers uit de publieke sector weglokken met hogere salarissen. Deze interne en internationale \u00abbraindrain\u00bb of \u00abzorgdrain\u00bb zorgt voor een tekort aan gezondheidswerkers in de publieke sector en in plattelandsgebieden. Het gevolg is dat een groot deel van de bevolking geen toegang heeft tot goede gezondheidszorg.<\/p>\n\n\n\n<figure class=\"wp-block-image size-full\"><a href=\"https:\/\/www.vivasalud.be\/wp-content\/uploads\/2023\/05\/fuite-des-cerveaux.png\"><img alt=\"\" decoding=\"async\" width=\"1440\" height=\"361\" src=\"https:\/\/www.vivasalud.be\/wp-content\/uploads\/2023\/05\/fuite-des-cerveaux.png\" class=\"wp-image-13874\" srcset=\"https:\/\/www.vivasalud.be\/wp-content\/uploads\/2023\/05\/fuite-des-cerveaux.png 1440w, https:\/\/www.vivasalud.be\/wp-content\/uploads\/2023\/05\/fuite-des-cerveaux-800x201.png 800w, https:\/\/www.vivasalud.be\/wp-content\/uploads\/2023\/05\/fuite-des-cerveaux-768x193.png 768w\" sizes=\"(max-width: 1440px) 100vw, 1440px\" \/><\/a><\/figure>\n\n\n\n<p style=\"font-size:18px\">Landen met een laag inkomen worden hierdoor extra hard geraakt. <strong>Ze zien veel van hun zorgprofessionals naar landen met een hoog inkomen vertrekken, die hun eigen tekorten proberen op te lossen, waardoor ze elders nieuwe tekorten veroorzaken.<\/strong> Landen met een laag inkomen betalen voor de opleiding van zorgverleners, terwijl landen met een hoog inkomen daarvan profiteren. De Internationale Organisatie voor Migratie schat dat landen met een laag inkomen jaarlijks 500 miljoen dollar verliezen door de migratie van gezondheidswerkers naar landen met een hoog inkomen.<\/p>\n\n\n\n<h2 class=\"wp-block-heading\"><strong>De winstbejag van Big Pharma versus de gezondheidswerkers<\/strong><\/h2>\n\n\n\n<p>De grote farmaceutische bedrijven hebben de afgelopen jaren enorme winsten gemaakt. <strong>In 2022 heeft Pfizer 100 miljard dollar verdiend.<\/strong> Een record. Dat is net zoveel als de totale gezondheidszorguitgaven van 100 landen bij elkaar. Toch kan de vaccinatiecampagne tegen COVID-19 moeilijk een succes worden genoemd. <\/p>\n\n\n\n<figure class=\"wp-block-image aligncenter size-full is-resized\"><a href=\"https:\/\/www.vivasalud.be\/wp-content\/uploads\/2023\/05\/big-pharma.jpg\"><img alt=\"\" loading=\"lazy\" decoding=\"async\" width=\"1067\" height=\"512\" src=\"https:\/\/www.vivasalud.be\/wp-content\/uploads\/2023\/05\/big-pharma.jpg\" class=\"wp-image-13877\" style=\"width:692px;height:332px\" srcset=\"https:\/\/www.vivasalud.be\/wp-content\/uploads\/2023\/05\/big-pharma.jpg 1067w, https:\/\/www.vivasalud.be\/wp-content\/uploads\/2023\/05\/big-pharma-800x384.jpg 800w, https:\/\/www.vivasalud.be\/wp-content\/uploads\/2023\/05\/big-pharma-768x369.jpg 768w\" sizes=\"(max-width: 1067px) 100vw, 1067px\" \/><\/a><\/figure>\n\n\n\n<p>Vooral voor gezondheidswerkers in landen met een laag inkomen.<strong> Eind 2021, na een jaar vaccineren, was nog maar \u00e9\u00e9n op de drie zorgverleners inge\u00ebnt.<\/strong> En dat terwijl zorgpersoneel als een prioriteitsgroep is aangewezen voor vaccinatie tegen COVID. De winstbejag van grote farmaceutische bedrijven kost zorgpersoneel het leven.<\/p>\n\n\n\n<div style=\"height:47px\" aria-hidden=\"true\" class=\"wp-block-spacer\"><\/div>\n\n\n\n<div class=\"wp-block-buttons is-content-justification-center is-layout-flex wp-container-core-buttons-is-layout-a89b3969 wp-block-buttons-is-layout-flex\">\n<div class=\"wp-block-button has-custom-width wp-block-button__width-75 is-style-outline is-style-outline--1\"><a class=\"wp-block-button__link has-black-color has-white-background-color has-text-color has-background has-medium-font-size has-custom-font-size wp-element-button\" href=\"https:\/\/issuu.com\/m3m-g3w\/docs\/vivasalud_dossierdecampagne_2023_fr_print\" style=\"border-radius:48px;text-transform:uppercase\" target=\"_blank\" rel=\"noreferrer noopener\"><strong>LEES HET VOLLEDIGE campagnerapport<\/strong><\/a><\/div>\n<\/div>\n\n\n\n<div style=\"height:53px\" aria-hidden=\"true\" class=\"wp-block-spacer\"><\/div>","protected":false},"excerpt":{"rendered":"<p>De gezondheidszorg zit in de knoei: je hoort en leest het overal. <\/p>","protected":false},"author":15,"featured_media":14094,"parent":13842,"menu_order":12,"comment_status":"closed","ping_status":"closed","template":"","meta":{"_acf_changed":false,"_seopress_robots_primary_cat":"","_seopress_titles_title":"%%title%%","_seopress_titles_desc":"Les mesures d&#039;aust\u00e9rit\u00e9 coupl\u00e9es \u00e0 la commercialisation des soins d\u00e9t\u00e9riorent grandement les conditions de travail du personnel soignant.","_seopress_robots_index":"","footnotes":""},"class_list":["post-13428","page","type-page","status-publish","has-post-thumbnail","hentry"],"acf":[],"_links":{"self":[{"href":"https:\/\/www.vivasalud.be\/nl\/wp-json\/wp\/v2\/pages\/13428","targetHints":{"allow":["GET"]}}],"collection":[{"href":"https:\/\/www.vivasalud.be\/nl\/wp-json\/wp\/v2\/pages"}],"about":[{"href":"https:\/\/www.vivasalud.be\/nl\/wp-json\/wp\/v2\/types\/page"}],"author":[{"embeddable":true,"href":"https:\/\/www.vivasalud.be\/nl\/wp-json\/wp\/v2\/users\/15"}],"replies":[{"embeddable":true,"href":"https:\/\/www.vivasalud.be\/nl\/wp-json\/wp\/v2\/comments?post=13428"}],"version-history":[{"count":0,"href":"https:\/\/www.vivasalud.be\/nl\/wp-json\/wp\/v2\/pages\/13428\/revisions"}],"up":[{"embeddable":true,"href":"https:\/\/www.vivasalud.be\/nl\/wp-json\/wp\/v2\/pages\/13842"}],"wp:featuredmedia":[{"embeddable":true,"href":"https:\/\/www.vivasalud.be\/nl\/wp-json\/wp\/v2\/media\/14094"}],"wp:attachment":[{"href":"https:\/\/www.vivasalud.be\/nl\/wp-json\/wp\/v2\/media?parent=13428"}],"curies":[{"name":"wp","href":"https:\/\/api.w.org\/{rel}","templated":true}]}}