{"id":15758,"date":"2023-12-11T14:44:29","date_gmt":"2023-12-11T13:44:29","guid":{"rendered":"https:\/\/www.vivasalud.be\/?page_id=15758"},"modified":"2023-12-11T14:56:54","modified_gmt":"2023-12-11T13:56:54","slug":"fairfarma-appel-pour-une-politique-pharmaceutique-juste","status":"publish","type":"page","link":"https:\/\/www.vivasalud.be\/nl\/actualites-3\/fairfarma-appel-pour-une-politique-pharmaceutique-juste\/","title":{"rendered":"#FairFarma\u00a0: appel ouvert en faveur d\u2019une politique pharmaceutique juste"},"content":{"rendered":"<h2 class=\"wp-block-heading\">#FairFarma&nbsp;: appel ouvert en faveur d\u2019une politique pharmaceutique juste<\/h2>\n\n\n\n<div style=\"height:26px\" aria-hidden=\"true\" class=\"wp-block-spacer\"><\/div>\n\n\n\n<div class=\"wp-block-cover is-light\"><span aria-hidden=\"true\" class=\"wp-block-cover__background has-background-dim-0 has-background-dim\"><\/span><img alt=\"fair pharma\" fetchpriority=\"high\" decoding=\"async\" width=\"1600\" height=\"1600\" class=\"wp-block-cover__image-background wp-image-15765\" src=\"https:\/\/www.vivasalud.be\/wp-content\/uploads\/2023\/12\/Fair_Farma_FR.jpeg\" data-object-fit=\"cover\" srcset=\"https:\/\/www.vivasalud.be\/wp-content\/uploads\/2023\/12\/Fair_Farma_FR.jpeg 1600w, https:\/\/www.vivasalud.be\/wp-content\/uploads\/2023\/12\/Fair_Farma_FR-800x800.jpeg 800w, https:\/\/www.vivasalud.be\/wp-content\/uploads\/2023\/12\/Fair_Farma_FR-768x768.jpeg 768w, https:\/\/www.vivasalud.be\/wp-content\/uploads\/2023\/12\/Fair_Farma_FR-1536x1536.jpeg 1536w\" sizes=\"(max-width: 1600px) 100vw, 1600px\" \/><div class=\"wp-block-cover__inner-container is-layout-flow wp-block-cover-is-layout-flow\">\n<p class=\"has-text-align-center has-large-font-size\"><\/p>\n<\/div><\/div>\n\n\n\n<div style=\"height:40px\" aria-hidden=\"true\" class=\"wp-block-spacer\"><\/div>\n\n\n\n<p><strong><em>Appel d\u2019organisations de la soci\u00e9t\u00e9 civile belge \u00e0 l\u2019occasion de la pr\u00e9sidence belge du Conseil de l\u2019Union europ\u00e9enne, en janvier 2024<\/em>. <\/strong><\/p>\n\n\n\n<p>En Belgique et en Europe, la politique en mati\u00e8re de m\u00e9dicaments se trouve \u00e0 un moment cl\u00e9. Les prix augmentent, les budgets sont sous pression et les p\u00e9nuries se multiplient. Si nous n\u2019agissons pas, l&rsquo;acc\u00e8s aux m\u00e9dicaments sera de plus en plus menac\u00e9. En Belgique, mais \u00e9galement et souvent davantage dans le reste du monde. Lors de la crise du Covid, nous avons pu constater que les entreprises pharmaceutiques ne souhaitaient pas garantir cette accessibilit\u00e9. Aujourd\u2019hui, des r\u00e9formes sont en pr\u00e9paration. Fin avril, la Commission europ\u00e9enne a pr\u00e9sent\u00e9 une proposition qui fait actuellement l&rsquo;objet d&rsquo;un examen plus approfondi. Quels seront les axes de travail privil\u00e9gi\u00e9s par notre gouvernement lors de la prochaine pr\u00e9sidence belge du Conseil de l\u2019Union europ\u00e9enne, \u00e0 partir de janvier 2024&nbsp;? <strong>Nous plaidons en faveur d&rsquo;une politique pharmaceutique juste, ce qui implique au moins les huit points suivants&nbsp;:<\/strong><\/p>\n\n\n\n<div style=\"height:25px\" aria-hidden=\"true\" class=\"wp-block-spacer\"><\/div>\n\n\n\n<ol class=\"wp-block-list\">\n<li><strong>Un prix juste pour les nouveaux m\u00e9dicaments. <\/strong>L\u2019id\u00e9e selon laquelle le prix d\u2019un m\u00e9dicament peut correspondre \u00e0 ce que ce m\u00e9dicament apporte \u00e0 la soci\u00e9t\u00e9 m\u00e8ne \u00e0 des exc\u00e8s qui ne sont pas tenables. Le prix doit \u00eatre d\u00e9termin\u00e9 par le co\u00fbt de la recherche et de la production, plus une marge b\u00e9n\u00e9ficiaire raisonnable. Un mod\u00e8le d\u00e9velopp\u00e9 \u00e0 cette fin par une association internationale de mutuelles doit \u00eatre utilis\u00e9 dans le cadre de futures n\u00e9gociations de prix.<\/li>\n\n\n\n<li><strong>Une information juste, plus de transparence.<\/strong> Les gouvernements devraient exiger des entreprises pharmaceutiques qu&rsquo;elles mettent \u00e0 disposition toutes les informations relatives au co\u00fbt de la recherche et du d\u00e9veloppement d&rsquo;un nouveau m\u00e9dicament. La Commission europ\u00e9enne propose uniquement de rendre public le financement de la recherche publique, mais ce n&rsquo;est pas suffisant. La r\u00e9solution de 2019 de l&rsquo;Organisation mondiale de la sant\u00e9 sur la transparence contient un aper\u00e7u clair des mesures n\u00e9cessaires. Celles-ci devraient \u00eatre int\u00e9gralement mise en \u0153uvre dans la l\u00e9gislation belge et europ\u00e9enne. Au niveau belge concernant la d\u00e9cision sur le remboursement et au niveau europ\u00e9en concernant l\u2019autorisation de mise sur le march\u00e9.<\/li>\n\n\n\n<li>Des prix justes et plus de transparence, cela implique \u00e9galement<strong> la fin des contrats secrets<\/strong>. Ceux-ci montent les \u00c9tats membres les uns contre les autres et sapent le contr\u00f4le d\u00e9mocratique. Les n\u00e9gociations europ\u00e9ennes sur les prix ne pourront aboutir rapidement que si les \u00c9tats membres osent faire le premier pas pour mettre un terme aux contrats secrets.<\/li>\n\n\n\n<li><strong>Une utilisation juste de la propri\u00e9t\u00e9 intellectuelle.<\/strong> Il faut recourir \u00e0 des licences obligatoires si les entreprises refusent d&rsquo;ajuster leur prix \u00e0 un montant juste. Le fait de recourir ou de menacer de recourir \u00e0 des licences obligatoires renforce notre position \u00e0 la table des n\u00e9gociations avec les multinationales pharmaceutiques, mais pour cela, la l\u00e9gislation doit \u00eatre modifi\u00e9e afin que le\/la ministre de la Sant\u00e9 puisse effectivement octroyer ces licences obligatoires.<\/li>\n\n\n\n<li><strong>Une innovation juste. <\/strong>Le gouvernement doit d\u00e9velopper de nouveaux mod\u00e8les de financement, comme le d\u00e9couplage, qui encouragent la recherche dans les domaines qui ont \u00e9t\u00e9 publiquement d\u00e9finis comme prioritaires, ind\u00e9pendamment de la marge b\u00e9n\u00e9ficiaire potentielle qu&rsquo;elle peut repr\u00e9senter pour une soci\u00e9t\u00e9 pharmaceutique. Nous pensons avant tout au probl\u00e8me de la r\u00e9sistance croissante aux antibiotiques. Il est urgent de d\u00e9velopper de nouveaux antibiotiques, ce que les entreprises pharmaceutiques ne font pas suffisamment \u00e0 l\u2019heure actuelle.<\/li>\n\n\n\n<li><strong>Une fiscalit\u00e9 juste.<\/strong> Durant la pr\u00e9sidence belge, il faut poursuivre le travail sur la mise en place de l&rsquo;accord europ\u00e9en sur un imp\u00f4t mondial minimum sur les soci\u00e9t\u00e9s. Si l\u2019accord avait certainement pu \u00eatre plus ambitieux, il est important qu\u2019il soit transpos\u00e9 dans la l\u00e9gislation belge d&rsquo;ici 2024. Il subsiste aujourd&rsquo;hui trop de lacunes qui maintiennent des avantages et des exon\u00e9rations fiscales, notamment sous la pression du lobby des grandes soci\u00e9t\u00e9s pharmaceutiques pr\u00e9sentes dans notre pays. Nous pr\u00e9conisons un taux d&rsquo;imposition effectif d&rsquo;au moins 15&nbsp;%, sans exception.<\/li>\n\n\n\n<li><strong>Une disponibilit\u00e9 juste et suffisante.<\/strong> Il faut adopter des mesures plus fermes contre les nombreuses ruptures de stock. Il incombe aux fabricants et aux distributeurs d&rsquo;assurer une disponibilit\u00e9 continue de nos m\u00e9dicaments. Les autorit\u00e9s belges et europ\u00e9ennes doivent imposer des sanctions aux entreprises qui ne sont pas en mesure de justifier pourquoi elles ne peuvent ou ne souhaitent plus fournir un m\u00e9dicament de mani\u00e8re temporaire ou d\u00e9finitive. Les entreprises pharmaceutiques devraient \u00eatre tenues d&rsquo;\u00e9laborer des plans de pr\u00e9vention plus stricts en mati\u00e8re de gestion et de pr\u00e9vention de p\u00e9nuries.&nbsp;&nbsp;<\/li>\n\n\n\n<li><strong>Une solidarit\u00e9 juste avec le reste du monde. <\/strong>Si notre pays souhaite faire de l&rsquo;\u00e9galit\u00e9 d&rsquo;acc\u00e8s aux m\u00e9dicaments dans le monde une priorit\u00e9 lors de la pr\u00e9sidence belge, les mesures susmentionn\u00e9es constituent une condition pr\u00e9alable indissociable. Davantage de transparence et des prix plus justes dans les pays europ\u00e9ens les plus riches sont des \u00e9l\u00e9ments qui profiteraient \u00e9galement \u00e0 tous les autres pays du monde. De surcroit nous demandons que notre pays soutienne des initiatives en faveur de la production locale de vaccins, de tests et de m\u00e9dicaments.<\/li>\n<\/ol>\n\n\n\n<p><strong><em>Sign\u00e9 par les membres suivants de la plate-forme \u00ab&nbsp;No Profit On Pandemic&nbsp;\u00bb<\/em><\/strong> : <\/p>\n\n\n\n<ul class=\"wp-block-list\">\n<li>WSM | Bart Verstraeten, algemeen directeur<\/li>\n\n\n\n<li>Viva Salud | Fanny Polet, directrice<\/li>\n\n\n\n<li>ACV Puls | Veerle Verleyen, adjunct-algemeen secretaris<\/li>\n\n\n\n<li>CBCS | Alain Willaert, coordinateur g\u00e9n\u00e9ral<\/li>\n\n\n\n<li>Geneeskunde voor het Volk | Janneke Ronse, voorzitter &#8211; Tim Joye, vice-voorzitter<\/li>\n\n\n\n<li>11.11.11 | Els Hertogen, directeur<\/li>\n\n\n\n<li>CNCD | Arnaud Zacharie, secretaris-generaal<\/li>\n\n\n\n<li>Oxfam | Aurore Guieu, Head Of Policy<\/li>\n\n\n\n<li>Solidaris | Jean-Pascal Labille, algemeen secretaris &#8211; Paul Callewaert, algemeen secretaris<\/li>\n\n\n\n<li>CNE | &nbsp;Felipe Van Keirsbilck , secr\u00e9taire g\u00e9n\u00e9ral<\/li>\n\n\n\n<li>CM-MC | Luc Van Gorp, voorzitter CM &#8211; CLAUDE ROLIN, pr\u00e9sident MC<\/li>\n\n\n\n<li>M\u00e9decins du Monde | Davide Olchini, Global Health Department Director &#8211; Michel Genet, Executive Director<\/li>\n\n\n\n<li>ACV-CSC | Marc Leemans, voorzitter &#8211; Marie-H\u00e9l\u00e8ne Ska, algemeen secretaris<\/li>\n\n\n\n<li>ACLVB-CGSLB | Olivier Valentin, secr\u00e9taire nationale<\/li>\n\n\n\n<li>ABVV-FGTB | Thierry Bodson, voorzitter ABVV-FGTB &#8211; Miranda Ulens, algemeen secretaris ABVV-FGTB<\/li>\n<\/ul>\n\n\n\n<hr class=\"wp-block-separator has-alpha-channel-opacity\"\/>\n\n\n\n<p><strong>R\u00e9f\u00e9rences&nbsp;:<\/strong><\/p>\n\n\n\n<ul class=\"wp-block-list\">\n<li><a href=\"https:\/\/health.ec.europa.eu\/medicinal-products\/pharmaceutical-strategy-europe\/reform-eu-pharmaceutical-legislation_fr\" target=\"_blank\" rel=\"noreferrer noopener\">R\u00e9forme de la l\u00e9gislation pharmaceutique de l&rsquo;UE<\/a> <\/li>\n\n\n\n<li><a href=\"https:\/\/www.riziv.fgov.be\/fr\/themes\/cout-remboursement\/par-mutualite\/medicament-produits-sante\/Pages\/reformer-procedures-remboursement-medicaments.aspx\">Feuille de route de l\u2019INAMI concernant la \u00ab&nbsp;R\u00e9forme des proc\u00e9dures de remboursement des m\u00e9dicaments&nbsp;\u00bb<\/a><\/li>\n\n\n\n<li><a href=\"https:\/\/medicinesalliance.eu\/wp-content\/uploads\/2022\/10\/Rome-Declaration_pdf.pdf\">European Alliance for Responsible R&amp;D and Affordable Medicines \u2013 Joint Rome Declaration <\/a><\/li>\n\n\n\n<li><a href=\"https:\/\/www.aim-mutual.org\/mediaroom\/aim-successfully-launches-its-calculator-for-fair-medicines-prices-in-europe\/\">International Association of Mutual Benefit Societies (AIM) &#8211; Calculator for Fair Medicines Prices in Europe<\/a><\/li>\n<\/ul>","protected":false},"excerpt":{"rendered":"<p>Fair Pharma : Appel d\u2019organisations de la soci\u00e9t\u00e9 civile belge \u00e0 l\u2019occasion de la pr\u00e9sidence belge du Conseil de l\u2019Union europ\u00e9enne, en janvier 2024. <\/p>","protected":false},"author":15,"featured_media":15765,"parent":1979,"menu_order":3,"comment_status":"closed","ping_status":"closed","template":"views\/template-margin-top.blade.php","meta":{"_acf_changed":false,"_seopress_robots_primary_cat":"","_seopress_titles_title":"%%title%%","_seopress_titles_desc":"FAIR PHARMA : Nous plaidons en faveur d&#039;une politique pharmaceutique juste, ce qui implique au moins les huit points suivants.","_seopress_robots_index":"","footnotes":""},"class_list":["post-15758","page","type-page","status-publish","has-post-thumbnail","hentry"],"acf":[],"_links":{"self":[{"href":"https:\/\/www.vivasalud.be\/nl\/wp-json\/wp\/v2\/pages\/15758","targetHints":{"allow":["GET"]}}],"collection":[{"href":"https:\/\/www.vivasalud.be\/nl\/wp-json\/wp\/v2\/pages"}],"about":[{"href":"https:\/\/www.vivasalud.be\/nl\/wp-json\/wp\/v2\/types\/page"}],"author":[{"embeddable":true,"href":"https:\/\/www.vivasalud.be\/nl\/wp-json\/wp\/v2\/users\/15"}],"replies":[{"embeddable":true,"href":"https:\/\/www.vivasalud.be\/nl\/wp-json\/wp\/v2\/comments?post=15758"}],"version-history":[{"count":0,"href":"https:\/\/www.vivasalud.be\/nl\/wp-json\/wp\/v2\/pages\/15758\/revisions"}],"up":[{"embeddable":true,"href":"https:\/\/www.vivasalud.be\/nl\/wp-json\/wp\/v2\/pages\/1979"}],"wp:featuredmedia":[{"embeddable":true,"href":"https:\/\/www.vivasalud.be\/nl\/wp-json\/wp\/v2\/media\/15765"}],"wp:attachment":[{"href":"https:\/\/www.vivasalud.be\/nl\/wp-json\/wp\/v2\/media?parent=15758"}],"curies":[{"name":"wp","href":"https:\/\/api.w.org\/{rel}","templated":true}]}}