{"id":16057,"date":"2024-01-25T13:45:21","date_gmt":"2024-01-25T12:45:21","guid":{"rendered":"https:\/\/www.vivasalud.be\/?page_id=16057"},"modified":"2025-11-26T13:50:25","modified_gmt":"2025-11-26T13:50:25","slug":"urgence-un-spectacle-en-hommage-au-personnel-soignant","status":"publish","type":"page","link":"https:\/\/www.vivasalud.be\/nl\/accueil-viva-salud\/en-action\/campagne-prenons-soin-des-soignantes\/urgence-un-spectacle-en-hommage-au-personnel-soignant\/","title":{"rendered":"URGENCE : un spectacle en hommage au personnel soignant"},"content":{"rendered":"<div style=\"height:50px\" aria-hidden=\"true\" class=\"wp-block-spacer\"><\/div>\n\n\n\n<h2 class=\"wp-block-heading has-text-color has-link-color wp-elements-f6f0a395b832d30b78a41abde9f40ab9\" style=\"color:#c95b0d\">URGENCE : un spectacle en hommage au personnel soignant<\/h2>\n\n\n\n<div style=\"height:30px\" aria-hidden=\"true\" class=\"wp-block-spacer\"><\/div>\n\n\n\n<div class=\"wp-block-cover\" style=\"min-height:633px;aspect-ratio:unset;\"><img alt=\"Urgence\" decoding=\"async\" class=\"wp-block-cover__image-background wp-image-16261\" src=\"https:\/\/www.vivasalud.be\/wp-content\/uploads\/2024\/01\/Banner-URGENCE-web-1-1.svg\" data-object-fit=\"cover\"\/><span aria-hidden=\"true\" class=\"wp-block-cover__background has-background-dim-0 has-background-dim\"><\/span><div class=\"wp-block-cover__inner-container is-layout-constrained wp-block-cover-is-layout-constrained\">\n<p class=\"has-text-align-center has-large-font-size\"><\/p>\n<\/div><\/div>\n\n\n\n<div style=\"height:50px\" aria-hidden=\"true\" class=\"wp-block-spacer\"><\/div>\n\n\n\n<p><strong>C\u2019est avec un grand enthousiasme que Viva Salud et la <a href=\"https:\/\/coalitionsante.be\/\">Coalition Sant\u00e9<\/a> organisent, dans le cadre d\u2019une semaine de solidarit\u00e9 avec les soignant\u00b7e\u00b7s, la repr\u00e9sentation de la pi\u00e8ce URGENCE, au <a href=\"http:\/\/e-extension:\/\/fheoggkfdfchfphceeifdbepaooicaho\/html\/site_status_block_page.html\" target=\"_blank\" rel=\"noreferrer noopener\">th\u00e9\u00e2tre des Riches Claires<\/a> de Bruxelles, le samedi 9 mars \u00e0 19h&nbsp;!<\/strong><\/p>\n\n\n\n<div style=\"height:20px\" aria-hidden=\"true\" class=\"wp-block-spacer\"><\/div>\n\n\n\n<h2 class=\"wp-block-heading has-text-color has-link-color wp-elements-5e20edeadfe87994cea0f8bb2d351f88\" style=\"color:#c95b0d\"><strong>Du th\u00e9\u00e2tre documentaire<\/strong> sur notre syst\u00e8me de sant\u00e9<\/h2>\n\n\n\n<div style=\"height:20px\" aria-hidden=\"true\" class=\"wp-block-spacer\"><\/div>\n\n\n\n<p>Fid\u00e8le \u00e0 ses engagements envers <strong>le th\u00e9\u00e2tre documentaire<\/strong> depuis une dizaine d\u2019ann\u00e9es et \u00e0 travers plusieurs cr\u00e9ations en Belgique et&nbsp;au-del\u00e0, <strong>la Compagnie Adoc pr\u00e9sentera son <a href=\"https:\/\/adoc-compagnie.be\/urgence\/\" target=\"_blank\" rel=\"noreferrer noopener\">spectacle&nbsp;<em>Urgence<\/em><\/a><\/strong>. Avec toujours au c\u0153ur de son travail, la n\u00e9cessit\u00e9 de porter sur sc\u00e8ne les r\u00e9alit\u00e9s du quotidien d\u2019hommes et de femmes qui, dans leurs m\u00e9tiers comme dans leurs vies, subissent de plein fouet les cons\u00e9quences de politiques europ\u00e9ennes d\u00e9l\u00e9t\u00e8res et d\u2019une aust\u00e9rit\u00e9 budg\u00e9taire croissante de nos services publics.<\/p>\n\n\n\n<p><\/p>\n\n\n\n<div class=\"wp-block-media-text has-media-on-the-right is-stacked-on-mobile\" style=\"grid-template-columns:auto 41%\"><div class=\"wp-block-media-text__content\">\n<p><strong><em>Urgence<\/em>&nbsp;se penche sur l\u2019\u00e9tat de notre syst\u00e8me de sant\u00e9 et sur ses travailleuses et travailleurs<\/strong> qui n\u2019ont cess\u00e9 ces derni\u00e8res ann\u00e9es de se mobiliser et d\u2019alerter sur leur situation, sur le manque de moyens, le manque de personnel&nbsp;et de places dans les h\u00f4pitaux\u2026&nbsp;<em>Urgence<\/em>&nbsp;t\u00e9moigne de ces constats, de la souffrance d\u2019un personnel soignant en d\u00e9tresse exprimant son impuissance face \u00e0 des conditions de travail d\u00e9plorables et cela sans r\u00e9action cons\u00e9quente des gouvernements europ\u00e9ens\u2026&nbsp;<em>Urgence<\/em>&nbsp;nous montre \u00e9galement ce que serait un monde o\u00f9 les besoins de toutes et tous seraient au centre de nos pr\u00e9occupations.<\/p>\n\n\n\n<p>L\u2019actualit\u00e9 mondiale nous rappelle r\u00e9guli\u00e8rement \u00e0 quel point il est vital pour nos soci\u00e9t\u00e9s de pr\u00e9server un service public fort et accessible \u00e0 tous et toutes. Un syst\u00e8me qui fasse que plus personne n\u2019ait \u00e0 choisir entre survivre et se soigner\u2026 La n\u00e9cessit\u00e9 de prendre la parole est urgente.<\/p>\n\n\n\n<p><\/p>\n<\/div><figure class=\"wp-block-media-text__media\"><img alt=\"\" fetchpriority=\"high\" decoding=\"async\" width=\"1920\" height=\"1282\" src=\"https:\/\/www.vivasalud.be\/wp-content\/uploads\/2024\/01\/URGENCE-01.jpg\" class=\"wp-image-16289 size-full\" srcset=\"https:\/\/www.vivasalud.be\/wp-content\/uploads\/2024\/01\/URGENCE-01.jpg 1920w, https:\/\/www.vivasalud.be\/wp-content\/uploads\/2024\/01\/URGENCE-01-800x534.jpg 800w, https:\/\/www.vivasalud.be\/wp-content\/uploads\/2024\/01\/URGENCE-01-768x513.jpg 768w, https:\/\/www.vivasalud.be\/wp-content\/uploads\/2024\/01\/URGENCE-01-1536x1026.jpg 1536w\" sizes=\"(max-width: 1920px) 100vw, 1920px\" \/><\/figure><\/div>\n\n\n\n<div style=\"height:20px\" aria-hidden=\"true\" class=\"wp-block-spacer\"><\/div>\n\n\n\n<p>C\u2019est tout l\u2019objectif de notre campagne <a href=\"https:\/\/www.vivasalud.be\/fr\/participez-a-nos-campagnes\/campagne-prenons-soin-des-soignantes\/\" target=\"_blank\" rel=\"noreferrer noopener\">Laten we goed voor de zorgverleners zorgen<\/a>&nbsp;!<\/p>\n\n\n\n<h2 class=\"wp-block-heading has-text-color has-link-color wp-elements-2f0d25c14b68c4d4560e737ec524bf69\" style=\"color:#c95b0d\">Zorgen voor de Zorg<\/h2>\n\n\n\n<div style=\"height:20px\" aria-hidden=\"true\" class=\"wp-block-spacer\"><\/div>\n\n\n\n<p>En amont de cette repr\u00e9sentation, Viva Salud organise <strong>un ap\u00e9ro-table ronde gratuit \u00e0 toutes celles et ceux qui le d\u00e9sirent de 17h00 \u00e0 18h30<\/strong> \u00e0 la CSC \u00e0 150m des Riches-Claires&nbsp;!<\/p>\n\n\n\n<p>Au programme,<strong> trois tables de discussion autour des conditions de travail du personnel soignant, de l\u2019acc\u00e8s aux soins de sant\u00e9 de la communaut\u00e9 LGBTQI+, et du r\u00e9tr\u00e9cissement de l\u2019espace d\u00e9mocratique de ceux et celles qui d\u00e9fendent les droits<\/strong> de ces h\u00e9ro\u00b7\u00efne\u00b7s de la sant\u00e9.<\/p>\n\n\n\n<p><em>Ces \u00e9changes se veulent conviviaux et accessibles au grand public, nous vous demandons simplement de confirmer votre pr\u00e9sence via le formulaire ci-dessous. <\/em><\/p>\n\n\n\n<p>\u25b6\ufe0e La pi\u00e8ce de th\u00e9\u00e2tre est accessible \u00e0 partir de 14 ans.<\/p>\n\n\n\n<p><a>\u25b6\ufe0e<\/a> Comptez environ 1h30 de repr\u00e9sentation (incluant une discussion avec la Cie Adoc et Viva Salud) <\/p>\n\n\n\n<p><a>\u25b6\ufe0e<\/a> Notez \u00e9galement que la table ronde et la pi\u00e8ce de th\u00e9\u00e2tre se donneront en fran\u00e7ais.<\/p>\n\n\n\n<p><\/p>\n\n\n\n<div style=\"height:20px\" aria-hidden=\"true\" class=\"wp-block-spacer\"><\/div>","protected":false},"excerpt":{"rendered":"<p>La Cie Adoc et Viva Salud vous convie, dans le cadre d\u2019une semaine de solidarit\u00e9 avec les soignant\u00b7e\u00b7s, \u00e0 la repr\u00e9sentation de URGENCE, aux Riches Claires de Bruxelles.<\/p>","protected":false},"author":15,"featured_media":16249,"parent":13842,"menu_order":0,"comment_status":"open","ping_status":"closed","template":"","meta":{"_acf_changed":false,"_seopress_robots_primary_cat":"","_seopress_titles_title":"%%title%% %%page%%","_seopress_titles_desc":"La Cie Adoc et Viva Salud vous convie, dans le cadre d\u2019une semaine de solidarit\u00e9 avec les soignant\u00b7e\u00b7s, \u00e0 la repr\u00e9sentation de URGENCE, aux Riches Claires de Bruxelles.","_seopress_robots_index":"","footnotes":""},"class_list":["post-16057","page","type-page","status-publish","has-post-thumbnail","hentry"],"acf":[],"_links":{"self":[{"href":"https:\/\/www.vivasalud.be\/nl\/wp-json\/wp\/v2\/pages\/16057","targetHints":{"allow":["GET"]}}],"collection":[{"href":"https:\/\/www.vivasalud.be\/nl\/wp-json\/wp\/v2\/pages"}],"about":[{"href":"https:\/\/www.vivasalud.be\/nl\/wp-json\/wp\/v2\/types\/page"}],"author":[{"embeddable":true,"href":"https:\/\/www.vivasalud.be\/nl\/wp-json\/wp\/v2\/users\/15"}],"replies":[{"embeddable":true,"href":"https:\/\/www.vivasalud.be\/nl\/wp-json\/wp\/v2\/comments?post=16057"}],"version-history":[{"count":0,"href":"https:\/\/www.vivasalud.be\/nl\/wp-json\/wp\/v2\/pages\/16057\/revisions"}],"up":[{"embeddable":true,"href":"https:\/\/www.vivasalud.be\/nl\/wp-json\/wp\/v2\/pages\/13842"}],"wp:featuredmedia":[{"embeddable":true,"href":"https:\/\/www.vivasalud.be\/nl\/wp-json\/wp\/v2\/media\/16249"}],"wp:attachment":[{"href":"https:\/\/www.vivasalud.be\/nl\/wp-json\/wp\/v2\/media?parent=16057"}],"curies":[{"name":"wp","href":"https:\/\/api.w.org\/{rel}","templated":true}]}}