{"id":17773,"date":"2024-07-03T15:07:10","date_gmt":"2024-07-03T13:07:10","guid":{"rendered":"https:\/\/www.vivasalud.be\/?page_id=17773"},"modified":"2024-07-05T09:26:57","modified_gmt":"2024-07-05T07:26:57","slug":"campagne-vrij-ahmed-muhanna","status":"publish","type":"page","link":"https:\/\/www.vivasalud.be\/nl\/actualites-3\/campagne-free-ahmed-muhanna\/","title":{"rendered":"CAMPAGNE FREE AHMED MUHANNA"},"content":{"rendered":"<h1 class=\"wp-block-heading has-text-color has-link-color wp-elements-f2ac2c23707cf001619ab9922903f4ae\" style=\"color:#d2671b\">CAMPAGNE FREE AHMED MUHANNA<\/h1>\n\n\n\n<p><strong>Bestel gratis onze posters om druk uit te oefenen op onze minister van Buitenlandse Zaken Hadja Lahbib, die de oorlogsmisdaden tegen het gezondheidszorgsysteem en de genocide in Gaza lijkt te negeren. Laten we samen druk uitoefenen zodat ze eindelijk haar verantwoordelijkheid neemt. <\/strong><\/p>\n\n\n\n<p><strong><a href=\"https:\/\/action.wemove.eu\/sign\/2024-2-free-doctor-ahmed-muhanna-and-the-awda-medical-staff-FR\">Petitie<\/a> \u2013 <a style=\"font-weight: bold;\" href=\"https:\/\/www.facebook.com\/vivasaludbelgique\/\">facebook<\/a> \u2013 <a href=\"https:\/\/www.instagram.com\/vivasaludbelgique\/\">instagram<\/a> \u2013 <a href=\"https:\/\/x.com\/vivasaludbe?lang=fr\">twitter<\/a> \u2013 <a href=\"https:\/\/www.vivasalud.be\/wp-content\/uploads\/2024\/06\/TEMPLATE-MUHANNA-A3.pdf\">poster<\/a><\/strong>*<\/p>\n\n\n\n<div style=\"height:36px\" aria-hidden=\"true\" class=\"wp-block-spacer\"><\/div>\n\n\n\n<figure class=\"wp-block-image size-full is-resized\"><a href=\"https:\/\/www.vivasalud.be\/wp-content\/uploads\/2024\/07\/eng.svg\"><img alt=\"\" decoding=\"async\" src=\"https:\/\/www.vivasalud.be\/wp-content\/uploads\/2024\/07\/eng.svg\" class=\"wp-image-17877\" style=\"width:1129px;height:auto\"\/><\/a><\/figure>\n\n\n\n<div style=\"height:36px\" aria-hidden=\"true\" class=\"wp-block-spacer\"><\/div>\n\n\n\n<h2 class=\"wp-block-heading has-text-color has-link-color wp-elements-44e66c1d8adff3f1eade0ee4f9306516\" style=\"color:#d26d20\">Waarom dokter Ahmed Muhanna?<\/h2>\n\n\n\n<p><strong>Dokter Ahmed Muhanna is directeur van het AWDA-ziekenhuis in Jabalia (noorden van Gaza), een organisatie waar Viva Salud al bijna 20 jaar mee samenwerkt. Dokter Muhanna werd op 17 december 2023 door Isra\u00eblische soldaten meegenomen terwijl hij aan het werk was in het ziekenhuis. Sinds 7 oktober hadden we regelmatig contact met hem: <a href=\"https:\/\/www.instagram.com\/p\/CzbD-aGr7HB\/\">hij waarschuwde ons<\/a> bombardementen en geweld tegen de burgerbevolking en zorgverleners in Gaza. <\/strong><br><br>Lange tijd hebben we niks van hem gehoord. We denken dat hij nu vastzit in de Naqab-gevangenis, diep in de woestijn. Op dit moment heeft zijn familie geen idee hoe het met hem gaat, zowel fysiek als mentaal.<\/p>\n\n\n\n<figure class=\"wp-block-gallery has-nested-images columns-default is-cropped wp-block-gallery-1 is-layout-flex wp-block-gallery-is-layout-flex\">\n<figure class=\"wp-block-image size-full\"><a href=\"https:\/\/www.vivasalud.be\/wp-content\/uploads\/2024\/07\/Capture-decran-2024-07-03-160549.jpg\"><img alt=\"\" fetchpriority=\"high\" decoding=\"async\" width=\"1467\" height=\"637\" data-id=\"17799\" src=\"https:\/\/www.vivasalud.be\/wp-content\/uploads\/2024\/07\/Capture-decran-2024-07-03-160549.jpg\" class=\"wp-image-17799\" srcset=\"https:\/\/www.vivasalud.be\/wp-content\/uploads\/2024\/07\/Capture-decran-2024-07-03-160549.jpg 1467w, https:\/\/www.vivasalud.be\/wp-content\/uploads\/2024\/07\/Capture-decran-2024-07-03-160549-800x347.jpg 800w, https:\/\/www.vivasalud.be\/wp-content\/uploads\/2024\/07\/Capture-decran-2024-07-03-160549-768x333.jpg 768w\" sizes=\"(max-width: 1467px) 100vw, 1467px\" \/><\/a><figcaption class=\"wp-element-caption\">November 2023, screenshot Instagram @vivasaludbelgique<\/figcaption><\/figure>\n\n\n\n<figure class=\"wp-block-image size-full\"><a href=\"https:\/\/www.vivasalud.be\/wp-content\/uploads\/2024\/07\/muhanna.jpg\"><img alt=\"\" decoding=\"async\" width=\"1427\" height=\"606\" data-id=\"17802\" src=\"https:\/\/www.vivasalud.be\/wp-content\/uploads\/2024\/07\/muhanna.jpg\" class=\"wp-image-17802\" srcset=\"https:\/\/www.vivasalud.be\/wp-content\/uploads\/2024\/07\/muhanna.jpg 1427w, https:\/\/www.vivasalud.be\/wp-content\/uploads\/2024\/07\/muhanna-800x340.jpg 800w, https:\/\/www.vivasalud.be\/wp-content\/uploads\/2024\/07\/muhanna-768x326.jpg 768w\" sizes=\"(max-width: 1427px) 100vw, 1427px\" \/><\/a><figcaption class=\"wp-element-caption\">November 2023, screenshot Instagram @vivasaludbelgique<\/figcaption><\/figure>\n<\/figure>\n\n\n\n<p><\/p>\n\n\n\n<p><strong>Ook op 17 december in het Al Awda-ziekenhuis opgepakt door Isra\u00eblische soldaten, werd Dr. Adna Al Burh, die orthopedisch chirurg was, gemarteld en op 3 mei in een Isra\u00eblische gevangenis vermoord. <\/strong>De <strong>Dr. Mohammed Abu Salmiya<\/strong>, directeur van het Al Shifa-ziekenhuis, is net vrijgelaten door het Isra\u00eblische leger na zeven maanden gevangenschap. Toen hij vrijkwam, vertelde hij dat hij en andere zorgverleners fysiek gemarteld en psychologisch vernederd waren.<\/p>\n\n\n\n<p>We maken ons dus echt zorgen over hoe het nu met Dr. Muhanna en de zeven andere medewerkers, pati\u00ebnten en bezoekers gaat die zijn ontvoerd.<\/p>\n\n\n\n<p><strong>Sinds 7 oktober zijn minstens 214 gezondheidswerkers door Isra\u00eblische troepen opgepakt terwijl ze aan het werk waren, en op 30 mei 2024 zaten er nog minstens 128 van hen vast.<\/strong><\/p>\n\n\n\n<h2 class=\"wp-block-heading has-text-color has-link-color wp-elements-4e2e67c745a0ee3b2ef34d74a4ab298a\" style=\"color:#d26d20\">Stop de straffeloosheid<\/h2>\n\n\n\n<p><strong>Met de figuur van dokter Muhanna willen we de vinger leggen op het gebrek aan actie van de regering. Aanvallen op zorgverleners en gezondheidsinfrastructuur zijn oorlogsmisdaden die door de Verdragen van Gen\u00e8ve worden veroordeeld. <\/strong>Nu Belgi\u00eb het verdrag heeft ondertekend, is het de taak van onze regering en minister Hadja Lahbib om in actie te komen, zich te verzetten tegen en sancties op te leggen voor de systematische schendingen van de mensenrechten door Isra\u00ebl. <br><br><strong>We eisen:<\/strong><\/p>\n\n\n\n<ul class=\"wp-block-list\">\n<li><strong>Politieke en economische sancties,<\/strong> zoals het verbod op het importeren van producten en diensten uit Isra\u00eblische nederzettingen en het opschorten van de associatieovereenkomst tussen de EU en Isra\u00ebl.<\/li>\n\n\n\n<li><strong>Een strikt militair embargo<\/strong><\/li>\n\n\n\n<li><strong>Offici\u00eble erkenning van de staat Palestina <\/strong>door de Belgische staat.<\/li>\n<\/ul>\n\n\n\n<p>Voor zorgverleners in Palestina: bestel onze posters, doe mee aan onze acties (die we delen via <strong><a href=\"https:\/\/www.facebook.com\/vivasaludbelgique\/\">Facebook<\/a><\/strong> en <a href=\"https:\/\/www.instagram.com\/vivasaludbelgique\/\"><strong>Instagram<\/strong><\/a>) en maak wat lawaai op de netwerken door onze minister Hadja Lahbib (@hadjalahbib) te taggen.<\/p>\n\n\n\n<div style=\"height:28px\" aria-hidden=\"true\" class=\"wp-block-spacer\"><\/div>\n\n\n\n<ul class=\"wp-block-social-links is-layout-flex wp-block-social-links-is-layout-flex\"><li class=\"wp-social-link wp-social-link-facebook  wp-block-social-link\"><a href=\"https:\/\/www.facebook.com\/vivasaludbelgique\/\" class=\"wp-block-social-link-anchor\"><svg width=\"24\" height=\"24\" viewbox=\"0 0 24 24\" version=\"1.1\" xmlns=\"http:\/\/www.w3.org\/2000\/svg\" aria-hidden=\"true\" focusable=\"false\"><path d=\"M12 2C6.5 2 2 6.5 2 12c0 5 3.7 9.1 8.4 9.9v-7H7.9V12h2.5V9.8c0-2.5 1.5-3.9 3.8-3.9 1.1 0 2.2.2 2.2.2v2.5h-1.3c-1.2 0-1.6.8-1.6 1.6V12h2.8l-.4 2.9h-2.3v7C18.3 21.1 22 17 22 12c0-5.5-4.5-10-10-10z\"><\/path><\/svg><span class=\"wp-block-social-link-label screen-reader-text\">Facebook<\/span><\/a><\/li>\n\n<li class=\"wp-social-link wp-social-link-instagram  wp-block-social-link\"><a href=\"https:\/\/www.instagram.com\/vivasaludbelgique\/\" class=\"wp-block-social-link-anchor\"><svg width=\"24\" height=\"24\" viewbox=\"0 0 24 24\" version=\"1.1\" xmlns=\"http:\/\/www.w3.org\/2000\/svg\" aria-hidden=\"true\" focusable=\"false\"><path d=\"M12,4.622c2.403,0,2.688,0.009,3.637,0.052c0.877,0.04,1.354,0.187,1.671,0.31c0.42,0.163,0.72,0.358,1.035,0.673 c0.315,0.315,0.51,0.615,0.673,1.035c0.123,0.317,0.27,0.794,0.31,1.671c0.043,0.949,0.052,1.234,0.052,3.637 s-0.009,2.688-0.052,3.637c-0.04,0.877-0.187,1.354-0.31,1.671c-0.163,0.42-0.358,0.72-0.673,1.035 c-0.315,0.315-0.615,0.51-1.035,0.673c-0.317,0.123-0.794,0.27-1.671,0.31c-0.949,0.043-1.233,0.052-3.637,0.052 s-2.688-0.009-3.637-0.052c-0.877-0.04-1.354-0.187-1.671-0.31c-0.42-0.163-0.72-0.358-1.035-0.673 c-0.315-0.315-0.51-0.615-0.673-1.035c-0.123-0.317-0.27-0.794-0.31-1.671C4.631,14.688,4.622,14.403,4.622,12 s0.009-2.688,0.052-3.637c0.04-0.877,0.187-1.354,0.31-1.671c0.163-0.42,0.358-0.72,0.673-1.035 c0.315-0.315,0.615-0.51,1.035-0.673c0.317-0.123,0.794-0.27,1.671-0.31C9.312,4.631,9.597,4.622,12,4.622 M12,3 C9.556,3,9.249,3.01,8.289,3.054C7.331,3.098,6.677,3.25,6.105,3.472C5.513,3.702,5.011,4.01,4.511,4.511 c-0.5,0.5-0.808,1.002-1.038,1.594C3.25,6.677,3.098,7.331,3.054,8.289C3.01,9.249,3,9.556,3,12c0,2.444,0.01,2.751,0.054,3.711 c0.044,0.958,0.196,1.612,0.418,2.185c0.23,0.592,0.538,1.094,1.038,1.594c0.5,0.5,1.002,0.808,1.594,1.038 c0.572,0.222,1.227,0.375,2.185,0.418C9.249,20.99,9.556,21,12,21s2.751-0.01,3.711-0.054c0.958-0.044,1.612-0.196,2.185-0.418 c0.592-0.23,1.094-0.538,1.594-1.038c0.5-0.5,0.808-1.002,1.038-1.594c0.222-0.572,0.375-1.227,0.418-2.185 C20.99,14.751,21,14.444,21,12s-0.01-2.751-0.054-3.711c-0.044-0.958-0.196-1.612-0.418-2.185c-0.23-0.592-0.538-1.094-1.038-1.594 c-0.5-0.5-1.002-0.808-1.594-1.038c-0.572-0.222-1.227-0.375-2.185-0.418C14.751,3.01,14.444,3,12,3L12,3z M12,7.378 c-2.552,0-4.622,2.069-4.622,4.622S9.448,16.622,12,16.622s4.622-2.069,4.622-4.622S14.552,7.378,12,7.378z M12,15 c-1.657,0-3-1.343-3-3s1.343-3,3-3s3,1.343,3,3S13.657,15,12,15z M16.804,6.116c-0.596,0-1.08,0.484-1.08,1.08 s0.484,1.08,1.08,1.08c0.596,0,1.08-0.484,1.08-1.08S17.401,6.116,16.804,6.116z\"><\/path><\/svg><span class=\"wp-block-social-link-label screen-reader-text\">Instagram<\/span><\/a><\/li>\n\n<li class=\"wp-social-link wp-social-link-x  wp-block-social-link\"><a href=\"https:\/\/x.com\/vivasaludbe?lang=fr\" class=\"wp-block-social-link-anchor\"><svg width=\"24\" height=\"24\" viewbox=\"0 0 24 24\" version=\"1.1\" xmlns=\"http:\/\/www.w3.org\/2000\/svg\" aria-hidden=\"true\" focusable=\"false\"><path d=\"M13.982 10.622 20.54 3h-1.554l-5.693 6.618L8.745 3H3.5l6.876 10.007L3.5 21h1.554l6.012-6.989L15.868 21h5.245l-7.131-10.378Zm-2.128 2.474-.697-.997-5.543-7.93H8l4.474 6.4.697.996 5.815 8.318h-2.387l-4.745-6.787Z\" \/><\/svg><span class=\"wp-block-social-link-label screen-reader-text\">X<\/span><\/a><\/li>\n\n<li class=\"wp-social-link wp-social-link-mail  wp-block-social-link\"><a href=\"\" class=\"wp-block-social-link-anchor\"><svg width=\"24\" height=\"24\" viewbox=\"0 0 24 24\" version=\"1.1\" xmlns=\"http:\/\/www.w3.org\/2000\/svg\" aria-hidden=\"true\" focusable=\"false\"><path d=\"M19,5H5c-1.1,0-2,.9-2,2v10c0,1.1.9,2,2,2h14c1.1,0,2-.9,2-2V7c0-1.1-.9-2-2-2zm.5,12c0,.3-.2.5-.5.5H5c-.3,0-.5-.2-.5-.5V9.8l7.5,5.6,7.5-5.6V17zm0-9.1L12,13.6,4.5,7.9V7c0-.3.2-.5.5-.5h14c.3,0,.5.2.5.5v.9z\"><\/path><\/svg><span class=\"wp-block-social-link-label screen-reader-text\">Mail<\/span><\/a><\/li><\/ul>\n\n\n\n<p><em>*Deze <a href=\"https:\/\/www.vivasalud.be\/wp-content\/uploads\/2024\/06\/TEMPLATE-MUHANNA-A3.pdf\">affiches<\/a> mogen niet op de openbare weg worden geplakt<\/em><\/p>\n\n\n\n<hr class=\"wp-block-separator has-alpha-channel-opacity\"\/>\n\n\n\n<h2 class=\"wp-block-heading\"><\/h2>","protected":false},"excerpt":{"rendered":"<p>Bestel onze posters om druk uit te oefenen op onze minister van Buitenlandse Zaken Hadja Lahbib, die de oorlogsmisdaden in Gaza lijkt te negeren.<\/p>","protected":false},"author":15,"featured_media":17825,"parent":1979,"menu_order":0,"comment_status":"closed","ping_status":"closed","template":"views\/template-margin-top.blade.php","meta":{"_acf_changed":false,"_seopress_robots_primary_cat":"","_seopress_titles_title":"Campagne Free Ahmed Muhanna","_seopress_titles_desc":"Free Ahmed Muhanna ! Commandez nos affiches pour faire pression sur notre Ministre des affaires \u00e9trang\u00e8res Hadja Lahbib, qui semble ignorer les crimes de guerre perp\u00e9tr\u00e9s \u00e0 Gaza.","_seopress_robots_index":"","footnotes":""},"class_list":["post-17773","page","type-page","status-publish","has-post-thumbnail","hentry"],"acf":[],"_links":{"self":[{"href":"https:\/\/www.vivasalud.be\/nl\/wp-json\/wp\/v2\/pages\/17773","targetHints":{"allow":["GET"]}}],"collection":[{"href":"https:\/\/www.vivasalud.be\/nl\/wp-json\/wp\/v2\/pages"}],"about":[{"href":"https:\/\/www.vivasalud.be\/nl\/wp-json\/wp\/v2\/types\/page"}],"author":[{"embeddable":true,"href":"https:\/\/www.vivasalud.be\/nl\/wp-json\/wp\/v2\/users\/15"}],"replies":[{"embeddable":true,"href":"https:\/\/www.vivasalud.be\/nl\/wp-json\/wp\/v2\/comments?post=17773"}],"version-history":[{"count":0,"href":"https:\/\/www.vivasalud.be\/nl\/wp-json\/wp\/v2\/pages\/17773\/revisions"}],"up":[{"embeddable":true,"href":"https:\/\/www.vivasalud.be\/nl\/wp-json\/wp\/v2\/pages\/1979"}],"wp:featuredmedia":[{"embeddable":true,"href":"https:\/\/www.vivasalud.be\/nl\/wp-json\/wp\/v2\/media\/17825"}],"wp:attachment":[{"href":"https:\/\/www.vivasalud.be\/nl\/wp-json\/wp\/v2\/media?parent=17773"}],"curies":[{"name":"wp","href":"https:\/\/api.w.org\/{rel}","templated":true}]}}