{"id":18145,"date":"2024-08-29T16:15:32","date_gmt":"2024-08-29T14:15:32","guid":{"rendered":"https:\/\/www.vivasalud.be\/?page_id=18145"},"modified":"2024-08-29T16:16:17","modified_gmt":"2024-08-29T14:16:17","slug":"campagne-ahmed-muhanna-2-vrij","status":"publish","type":"page","link":"https:\/\/www.vivasalud.be\/nl\/actualites-3\/campagne-free-ahmed-muhanna-2\/","title":{"rendered":"CAMPAGNE FREE AHMED MUHANNA"},"content":{"rendered":"<h1 class=\"wp-block-heading has-text-color has-link-color wp-elements-0c33d226a7f9b723124f8e65455be73e\" style=\"color:#d2671b\">Bestel je Gratis Ahmed Muhanna posters<\/h1>\n\n\n\n<p><\/p>\n\n\n\n<hr class=\"wp-block-separator has-alpha-channel-opacity\"\/>\n\n\n\n<h2 class=\"wp-block-heading\"><\/h2>","protected":false},"excerpt":{"rendered":"<p>Geef onze posters opdracht om druk uit te oefenen op onze minister van Buitenlandse Zaken Hadja Lahbib.<\/p>","protected":false},"author":15,"featured_media":17808,"parent":1979,"menu_order":1,"comment_status":"closed","ping_status":"closed","template":"views\/template-margin-top.blade.php","meta":{"_acf_changed":false,"_seopress_robots_primary_cat":"","_seopress_titles_title":"Campagne Free Ahmed Muhanna","_seopress_titles_desc":"Free Ahmed Muhanna ! Commandez nos affiches pour faire pression sur notre Ministre des affaires \u00e9trang\u00e8res Hadja Lahbib, qui semble ignorer les crimes de guerre perp\u00e9tr\u00e9s \u00e0 Gaza.","_seopress_robots_index":"","footnotes":""},"class_list":["post-18145","page","type-page","status-publish","has-post-thumbnail","hentry"],"acf":[],"_links":{"self":[{"href":"https:\/\/www.vivasalud.be\/nl\/wp-json\/wp\/v2\/pages\/18145","targetHints":{"allow":["GET"]}}],"collection":[{"href":"https:\/\/www.vivasalud.be\/nl\/wp-json\/wp\/v2\/pages"}],"about":[{"href":"https:\/\/www.vivasalud.be\/nl\/wp-json\/wp\/v2\/types\/page"}],"author":[{"embeddable":true,"href":"https:\/\/www.vivasalud.be\/nl\/wp-json\/wp\/v2\/users\/15"}],"replies":[{"embeddable":true,"href":"https:\/\/www.vivasalud.be\/nl\/wp-json\/wp\/v2\/comments?post=18145"}],"version-history":[{"count":0,"href":"https:\/\/www.vivasalud.be\/nl\/wp-json\/wp\/v2\/pages\/18145\/revisions"}],"up":[{"embeddable":true,"href":"https:\/\/www.vivasalud.be\/nl\/wp-json\/wp\/v2\/pages\/1979"}],"wp:featuredmedia":[{"embeddable":true,"href":"https:\/\/www.vivasalud.be\/nl\/wp-json\/wp\/v2\/media\/17808"}],"wp:attachment":[{"href":"https:\/\/www.vivasalud.be\/nl\/wp-json\/wp\/v2\/media?parent=18145"}],"curies":[{"name":"wp","href":"https:\/\/api.w.org\/{rel}","templated":true}]}}