{"id":1871,"date":"2019-08-14T16:13:48","date_gmt":"2019-08-14T16:13:48","guid":{"rendered":"https:\/\/www.vivasalud.be\/over-viva-salud\/publicaties\/"},"modified":"2024-07-16T10:18:52","modified_gmt":"2024-07-16T08:18:52","slug":"publicaties","status":"publish","type":"page","link":"https:\/\/www.vivasalud.be\/nl\/qui-sommes-nous-3\/publications\/","title":{"rendered":"Publicaties"},"content":{"rendered":"<div style=\"height:25px\" aria-hidden=\"true\" class=\"wp-block-spacer\"><\/div>\n\n\n\n<h1 class=\"wp-block-heading\">Publicaties<\/h1>\n\n\n\n<div style=\"height:31px\" aria-hidden=\"true\" class=\"wp-block-spacer\"><\/div>\n\n\n\n<h2 class=\"wp-block-heading\">Jaarverslag 2023<\/h2>\n\n\n\n<div class=\"wp-block-media-text alignwide\" style=\"grid-template-columns:30% auto\"><figure class=\"wp-block-media-text__media\"><a href=\"https:\/\/www.vivasalud.be\/wp-content\/uploads\/2024\/07\/Fr-Rapport-annuel-2023.pdf\" target=\"_blank\" rel=\"noopener noreferrer\"><img alt=\"\" fetchpriority=\"high\" decoding=\"async\" width=\"646\" height=\"913\" src=\"https:\/\/www.vivasalud.be\/wp-content\/uploads\/2024\/07\/Couv-FR.jpg\" class=\"wp-image-17723 size-full\" srcset=\"https:\/\/www.vivasalud.be\/wp-content\/uploads\/2024\/07\/Couv-FR.jpg 646w, https:\/\/www.vivasalud.be\/wp-content\/uploads\/2024\/07\/Couv-FR-566x800.jpg 566w\" sizes=\"(max-width: 646px) 100vw, 646px\" \/><\/a><\/figure><div class=\"wp-block-media-text__content\">\n<p><strong>Betere bescherming tegen seksistisch geweld en pesterijen op het werk in de Filipijnen, EHBO-trainingen voor jongeren in Palestina, mobiele klinieken in het oosten van de DRC en een koninklijk besluit tegen de export van verboden pesticiden in Belgi\u00eb: Viva Salud is super trots op wat we in 2023 hebben gedaan en bereikt! <\/strong><\/p>\n\n\n\n<div class=\"wp-block-button\"><a class=\"wp-block-button__link wp-element-button\" href=\"https:\/\/www.vivasalud.be\/wp-content\/uploads\/2024\/07\/Fr-Rapport-annuel-2023.pdf\"><strong>Bekijk ons jaarverslag<\/strong> <strong>2023<\/strong><\/a><\/div>\n<\/div><\/div>\n\n\n\n<hr class=\"wp-block-separator has-alpha-channel-opacity\"\/>\n\n\n\n<h2 class=\"wp-block-heading\">Jaarverslag 2022<\/h2>\n\n\n\n<div class=\"wp-block-media-text alignwide\" style=\"grid-template-columns:32% auto\"><figure class=\"wp-block-media-text__media\"><a href=\"https:\/\/issuu.com\/m3m-g3w\/docs\/myname?fr=xKAE9_zU1NQ\" target=\"_blank\" rel=\"noopener noreferrer\"><img alt=\"\" decoding=\"async\" width=\"723\" height=\"423\" src=\"https:\/\/www.vivasalud.be\/wp-content\/uploads\/2023\/07\/couv-rapport-annuel-fr.jpg\" class=\"wp-image-14516 size-full\"\/><\/a><\/figure><div class=\"wp-block-media-text__content\">\n<p>2022 luidt het begin in van een nieuw vijfjarenprogramma, nieuwe samenwerkingen en nieuwe uitdagingen voor het recht op gezondheid!<\/p>\n\n\n\n<p>Ondanks de steeds grotere druk op gezondheidswerkers en mensenrechtenactivisten in hun strijd tegen onrechtvaardigheid en voor gelijkheid, blijven onze partners in de DR Congo, Palestina en de Filipijnen ons verbazen met hun veerkracht, strijdbaarheid en creativiteit.<\/p>\n\n\n\n<div class=\"wp-block-button\"><a class=\"wp-block-button__link wp-element-button\" href=\"https:\/\/issuu.com\/m3m-g3w\/docs\/myname?fr=xKAE9_zU1NQ\" target=\"_blank\" rel=\"noreferrer noopener\"><strong>Bekijk ons jaarverslag<\/strong><\/a><\/div>\n<\/div><\/div>\n\n\n\n<h2 class=\"wp-block-heading\"><\/h2>\n\n\n\n<hr class=\"wp-block-separator has-alpha-channel-opacity\"\/>\n\n\n\n<h2 class=\"wp-block-heading\">Campagnedossier Laten we goed voor de zorgverleners zorgen<\/h2>\n\n\n\n<div class=\"wp-block-media-text alignwide\" style=\"grid-template-columns:27% auto\"><figure class=\"wp-block-media-text__media\"><a href=\"https:\/\/approchedroits-rechtenbenadering.be\/\" target=\"_blank\" rel=\"noopener noreferrer\"><img alt=\"\" decoding=\"async\" width=\"396\" height=\"535\" src=\"https:\/\/www.vivasalud.be\/wp-content\/uploads\/2023\/07\/couv-doss-campagne.jpg\" class=\"wp-image-14528 size-full\"\/><\/a><\/figure><div class=\"wp-block-media-text__content\">\n<p>Overal ter wereld werken mensen in de sector van de<br>gezondheid werkt onder slechte omstandigheden. <\/p>\n\n\n\n<p>Maar waarom is de gezondheidszorg zo slecht?<\/p>\n\n\n\n<div class=\"wp-block-button\"><a class=\"wp-block-button__link wp-element-button\" href=\"https:\/\/www.vivasalud.be\/wp-content\/uploads\/2024\/04\/VivaSalud_DossierdeCampagne_2023_FR_PRINT.pdf\" target=\"_blank\" rel=\"noreferrer noopener\"><strong>Bekijk het campagnedossier<\/strong><\/a><\/div>\n<\/div><\/div>\n\n\n\n<div style=\"height:23px\" aria-hidden=\"true\" class=\"wp-block-spacer\"><\/div>\n\n\n\n<h2 class=\"wp-block-heading\"><\/h2>\n\n\n\n<hr class=\"wp-block-separator has-css-opacity\"\/>\n\n\n\n<h2 class=\"wp-block-heading\">Jaarverslag 2021<\/h2>\n\n\n\n<div class=\"wp-block-media-text alignwide\" style=\"grid-template-columns:28% auto\"><figure class=\"wp-block-media-text__media\"><a href=\"https:\/\/www.vivasalud.be\/wp-content\/uploads\/2022\/09\/VS_JAARVERSLAG_2021_FR_lowres.pdf\" target=\"_blank\" rel=\"noopener noreferrer\"><img alt=\"\" loading=\"lazy\" decoding=\"async\" width=\"996\" height=\"696\" src=\"https:\/\/www.vivasalud.be\/wp-content\/uploads\/2022\/09\/RA2021FR.jpg\" class=\"wp-image-11429 size-full\" srcset=\"https:\/\/www.vivasalud.be\/wp-content\/uploads\/2022\/09\/RA2021FR.jpg 996w, https:\/\/www.vivasalud.be\/wp-content\/uploads\/2022\/09\/RA2021FR-800x559.jpg 800w, https:\/\/www.vivasalud.be\/wp-content\/uploads\/2022\/09\/RA2021FR-768x537.jpg 768w\" sizes=\"(max-width: 996px) 100vw, 996px\" \/><\/a><\/figure><div class=\"wp-block-media-text__content\">\n<p>In 2021 hebben we campagne gevoerd voor toegang voor iedereen tot middelen om het coronavirus te bestrijden en voor de bescherming van activisten die bedreigd worden door de afnemende democratische ruimte in de wereld. Samen met onze partners in de Filipijnen, de Democratische Republiek Congo, Palestina en op internationaal niveau hebben we ons ingezet om het recht op gezondheid van mensen te versterken.<\/p>\n\n\n\n<div class=\"wp-block-button\"><a class=\"wp-block-button__link wp-element-button\" href=\"https:\/\/issuu.com\/m3m-g3w\/docs\/vs_jaarverslag_2021_fr_lowres\" target=\"_blank\" rel=\"noreferrer noopener\"><strong>Bekijk hier het jaarverslag<\/strong><\/a><\/div>\n<\/div><\/div>\n\n\n\n<hr class=\"wp-block-separator has-css-opacity\"\/>\n\n\n\n<h2 class=\"wp-block-heading\">Eindbeoordelingen van het gemeenschappelijke programma 2017-2021<\/h2>\n\n\n\n<p>Viva Salud, KIYO en Solidagro werken sinds 2017 samen in een gezamenlijk programma dat tot eind 2021 wordt medegefinancierd door de Federale Overheidsdienst Buitenlandse Zaken, Buitenlandse Handel en Ontwikkelingssamenwerking. Dit programma was gebaseerd op een op rechten gebaseerde aanpak en was actief in 11 landen: Belgi\u00eb, Bolivia, Brazili\u00eb, Burkina Faso, Burundi, , Mali, Marokko, Palestina, de Filippijnen, DR Congo en Senegal. In 2021 en 2022 hebben we externe evaluaties gedaan voor elk van de doelen die we ons hadden gesteld. Hieronder vind je de evaluatierapporten van onze partnerlanden:<\/p>\n\n\n\n<ul class=\"wp-block-list\">\n<li><a href=\"https:\/\/www.vivasalud.be\/wp-content\/uploads\/2022\/07\/EvaluationsFinales_Resume.pdf\" target=\"_blank\" rel=\"noreferrer noopener\">De samenvatting van de beoordelingen<\/a><\/li>\n\n\n\n<li><a href=\"https:\/\/www.vivasalud.be\/wp-content\/uploads\/2022\/07\/Belgium_Report.pdf\" target=\"_blank\" rel=\"noreferrer noopener\">Het rapport over Belgi\u00eb<\/a><\/li>\n\n\n\n<li><a href=\"https:\/\/www.vivasalud.be\/wp-content\/uploads\/2022\/07\/Belgium_ManagementResponse.pdf\" target=\"_blank\" rel=\"noreferrer noopener\">De reactie van het management op dit rapport Belgi\u00eb<\/a><\/li>\n\n\n\n<li><a href=\"https:\/\/www.vivasalud.be\/wp-content\/uploads\/2022\/07\/Palestine_Report.pdf\" target=\"_blank\" rel=\"noreferrer noopener\">Het rapport over Palestina<\/a><\/li>\n\n\n\n<li><a href=\"https:\/\/www.vivasalud.be\/wp-content\/uploads\/2022\/07\/Palestine_ManagementResponse.pdf\" target=\"_blank\" rel=\"noreferrer noopener\">Het antwoord van het management op dit rapport Palestina<\/a><\/li>\n\n\n\n<li><a href=\"https:\/\/www.vivasalud.be\/wp-content\/uploads\/2022\/07\/Philippines_Report.pdf\" target=\"_blank\" rel=\"noreferrer noopener\">Het rapport over de Filipijnen<\/a><\/li>\n\n\n\n<li><a href=\"https:\/\/www.vivasalud.be\/wp-content\/uploads\/2022\/07\/Philippines_ManagementResponse.pdf\" target=\"_blank\" rel=\"noreferrer noopener\">Het antwoord van het management op dit rapport Filippijnen<\/a><\/li>\n\n\n\n<li><a href=\"https:\/\/www.vivasalud.be\/wp-content\/uploads\/2022\/07\/RDCongo_Report.pdf\" target=\"_blank\" rel=\"noreferrer noopener\">Het rapport over de Democratische Republiek Congo<\/a><\/li>\n\n\n\n<li><a href=\"https:\/\/www.vivasalud.be\/wp-content\/uploads\/2022\/07\/RDCongo_ManagementResponse.pdf\" target=\"_blank\" rel=\"noreferrer noopener\">Het antwoord van het management op dit rapport RD Congo<\/a><\/li>\n<\/ul>\n\n\n\n<hr class=\"wp-block-separator has-css-opacity\"\/>\n\n\n\n<h2 class=\"wp-block-heading\">De op rechten gebaseerde aanpak<\/h2>\n\n\n\n<div class=\"wp-block-media-text alignwide\" style=\"grid-template-columns:22% auto\"><figure class=\"wp-block-media-text__media\"><a href=\"https:\/\/approchedroits-rechtenbenadering.be\/\" target=\"_blank\" rel=\"noopener noreferrer\"><img alt=\"\" loading=\"lazy\" decoding=\"async\" width=\"298\" height=\"294\" src=\"https:\/\/www.vivasalud.be\/wp-content\/uploads\/2022\/02\/semRBA-FR.png\" class=\"wp-image-10145 size-full\"\/><\/a><\/figure><div class=\"wp-block-media-text__content\">\n<p>Samen met KIYO en Solidagro, twee andere Belgische ngo's waarmee Viva Salud van 2017 tot 2021 een gezamenlijk programma had, heeft Viva Salud een website gemaakt die helemaal draait om de op rechten gebaseerde aanpak.<\/p>\n\n\n\n<p>We hebben er ook alle info op gezet die we hebben gedeeld tijdens het seminar over rechten dat we samen met 13 andere maatschappelijke organisaties in december 2021 hebben georganiseerd.<\/p>\n\n\n\n<div class=\"wp-block-button\"><a class=\"wp-block-button__link wp-element-button\" href=\"https:\/\/approchedroits-rechtenbenadering.be\/\" target=\"_blank\" rel=\"noreferrer noopener\"><strong>Check de site eens uit<\/strong><\/a><\/div>\n<\/div><\/div>\n\n\n\n<div style=\"height:20px\" aria-hidden=\"true\" class=\"wp-block-spacer\"><\/div>\n\n\n\n<hr class=\"wp-block-separator has-css-opacity\"\/>\n\n\n\n<h2 class=\"wp-block-heading\">Dossier: Waarom openbare gezondheidszorg beter is<\/h2>\n\n\n\n<div class=\"wp-block-media-text alignwide\" style=\"grid-template-columns:22% auto\"><figure class=\"wp-block-media-text__media\"><a href=\"https:\/\/www.vivasalud.be\/wp-content\/uploads\/2020\/02\/Pourquoi-les-soins-de-sant%C3%A9-publics-sont-meilleurs.pdf\" target=\"_blank\" rel=\"noopener noreferrer\"><img alt=\"\" loading=\"lazy\" decoding=\"async\" width=\"595\" height=\"842\" src=\"https:\/\/www.vivasalud.be\/wp-content\/uploads\/2020\/01\/Cover-Pourquoi-les-soins-de-sant\u00e9-publics-sont-meilleurs.png\" class=\"wp-image-1890 size-full\" srcset=\"https:\/\/www.vivasalud.be\/wp-content\/uploads\/2020\/01\/Cover-Pourquoi-les-soins-de-sant\u00e9-publics-sont-meilleurs.png 595w, https:\/\/www.vivasalud.be\/wp-content\/uploads\/2020\/01\/Cover-Pourquoi-les-soins-de-sant\u00e9-publics-sont-meilleurs-565x800.png 565w\" sizes=\"(max-width: 595px) 100vw, 595px\" \/><\/a><\/figure><div class=\"wp-block-media-text__content\">\n<p>Nu de priv\u00e9sector steeds meer de touwtjes in handen krijgt in de gezondheidszorg, vindt Viva Salud het superbelangrijk om de openbare gezondheidszorg te verdedigen en te promoten. Waarom? In ons nieuwe dossier \u00abWaarom openbare gezondheidszorg beter is\u00bb kom je te weten:<\/p>\n\n\n\n<ul class=\"wp-block-list\">\n<li>\nWaarom privatisering leidt tot meer ongelijkheid in de toegang tot gezondheidszorg \n\t\n\t<\/li>\n\n\n\n<li>\nwaarom privatisering op de lange termijn vaak duurder is \n\t\n\t<\/li>\n\n\n\n<li>\nWaarom privatisering niet effici\u00ebnter is \n\t\n\t<\/li>\n\n\n\n<li>\nwaarom privatisering de kwaliteit niet verbetert \n\t\n\t<\/li>\n\n\n\n<li>\nwaarom privatisering leidt tot minder publieke controle \n\t\n\t<\/li>\n\n\n\n<li>\nwaarom privatisering ervoor zorgt dat er minder zorgverleners beschikbaar zijn en hun werkomstandigheden slechter worden \n\t\n\t<\/li>\n\n\n\n<li>\nwelk gezondheidszorgsysteem we willen \n\t\n\t<\/li>\n\n\n\n<li>\nvoorbeelden van succesvolle campagnes van het maatschappelijk middenveld \n\t\n<\/li>\n<\/ul>\n\n\n\n<div class=\"wp-block-button\"><a class=\"wp-block-button__link wp-element-button\" href=\"https:\/\/www.vivasalud.be\/wp-content\/uploads\/2020\/02\/Pourquoi-les-soins-de-sant%C3%A9-publics-sont-meilleurs.pdf\" target=\"_blank\" rel=\"noreferrer noopener\"><strong>&gt; Download het dossier<\/strong><\/a><\/div>\n<\/div><\/div>\n\n\n\n<hr class=\"wp-block-separator has-css-opacity\"\/>\n\n\n\n<h2 class=\"wp-block-heading\">Handleiding: Een beweging voor gezondheid opzetten<\/h2>\n\n\n\n<div style=\"height:20px\" aria-hidden=\"true\" class=\"wp-block-spacer\"><\/div>\n\n\n\n<div class=\"wp-block-media-text alignwide is-stacked-on-mobile\" style=\"grid-template-columns:28% auto\"><figure class=\"wp-block-media-text__media\"><a href=\"https:\/\/issuu.com\/m3m-g3w\/docs\/b_tir_un_mouvement_pour_la_sant_\" target=\"_blank\" rel=\"noopener noreferrer\"><img alt=\"\" loading=\"lazy\" decoding=\"async\" width=\"1176\" height=\"835\" src=\"https:\/\/www.vivasalud.be\/wp-content\/uploads\/2020\/04\/cover-manuel-b\u00e2tir-un-mouvement-pour-la-sante.jpg\" class=\"wp-image-4164 size-full\" srcset=\"https:\/\/www.vivasalud.be\/wp-content\/uploads\/2020\/04\/cover-manuel-b\u00e2tir-un-mouvement-pour-la-sante.jpg 1176w, https:\/\/www.vivasalud.be\/wp-content\/uploads\/2020\/04\/cover-manuel-b\u00e2tir-un-mouvement-pour-la-sante-800x568.jpg 800w, https:\/\/www.vivasalud.be\/wp-content\/uploads\/2020\/04\/cover-manuel-b\u00e2tir-un-mouvement-pour-la-sante-768x545.jpg 768w\" sizes=\"(max-width: 1176px) 100vw, 1176px\" \/><\/a><\/figure><div class=\"wp-block-media-text__content\">\n<p>Samen met de Mouvement populaire pour la sant\u00e9 (MPS) hebben we dit interactieve handboek gemaakt. Ben je student, expert of activist en op zoek naar inspiratie en goede voorbeelden van over de hele wereld? Doe je gordels om en duik in dit handboek! Het handboek is beschikbaar in <a href=\"https:\/\/issuu.com\/m3m-g3w\/docs\/b_tir_un_mouvement_pour_la_sant_\" target=\"_blank\" rel=\"noreferrer noopener\">Frans<\/a>, <a href=\"https:\/\/issuu.com\/m3m-g3w\/docs\/movement_building_en\" target=\"_blank\" rel=\"noreferrer noopener\">Engels<\/a> en <a href=\"https:\/\/issuu.com\/m3m-g3w\/docs\/c_mo_se_construye_un_movimiento_para_la_salud\" target=\"_blank\" rel=\"noreferrer noopener\">Spaans<\/a>.<\/p>\n\n\n\n<div class=\"wp-block-buttons is-layout-flex wp-block-buttons-is-layout-flex\">\n<div class=\"wp-block-button\"><a class=\"wp-block-button__link wp-element-button\" href=\"https:\/\/issuu.com\/m3m-g3w\/docs\/b_tir_un_mouvement_pour_la_sant_\" target=\"_blank\" rel=\"noreferrer noopener\"><strong>Bekijk de handleiding<\/strong><\/a><\/div>\n<\/div>\n\n\n\n<div class=\"wp-block-buttons is-layout-flex wp-block-buttons-is-layout-flex\">\n<div class=\"wp-block-button\"><a class=\"wp-block-button__link wp-element-button\" href=\"https:\/\/vivacloud.vivasalud.be\/s\/oW77EGDXGwtqNsc\" target=\"_blank\" rel=\"noreferrer noopener\"><strong>&gt; Download de handleiding<\/strong><\/a><\/div>\n<\/div>\n<\/div><\/div>\n\n\n\n<hr class=\"wp-block-separator has-css-opacity\"\/>\n\n\n\n<h2 class=\"wp-block-heading\">Praktische gids om te praten over wereldwijde rechtvaardigheid en solidariteit<\/h2>\n\n\n\n<div style=\"height:20px\" aria-hidden=\"true\" class=\"wp-block-spacer\"><\/div>\n\n\n\n<div class=\"wp-block-media-text alignwide is-stacked-on-mobile\" style=\"grid-template-columns:22% auto\"><figure class=\"wp-block-media-text__media\"><a href=\"https:\/\/www.vivasalud.be\/wp-content\/uploads\/2020\/04\/Guide-pratique.pdf\" target=\"_blank\" rel=\"noopener noreferrer\"><img alt=\"\" loading=\"lazy\" decoding=\"async\" width=\"826\" height=\"1169\" src=\"https:\/\/www.vivasalud.be\/wp-content\/uploads\/2020\/04\/Guide-pratique.jpg\" class=\"wp-image-4196 size-full\" srcset=\"https:\/\/www.vivasalud.be\/wp-content\/uploads\/2020\/04\/Guide-pratique.jpg 826w, https:\/\/www.vivasalud.be\/wp-content\/uploads\/2020\/04\/Guide-pratique-565x800.jpg 565w, https:\/\/www.vivasalud.be\/wp-content\/uploads\/2020\/04\/Guide-pratique-768x1087.jpg 768w\" sizes=\"(max-width: 826px) 100vw, 826px\" \/><\/a><\/figure><div class=\"wp-block-media-text__content\">\n<p>Deze handige gids is echt een must voor activisten en campagnevoerders. Hoe we over problemen praten, be\u00efnvloedt hoe mensen denken, voelen en handelen ten opzichte van die problemen. Het is tijd om af te stappen van de negatieve woorden en beelden rond 'hulp\u00bb, \u00bbliefdadigheid\u00ab en wat we \u00bbinternationale ontwikkeling\u00ab noemen, en ze te vervangen door een ander verhaal, dat is gebaseerd op solidariteit en sociale rechtvaardigheid eist. Deze gids geeft je praktische tips en principes die je nodig hebt om de diepere oorzaken van armoede te identificeren en wereldwijde solidariteit op te bouwen via je communicatie.<\/p>\n\n\n\n<p><em>Deze gids is gemaakt door Framing Matters voor Health Poverty Action, samen met het Public Interest Research Centre en de volgende leden van het Progressive Development Forum: Medact, NEON, PHM UK, PHM West and Central Africa en Viva Salud.<\/em><\/p>\n\n\n\n<div class=\"wp-block-buttons is-layout-flex wp-block-buttons-is-layout-flex\">\n<div class=\"wp-block-button\"><a class=\"wp-block-button__link wp-element-button\" href=\"https:\/\/www.vivasalud.be\/wp-content\/uploads\/2020\/04\/Guide-pratique.pdf\" target=\"_blank\" rel=\"noreferrer noopener\">&gt; <strong>Check de gids<\/strong><\/a><\/div>\n<\/div>\n<\/div><\/div>\n\n\n\n<hr class=\"wp-block-separator has-css-opacity\"\/>\n\n\n\n<h2 class=\"wp-block-heading\">Wat doe je met een biljoen dollar?<\/h2>\n\n\n\n<div class=\"wp-block-media-text alignwide is-stacked-on-mobile\" style=\"grid-template-columns:22% auto\"><figure class=\"wp-block-media-text__media\"><a href=\"https:\/\/www.vivasalud.be\/wp-content\/uploads\/2020\/04\/Changing-track-corporates-report-web_2.pdf\" target=\"_blank\" rel=\"noopener noreferrer\"><img alt=\"\" loading=\"lazy\" decoding=\"async\" width=\"826\" height=\"1169\" src=\"https:\/\/www.vivasalud.be\/wp-content\/uploads\/2020\/04\/Changing-track-corporates-report-cover.jpg\" class=\"wp-image-4220 size-full\" srcset=\"https:\/\/www.vivasalud.be\/wp-content\/uploads\/2020\/04\/Changing-track-corporates-report-cover.jpg 826w, https:\/\/www.vivasalud.be\/wp-content\/uploads\/2020\/04\/Changing-track-corporates-report-cover-565x800.jpg 565w, https:\/\/www.vivasalud.be\/wp-content\/uploads\/2020\/04\/Changing-track-corporates-report-cover-768x1087.jpg 768w\" sizes=\"(max-width: 826px) 100vw, 826px\" \/><\/a><\/figure><div class=\"wp-block-media-text__content\">\n<p>Nieuw onderzoek laat zien dat overheden elk jaar meer dan een biljoen dollar mislopen door onterechte voordelen voor bedrijven en enorme belastingfraude. Dit document, ondertekend door Health Poverty Action, Mouvement Populaire pour la Sant\u00e9 en Viva Salud, laat je alternatieve manieren zien.<\/p>\n\n\n\n<div class=\"wp-block-buttons is-layout-flex wp-block-buttons-is-layout-flex\">\n<div class=\"wp-block-button\"><a class=\"wp-block-button__link wp-element-button\" href=\"https:\/\/www.vivasalud.be\/wp-content\/uploads\/2020\/04\/Changing-track-corporates-report-web_2.pdf\" target=\"_blank\" rel=\"noreferrer noopener\"><strong>&gt; Je kunt het hele onderzoek (in het Engels) hier lezen.<\/strong><\/a><\/div>\n<\/div>\n<\/div><\/div>\n\n\n\n<hr class=\"wp-block-separator has-css-opacity\"\/>\n\n\n\n<h2 class=\"wp-block-heading\">Empowerment: samen voor een betere gezondheid<\/h2>\n\n\n\n<div class=\"wp-block-media-text alignwide is-stacked-on-mobile\" style=\"grid-template-columns:22% auto\"><figure class=\"wp-block-media-text__media\"><img alt=\"\" loading=\"lazy\" decoding=\"async\" width=\"584\" height=\"826\" src=\"https:\/\/www.vivasalud.be\/wp-content\/uploads\/2020\/10\/Empowerment-FR-2020-cover.png\" class=\"wp-image-5720 size-full\" srcset=\"https:\/\/www.vivasalud.be\/wp-content\/uploads\/2020\/10\/Empowerment-FR-2020-cover.png 584w, https:\/\/www.vivasalud.be\/wp-content\/uploads\/2020\/10\/Empowerment-FR-2020-cover-566x800.png 566w\" sizes=\"(max-width: 584px) 100vw, 584px\" \/><\/figure><div class=\"wp-block-media-text__content\">\n<p>Empowerment. Je vindt de meest uiteenlopende definities. Sommigen associ\u00ebren het met zelfvertrouwen of autonomie, anderen met participatie of mobilisatie, weer anderen met bevrijding. Maar weet je wat ons het meest verbaasde? In deze definities wordt zelden verwezen naar \u00abpower\u00bb, naar de kwestie van macht. Genoeg stof om te analyseren.<\/p>\n\n\n\n<div class=\"wp-block-buttons is-layout-flex wp-block-buttons-is-layout-flex\">\n<div class=\"wp-block-button\"><a class=\"wp-block-button__link wp-element-button\" href=\"https:\/\/www.vivasalud.be\/wp-content\/uploads\/2020\/10\/Brochure-Empowerment-FR.pdf\" target=\"_blank\" rel=\"noreferrer noopener\"><strong><span class=\"has-inline-color has-white-color\">&gt; Download de brochure<\/span><\/strong><\/a><\/div>\n<\/div>\n<\/div><\/div>\n\n\n\n<hr class=\"wp-block-separator has-css-opacity\"\/>\n\n\n\n<h2 class=\"wp-block-heading\">Samenwerking voor duurzame ontwikkeling<\/h2>\n\n\n\n<p>Wat betekent het om ergens recht op te hebben? Ontdek wat dit betekent volgens KIYO, Solidagro en Viva Salud.<\/p>\n\n\n\n<figure class=\"wp-block-embed is-type-video is-provider-youtube wp-block-embed-youtube wp-embed-aspect-16-9 wp-has-aspect-ratio\"><div class=\"wp-block-embed__wrapper\">\nhttps:\/\/www.youtube.com\/watch?v=tWrzY4371Ww&#038;t=4s\n<\/div><\/figure>\n\n\n\n<p><\/p>","protected":false},"excerpt":{"rendered":"<p>Publications Rapport annuel 2023 Rapport annuel 2022 Dossier de campagne Prenons soin des soignant\u00b7e\u00b7s Rapport annuel 2021 Evaluations finales du programme commun 2017-2021 Viva Salud, KIYO et Solidagro ont collabor\u00e9 au sein d\u2019un programme commun cofinanc\u00e9 par le Service public f\u00e9d\u00e9ral Affaires \u00e9trang\u00e8res, Commerce Ext\u00e9rieur et Coop\u00e9ration au D\u00e9veloppement depuis 2017 et jusque fin 2021. [&hellip;]<\/p>\n","protected":false},"author":1,"featured_media":17723,"parent":1788,"menu_order":3,"comment_status":"closed","ping_status":"closed","template":"","meta":{"_acf_changed":false,"_seopress_robots_primary_cat":"","_seopress_titles_title":"","_seopress_titles_desc":"","_seopress_robots_index":"","footnotes":""},"class_list":["post-1871","page","type-page","status-publish","has-post-thumbnail","hentry"],"acf":[],"_links":{"self":[{"href":"https:\/\/www.vivasalud.be\/nl\/wp-json\/wp\/v2\/pages\/1871","targetHints":{"allow":["GET"]}}],"collection":[{"href":"https:\/\/www.vivasalud.be\/nl\/wp-json\/wp\/v2\/pages"}],"about":[{"href":"https:\/\/www.vivasalud.be\/nl\/wp-json\/wp\/v2\/types\/page"}],"author":[{"embeddable":true,"href":"https:\/\/www.vivasalud.be\/nl\/wp-json\/wp\/v2\/users\/1"}],"replies":[{"embeddable":true,"href":"https:\/\/www.vivasalud.be\/nl\/wp-json\/wp\/v2\/comments?post=1871"}],"version-history":[{"count":0,"href":"https:\/\/www.vivasalud.be\/nl\/wp-json\/wp\/v2\/pages\/1871\/revisions"}],"up":[{"embeddable":true,"href":"https:\/\/www.vivasalud.be\/nl\/wp-json\/wp\/v2\/pages\/1788"}],"wp:featuredmedia":[{"embeddable":true,"href":"https:\/\/www.vivasalud.be\/nl\/wp-json\/wp\/v2\/media\/17723"}],"wp:attachment":[{"href":"https:\/\/www.vivasalud.be\/nl\/wp-json\/wp\/v2\/media?parent=1871"}],"curies":[{"name":"wp","href":"https:\/\/api.w.org\/{rel}","templated":true}]}}