{"id":2027,"date":"2019-11-18T11:20:26","date_gmt":"2019-11-18T11:20:26","guid":{"rendered":"https:\/\/www.vivasalud.be\/in-actie\/voer-mee-campagne\/only-fighters-win\/steun-hun-strijd-doe-een-gift\/"},"modified":"2020-01-27T15:41:42","modified_gmt":"2020-01-27T15:41:42","slug":"steun-hun-strijd-doe-een-gift","status":"publish","type":"page","link":"https:\/\/www.vivasalud.be\/nl\/only-fighters-win\/steun-hun-strijd-doe-een-gift\/","title":{"rendered":"Soutenez leur lutte, faites un don"},"content":{"rendered":"<figure class=\"wp-block-image\"><img alt=\"\" decoding=\"async\" src=\"https:\/\/www.vivasalud.be\/wp-content\/uploads\/2019\/10\/Rachel-free.jpg\" class=\"wp-image-1057\"\/><\/figure>\n\n\n\n<h1 class=\"wp-block-heading\">Soutenez leur lutte, faites un don<\/h1>\n\n\n\n<ul class=\"wp-block-list\"><li> met<strong> 40 euro<\/strong>\u00a0un jeune peut participer \u00e0 un atelier de th\u00e9\u00e2tre autour du droit \u00e0 la sant\u00e9 en Palestine  <\/li><li> met <strong>50 euro<\/strong>\u00a0notre partenaire peut organiser un atelier \u201cs\u2019exprimer en public\u201d pour les travailleurs de sant\u00e9 aux Philippines  <\/li><li> met <strong>100\u00a0euros<\/strong>\u00a0un Quick Respons Team de Karapatan peut mener une enqu\u00eate sur un activiste philippin arr\u00eat\u00e9 ou disparu  <\/li><\/ul>\n\n\n\n<div class=\"wp-block-button\"><a class=\"wp-block-button__link\" href=\"https:\/\/crm.vivasalud.be\/fr\/civicrm\/contribute\/transact?reset=1&amp;id=3&amp;lang=nl\"><strong>> Faites un don<\/strong><\/a><\/div>\n\n\n\n<p>Vous pouvez aussi effectuer un transfert via notre compte en banque BE15 0010 4517 8030 avec le message \u00ab\u00a0Don campagne 2019\u00a0\u00bb.\u00a0A partir de 40 euros par an, vous recevez une attestation fiscale.<\/p>","protected":false},"excerpt":{"rendered":"<p>Soutenez leur lutte \u2013 Faites un don en ligne ou via notre compte en banque BE15 0010 4517 8030 avec le message \u00ab\u00a0Don campagne 2019\u00a0\u00bb. A partir de 40 euros par an, vous recevez une attestation fiscale.<\/p>","protected":false},"author":15,"featured_media":1087,"parent":2010,"menu_order":0,"comment_status":"closed","ping_status":"closed","template":"","meta":{"_acf_changed":false,"_seopress_robots_primary_cat":"","_seopress_titles_title":"","_seopress_titles_desc":"","_seopress_robots_index":"","footnotes":""},"class_list":["post-2027","page","type-page","status-publish","has-post-thumbnail","hentry"],"acf":[],"_links":{"self":[{"href":"https:\/\/www.vivasalud.be\/nl\/wp-json\/wp\/v2\/pages\/2027","targetHints":{"allow":["GET"]}}],"collection":[{"href":"https:\/\/www.vivasalud.be\/nl\/wp-json\/wp\/v2\/pages"}],"about":[{"href":"https:\/\/www.vivasalud.be\/nl\/wp-json\/wp\/v2\/types\/page"}],"author":[{"embeddable":true,"href":"https:\/\/www.vivasalud.be\/nl\/wp-json\/wp\/v2\/users\/15"}],"replies":[{"embeddable":true,"href":"https:\/\/www.vivasalud.be\/nl\/wp-json\/wp\/v2\/comments?post=2027"}],"version-history":[{"count":0,"href":"https:\/\/www.vivasalud.be\/nl\/wp-json\/wp\/v2\/pages\/2027\/revisions"}],"up":[{"embeddable":true,"href":"https:\/\/www.vivasalud.be\/nl\/wp-json\/wp\/v2\/pages\/2010"}],"wp:featuredmedia":[{"embeddable":true,"href":"https:\/\/www.vivasalud.be\/nl\/wp-json\/wp\/v2\/media\/1087"}],"wp:attachment":[{"href":"https:\/\/www.vivasalud.be\/nl\/wp-json\/wp\/v2\/media?parent=2027"}],"curies":[{"name":"wp","href":"https:\/\/api.w.org\/{rel}","templated":true}]}}