{"id":2067,"date":"2020-01-13T14:27:37","date_gmt":"2020-01-13T14:27:37","guid":{"rendered":"https:\/\/www.vivasalud.be\/infoformulier-testament\/"},"modified":"2020-03-09T17:41:56","modified_gmt":"2020-03-09T16:41:56","slug":"zal-vormen","status":"publish","type":"page","link":"https:\/\/www.vivasalud.be\/nl\/formulaire-testament\/","title":{"rendered":"Formulier : Meer informatie over testamenten"},"content":{"rendered":"\n<div style=\"height:31px\" aria-hidden=\"true\" class=\"wp-block-spacer\"><\/div>\n\n\n\n<div class=\"wp-block-ninja-forms-form\">[ninja_forms id=10]<\/div>\n\n\n\n<p class=\"has-background has-very-light-gray-background-color\">En soumettant ce formulaire, vous d\u00e9clarez accepter que Viva Salud conserve vos donn\u00e9es afin de vous tenir inform\u00e9.e en fonction de vos int\u00e9r\u00eats. Vous pouvez nous demander de consulter vos donn\u00e9es, de les corriger et de les supprimer. Vous pouvez le faire par e-mail: <a href=\"mailto:info@vivasalud.be\">info@vivasalud.be<\/a> ou par courrier \u00e0 Viva Salud &#8211; Chauss\u00e9e de Haecht 53 &#8211; 1210 Bruxelles. Pour toute question ou r\u00e9clamation, veuillez contacter: <a href=\"mailto:info@vivasalud.be\">info@vivasalud.be<\/a> ou par t\u00e9l\u00e9phone: 02 209 23 65. Vous pouvez en savoir plus sur la politique de confidentialit\u00e9 de Viva Salud ici: <a rel=\"noreferrer noopener\" href=\"https:\/\/www.vivasalud.be\/privacy\" target=\"_blank\">https:\/\/www.vivasalud.be\/privacy<\/a><\/p>\n","protected":false},"excerpt":{"rendered":"<p>En soumettant ce formulaire, vous d\u00e9clarez accepter que Viva Salud conserve vos donn\u00e9es afin de vous tenir inform\u00e9.e en fonction de vos int\u00e9r\u00eats. Vous pouvez nous demander de consulter vos donn\u00e9es, de les corriger et de les supprimer. Vous pouvez le faire par e-mail: info@vivasalud.be ou par courrier \u00e0 Viva Salud &#8211; Chauss\u00e9e de Haecht [&hellip;]<\/p>\n","protected":false},"author":15,"featured_media":0,"parent":0,"menu_order":33,"comment_status":"closed","ping_status":"closed","template":"","meta":{"_acf_changed":false,"_seopress_robots_primary_cat":"","_seopress_titles_title":"","_seopress_titles_desc":"","_seopress_robots_index":"","footnotes":""},"class_list":["post-2067","page","type-page","status-publish","hentry"],"acf":[],"_links":{"self":[{"href":"https:\/\/www.vivasalud.be\/nl\/wp-json\/wp\/v2\/pages\/2067","targetHints":{"allow":["GET"]}}],"collection":[{"href":"https:\/\/www.vivasalud.be\/nl\/wp-json\/wp\/v2\/pages"}],"about":[{"href":"https:\/\/www.vivasalud.be\/nl\/wp-json\/wp\/v2\/types\/page"}],"author":[{"embeddable":true,"href":"https:\/\/www.vivasalud.be\/nl\/wp-json\/wp\/v2\/users\/15"}],"replies":[{"embeddable":true,"href":"https:\/\/www.vivasalud.be\/nl\/wp-json\/wp\/v2\/comments?post=2067"}],"version-history":[{"count":0,"href":"https:\/\/www.vivasalud.be\/nl\/wp-json\/wp\/v2\/pages\/2067\/revisions"}],"wp:attachment":[{"href":"https:\/\/www.vivasalud.be\/nl\/wp-json\/wp\/v2\/media?parent=2067"}],"curies":[{"name":"wp","href":"https:\/\/api.w.org\/{rel}","templated":true}]}}