{"id":3337,"date":"2019-11-25T15:37:54","date_gmt":"2019-11-25T15:37:54","guid":{"rendered":"https:\/\/www.vivasalud.be\/copyright-2\/"},"modified":"2020-03-13T17:06:48","modified_gmt":"2020-03-13T16:06:48","slug":"copyright-f","status":"publish","type":"page","link":"https:\/\/www.vivasalud.be\/nl\/copyright-f\/","title":{"rendered":"Copyright"},"content":{"rendered":"<div style=\"height:20px\" aria-hidden=\"true\" class=\"wp-block-spacer\"><\/div>\n\n\n\n<h1 class=\"wp-block-heading\">Copyright<\/h1>\n\n\n\n<p>Met uitzondering van het logo en de baseline, en tenzij anders aangegeven,\nalle materialen op deze site die niet vallen onder de auteursrechten van derden\ndoor auteursrechten van derden worden gebruikt onder contract <a href=\"http:\/\/chttps:\/\/creativecommons.org\/licenses\/by-nc\/4.0\/\">Creatief\nCommons Naamsvermelding-NietCommercieel Internationaal 4.0.<\/a><\/p>\n\n\n\n<p>We willen echter graag weten waar en wanneer ze gebruikt worden.\ngebruikt.<\/p>\n\n\n\n<p>We streven er ook naar het auteursrecht van derden te respecteren.\nAls je denkt dat we jouw rechten of die van iemand anders hebben geschonden\nop deze site, laat het ons dan weten. Als onze\ndat we ongeoorloofd gebruik hebben gemaakt van andermans\nmateriaal van iemand anders, dan zullen we dat zo snel mogelijk verwijderen.\nzo snel mogelijk.<\/p>\n\n\n\n<p><\/p>","protected":false},"excerpt":{"rendered":"<p>Copyright Sauf pour le logo et la baseline, et sauf indication contraire, tous les mat\u00e9riaux sur ce site qui ne sont pas couverts par les copyrights de tiers sont utilis\u00e9s sous un contrat Creative Commons Attribution-NonCommercial International 4.0. Nous tenons cependant \u00e0 \u00eatre inform\u00e9s o\u00f9 et quand ils sont utilis\u00e9s. De m\u00eame, nous nous effor\u00e7ons [&hellip;]<\/p>\n","protected":false},"author":1,"featured_media":0,"parent":0,"menu_order":29,"comment_status":"closed","ping_status":"closed","template":"","meta":{"_acf_changed":false,"_seopress_robots_primary_cat":"","_seopress_titles_title":"","_seopress_titles_desc":"","_seopress_robots_index":"","footnotes":""},"class_list":["post-3337","page","type-page","status-publish","hentry"],"acf":[],"_links":{"self":[{"href":"https:\/\/www.vivasalud.be\/nl\/wp-json\/wp\/v2\/pages\/3337","targetHints":{"allow":["GET"]}}],"collection":[{"href":"https:\/\/www.vivasalud.be\/nl\/wp-json\/wp\/v2\/pages"}],"about":[{"href":"https:\/\/www.vivasalud.be\/nl\/wp-json\/wp\/v2\/types\/page"}],"author":[{"embeddable":true,"href":"https:\/\/www.vivasalud.be\/nl\/wp-json\/wp\/v2\/users\/1"}],"replies":[{"embeddable":true,"href":"https:\/\/www.vivasalud.be\/nl\/wp-json\/wp\/v2\/comments?post=3337"}],"version-history":[{"count":0,"href":"https:\/\/www.vivasalud.be\/nl\/wp-json\/wp\/v2\/pages\/3337\/revisions"}],"wp:attachment":[{"href":"https:\/\/www.vivasalud.be\/nl\/wp-json\/wp\/v2\/media?parent=3337"}],"curies":[{"name":"wp","href":"https:\/\/api.w.org\/{rel}","templated":true}]}}