{"id":3339,"date":"2019-08-14T19:00:27","date_gmt":"2019-08-14T19:00:27","guid":{"rendered":"https:\/\/www.vivasalud.be\/disclaimer\/"},"modified":"2020-03-13T17:21:26","modified_gmt":"2020-03-13T16:21:26","slug":"disclaimer","status":"publish","type":"page","link":"https:\/\/www.vivasalud.be\/nl\/disclaimer\/","title":{"rendered":"Disclaimer"},"content":{"rendered":"<div style=\"height:20px\" aria-hidden=\"true\" class=\"wp-block-spacer\"><\/div>\n\n\n\n<h1 class=\"wp-block-heading\">Disclaimer<\/h1>\n\n\n\n<p>We zorgen ervoor dat alle info op deze site zo compleet, juist en up-to-date mogelijk is.<\/p>\n\n\n\n<p>Ondanks al onze inspanningen kan het gebeuren dat dit niet het geval is. Als je onjuistheden opmerkt, horen we dat graag zo snel mogelijk van je. We zullen je vraag of opmerking dan meteen behandelen.<\/p>\n\n\n\n<p>Deze site heeft links naar andere sites en naar informatiebronnen die door anderen worden beheerd. Voor deze sites kunnen we geen garantie geven over de volledigheid of juistheid van de inhoud, of over de beschikbaarheid van de sites en informatiebronnen.<\/p>\n\n\n\n<p><\/p>","protected":false},"excerpt":{"rendered":"<p>Disclaimer Nous faisons en sorte que toutes les informations figurant sur ce site soient aussi compl\u00e8tes, exactes et \u00e0 jour que possible. Malgr\u00e9 tous nos efforts, il peut arriver que ce ne soit pas le cas. Si vous constatez des inexactitudes, nous vous serions reconnaissants de nous le faire savoir au plus vite. Nous t\u00e2cherons [&hellip;]<\/p>\n","protected":false},"author":1,"featured_media":0,"parent":0,"menu_order":27,"comment_status":"closed","ping_status":"closed","template":"","meta":{"_acf_changed":false,"_seopress_robots_primary_cat":"","_seopress_titles_title":"","_seopress_titles_desc":"","_seopress_robots_index":"","footnotes":""},"class_list":["post-3339","page","type-page","status-publish","hentry"],"acf":[],"_links":{"self":[{"href":"https:\/\/www.vivasalud.be\/nl\/wp-json\/wp\/v2\/pages\/3339","targetHints":{"allow":["GET"]}}],"collection":[{"href":"https:\/\/www.vivasalud.be\/nl\/wp-json\/wp\/v2\/pages"}],"about":[{"href":"https:\/\/www.vivasalud.be\/nl\/wp-json\/wp\/v2\/types\/page"}],"author":[{"embeddable":true,"href":"https:\/\/www.vivasalud.be\/nl\/wp-json\/wp\/v2\/users\/1"}],"replies":[{"embeddable":true,"href":"https:\/\/www.vivasalud.be\/nl\/wp-json\/wp\/v2\/comments?post=3339"}],"version-history":[{"count":0,"href":"https:\/\/www.vivasalud.be\/nl\/wp-json\/wp\/v2\/pages\/3339\/revisions"}],"wp:attachment":[{"href":"https:\/\/www.vivasalud.be\/nl\/wp-json\/wp\/v2\/media?parent=3339"}],"curies":[{"name":"wp","href":"https:\/\/api.w.org\/{rel}","templated":true}]}}