{"id":7080,"date":"2021-03-18T17:22:02","date_gmt":"2021-03-18T16:22:02","guid":{"rendered":"https:\/\/www.vivasalud.be\/?page_id=7080"},"modified":"2022-01-11T10:37:44","modified_gmt":"2022-01-11T09:37:44","slug":"partagez-le-vaccin-pas-le-virus","status":"publish","type":"page","link":"https:\/\/www.vivasalud.be\/nl\/en-action-3\/participez-a-nos-campagnes\/partagez-le-vaccin-pas-le-virus\/","title":{"rendered":"Deel het vaccin, niet het virus"},"content":{"rendered":"<div style=\"height:58px\" aria-hidden=\"true\" class=\"wp-block-spacer\"><\/div>\n\n\n\n<h1 class=\"wp-block-heading\">Deel het vaccin, niet het virus<\/h1>\n\n\n\n<div style=\"height:29px\" aria-hidden=\"true\" class=\"wp-block-spacer\"><\/div>\n\n\n\n<figure class=\"wp-block-image size-large\"><a href=\"https:\/\/www.vivasalud.be\/wp-content\/uploads\/2021\/03\/534x200_e-newsletter_VS_Deel-het-vaccin_FR.jpg\"><img alt=\"deel het vaccin niet het virus\" fetchpriority=\"high\" decoding=\"async\" width=\"1920\" height=\"719\" src=\"https:\/\/www.vivasalud.be\/wp-content\/uploads\/2021\/03\/534x200_e-newsletter_VS_Deel-het-vaccin_FR.jpg\" class=\"wp-image-7081\" srcset=\"https:\/\/www.vivasalud.be\/wp-content\/uploads\/2021\/03\/534x200_e-newsletter_VS_Deel-het-vaccin_FR.jpg 1920w, https:\/\/www.vivasalud.be\/wp-content\/uploads\/2021\/03\/534x200_e-newsletter_VS_Deel-het-vaccin_FR-800x300.jpg 800w, https:\/\/www.vivasalud.be\/wp-content\/uploads\/2021\/03\/534x200_e-newsletter_VS_Deel-het-vaccin_FR-768x288.jpg 768w, https:\/\/www.vivasalud.be\/wp-content\/uploads\/2021\/03\/534x200_e-newsletter_VS_Deel-het-vaccin_FR-1536x575.jpg 1536w\" sizes=\"(max-width: 1920px) 100vw, 1920px\" \/><\/a><\/figure>\n\n\n\n<div style=\"height:17px\" aria-hidden=\"true\" class=\"wp-block-spacer\"><\/div>\n\n\n\n<p><strong>Met de komst van vaccins groeit de hoop dat de pandemie van het coronavirus snel voorbij zal zijn. Maar niemand is veilig totdat we allemaal veilig zijn. Daarom is het van vitaal belang dat het vaccin voor iedereen toegankelijk is. En om dit te bereiken, moeten we actie ondernemen. Deel het vaccin, niet het virus.<\/strong><\/p>\n\n\n\n<div class=\"wp-block-buttons is-layout-flex wp-block-buttons-is-layout-flex\">\n<div class=\"wp-block-button is-style-fill\"><a class=\"wp-block-button__link\" href=\"https:\/\/noprofitonpandemic.eu\/fr\" target=\"_blank\" rel=\"noreferrer noopener\"><strong><span class=\"has-inline-color has-white-color\">&gt; Onderteken het Europees burgerinitiatief<\/span><\/strong><\/a><\/div>\n<\/div>\n\n\n\n<p><strong>Viva Salud versterkt sociale bewegingen die vechten voor het recht op gezondheid. Deze strijd is meer dan ooit nodig over de hele wereld. Steun jij deze strijd?<\/strong><\/p>\n\n\n\n<div class=\"wp-block-buttons is-layout-flex wp-block-buttons-is-layout-flex\">\n<div class=\"wp-block-button\"><a class=\"wp-block-button__link\" href=\"https:\/\/actions.vivasalud.be\/6jj0hrdgdto0\" target=\"_blank\" rel=\"noreferrer noopener\"><strong><span class=\"has-inline-color has-white-color\">&gt; Ik doe een donatie<\/span><\/strong><\/a><\/div>\n<\/div>\n\n\n\n<hr class=\"wp-block-separator\"\/>\n\n\n\n<div style=\"height:36px\" aria-hidden=\"true\" class=\"wp-block-spacer\"><\/div>\n\n\n\n\n\n<hr class=\"wp-block-separator\"\/>\n\n\n\n<h2 class=\"wp-block-heading\">Doe mee<\/h2>\n\n\n\n<div style=\"height:16px\" aria-hidden=\"true\" class=\"wp-block-spacer\"><\/div>\n\n\n\n\n\n<hr class=\"wp-block-separator\"\/>\n\n\n\n<h2 class=\"wp-block-heading\">Bij onze partners<\/h2>\n\n\n\n<div style=\"height:24px\" aria-hidden=\"true\" class=\"wp-block-spacer\"><\/div>\n\n\n\n\n\n<hr class=\"wp-block-separator\"\/>\n\n\n\n<h2 class=\"wp-block-heading\">Analyse &amp; opiniestuk<\/h2>\n\n\n\n<div style=\"height:22px\" aria-hidden=\"true\" class=\"wp-block-spacer\"><\/div>\n\n\n\n\n\n<div style=\"height:15px\" aria-hidden=\"true\" class=\"wp-block-spacer\"><\/div>","protected":false},"excerpt":{"rendered":"<p>Niemand zal veilig zijn totdat we allemaal veilig zijn. Daarom is het van vitaal belang dat het vaccin voor iedereen toegankelijk is. En om dit te bereiken, moeten we actie ondernemen. Deel het vaccin, niet het virus.<\/p>","protected":false},"author":15,"featured_media":7081,"parent":2007,"menu_order":4,"comment_status":"closed","ping_status":"closed","template":"","meta":{"_acf_changed":false,"_seopress_robots_primary_cat":"","_seopress_titles_title":"","_seopress_titles_desc":"Personne ne sera en s\u00e9curit\u00e9 tant que nous ne sommes pas toutes et tous en s\u00e9curit\u00e9. C\u2019est pourquoi il est indispensable que le vaccin soit accessible \u00e0 tous et toutes. Et pour y parvenir, il faut agir. Partagez le vaccin, pas le virus.","_seopress_robots_index":"","footnotes":""},"class_list":["post-7080","page","type-page","status-publish","has-post-thumbnail","hentry"],"acf":[],"_links":{"self":[{"href":"https:\/\/www.vivasalud.be\/nl\/wp-json\/wp\/v2\/pages\/7080","targetHints":{"allow":["GET"]}}],"collection":[{"href":"https:\/\/www.vivasalud.be\/nl\/wp-json\/wp\/v2\/pages"}],"about":[{"href":"https:\/\/www.vivasalud.be\/nl\/wp-json\/wp\/v2\/types\/page"}],"author":[{"embeddable":true,"href":"https:\/\/www.vivasalud.be\/nl\/wp-json\/wp\/v2\/users\/15"}],"replies":[{"embeddable":true,"href":"https:\/\/www.vivasalud.be\/nl\/wp-json\/wp\/v2\/comments?post=7080"}],"version-history":[{"count":0,"href":"https:\/\/www.vivasalud.be\/nl\/wp-json\/wp\/v2\/pages\/7080\/revisions"}],"up":[{"embeddable":true,"href":"https:\/\/www.vivasalud.be\/nl\/wp-json\/wp\/v2\/pages\/2007"}],"wp:featuredmedia":[{"embeddable":true,"href":"https:\/\/www.vivasalud.be\/nl\/wp-json\/wp\/v2\/media\/7081"}],"wp:attachment":[{"href":"https:\/\/www.vivasalud.be\/nl\/wp-json\/wp\/v2\/media?parent=7080"}],"curies":[{"name":"wp","href":"https:\/\/api.w.org\/{rel}","templated":true}]}}