{"id":7716,"date":"2021-05-17T17:29:44","date_gmt":"2021-05-17T15:29:44","guid":{"rendered":"https:\/\/www.vivasalud.be\/?page_id=7716"},"modified":"2024-07-30T09:55:12","modified_gmt":"2024-07-30T07:55:12","slug":"devenez-benevole-a-manifiesta","status":"publish","type":"page","link":"https:\/\/www.vivasalud.be\/nl\/devenez-benevole-a-manifiesta\/","title":{"rendered":"Devenez b\u00e9n\u00e9vole \u00e0 ManiFiesta !"},"content":{"rendered":"<div style=\"height:37px\" aria-hidden=\"true\" class=\"wp-block-spacer\"><\/div>\n\n\n\n<h2 class=\"wp-block-heading\">Devenez b\u00e9n\u00e9vole \u00e0 ManiFiesta !<\/h2>\n\n\n\n<div style=\"height:37px\" aria-hidden=\"true\" class=\"wp-block-spacer\"><\/div>\n\n\n\n<p><strong>Nous recherchons des b\u00e9n\u00e9voles (pour quelques heures) pour installer et animer notre stand, soutenir la communication (r\u00e9seau sociaux, vid\u00e9o, interview..) mais aussi pour r\u00e9colter un maximum de gobelets sur l\u2019ensemble du site afin de soutenir le travail de nos partenaires !<\/strong><\/p>","protected":false},"excerpt":{"rendered":"<p>Envie d&rsquo;\u00eatre b\u00e9n\u00e9vole avec Viva Salud lors du festival ManiFiesta 2024 ? \u2060\u2060C&rsquo;est possible ! Le 7 et 8 septembre 2024, rejoins notre \u00e9quipe !<\/p>","protected":false},"author":15,"featured_media":17228,"parent":0,"menu_order":31,"comment_status":"closed","ping_status":"closed","template":"","meta":{"_acf_changed":false,"_seopress_robots_primary_cat":"","_seopress_titles_title":"","_seopress_titles_desc":"Envie d&#039;\u00eatre b\u00e9n\u00e9vole avec Viva Salud lors du festival ManiFiesta 2024 ? \u2060\u2060C&#039;est possible ! Le 7 et 8 septembre 2024, rejoins notre \u00e9quipe !","_seopress_robots_index":"","footnotes":""},"class_list":["post-7716","page","type-page","status-publish","has-post-thumbnail","hentry"],"acf":[],"_links":{"self":[{"href":"https:\/\/www.vivasalud.be\/nl\/wp-json\/wp\/v2\/pages\/7716","targetHints":{"allow":["GET"]}}],"collection":[{"href":"https:\/\/www.vivasalud.be\/nl\/wp-json\/wp\/v2\/pages"}],"about":[{"href":"https:\/\/www.vivasalud.be\/nl\/wp-json\/wp\/v2\/types\/page"}],"author":[{"embeddable":true,"href":"https:\/\/www.vivasalud.be\/nl\/wp-json\/wp\/v2\/users\/15"}],"replies":[{"embeddable":true,"href":"https:\/\/www.vivasalud.be\/nl\/wp-json\/wp\/v2\/comments?post=7716"}],"version-history":[{"count":0,"href":"https:\/\/www.vivasalud.be\/nl\/wp-json\/wp\/v2\/pages\/7716\/revisions"}],"wp:featuredmedia":[{"embeddable":true,"href":"https:\/\/www.vivasalud.be\/nl\/wp-json\/wp\/v2\/media\/17228"}],"wp:attachment":[{"href":"https:\/\/www.vivasalud.be\/nl\/wp-json\/wp\/v2\/media?parent=7716"}],"curies":[{"name":"wp","href":"https:\/\/api.w.org\/{rel}","templated":true}]}}